{"id":747,"date":"2025-02-01T19:39:15","date_gmt":"2025-02-01T19:39:15","guid":{"rendered":"https:\/\/lapaz.bo\/turismo\/?page_id=747"},"modified":"2025-09-24T21:09:53","modified_gmt":"2025-09-24T19:09:53","slug":"como-llegar","status":"publish","type":"page","link":"https:\/\/lapaz.bo\/turismo\/como-llegar\/","title":{"rendered":"como llegar a La Paz"},"content":{"rendered":"\t\t<div data-elementor-type=\"wp-post\" data-elementor-id=\"747\" class=\"elementor elementor-747\" data-elementor-settings=\"{&quot;ha_cmc_init_switcher&quot;:&quot;no&quot;}\">\n\t\t\t\t<div data-particle_enable=\"false\" data-particle-mobile-disabled=\"false\" class=\"elementor-element elementor-element-b848da9 e-flex e-con-boxed e-con e-parent\" data-id=\"b848da9\" data-element_type=\"container\" data-settings=\"{&quot;_ha_eqh_enable&quot;:false}\">\n\t\t\t\t\t<div class=\"e-con-inner\">\n\t\t\t\t<div class=\"elementor-element elementor-element-690ab61 elementor-widget elementor-widget-heading\" data-id=\"690ab61\" data-element_type=\"widget\" data-widget_type=\"heading.default\">\n\t\t\t\t\t<h2 class=\"elementor-heading-title elementor-size-default\">C\u00f3mo llegar a La Paz<\/h2>\t\t\t\t<\/div>\n\t\t\t\t<div class=\"elementor-element elementor-element-69531fe elementor-widget elementor-widget-text-editor\" data-id=\"69531fe\" data-element_type=\"widget\" data-widget_type=\"text-editor.default\">\n\t\t\t\t\t\t\t\t\t<p>La Paz es la principal ciudad de destino del turismo en Bolivia, por su ubicaci\u00f3n forma parte de un corredor de alto valor tur\u00edstico, integrando el corredor desde Macchu Pichu en Per\u00fa, la ciudad de La Paz y el Salar de Uyuni en Potos\u00ed, es posible llegar a La Paz en m\u00faltiples formas como ser avi\u00f3n, autobuses o flotas y coche.<\/p>\t\t\t\t\t\t\t\t<\/div>\n\t\t\t\t\t<\/div>\n\t\t\t\t<\/div>\n\t\t<div data-particle_enable=\"false\" data-particle-mobile-disabled=\"false\" class=\"elementor-element elementor-element-3ad3d87 e-flex e-con-boxed e-con e-parent\" data-id=\"3ad3d87\" data-element_type=\"container\" data-settings=\"{&quot;background_background&quot;:&quot;classic&quot;,&quot;_ha_eqh_enable&quot;:false}\">\n\t\t\t\t\t<div class=\"e-con-inner\">\n\t\t<div data-particle_enable=\"false\" data-particle-mobile-disabled=\"false\" class=\"elementor-element elementor-element-83b9c75 e-con-full e-flex e-con e-child\" data-id=\"83b9c75\" data-element_type=\"container\" data-settings=\"{&quot;_ha_eqh_enable&quot;:false}\">\n\t\t\t\t<div class=\"elementor-element elementor-element-a15b195 ha-has-bg-overlay elementor-widget elementor-widget-ucaddon_vertical_curve_timeline\" data-id=\"a15b195\" data-element_type=\"widget\" data-widget_type=\"ucaddon_vertical_curve_timeline.default\">\n\t\t\t\t<div class=\"elementor-widget-container\">\n\t\t\t\t\t\n<!-- start Vertical Curved Timeline -->\n\t\t<link id='font-awesome-css' href='https:\/\/lapaz.bo\/turismo\/wp-content\/plugins\/unlimited-elements-for-elementor-premium\/assets_libraries\/font-awesome6\/fontawesome-all.min.css' type='text\/css' rel='stylesheet' >\n\t\t<link id='font-awesome-4-shim-css' href='https:\/\/lapaz.bo\/turismo\/wp-content\/plugins\/unlimited-elements-for-elementor-premium\/assets_libraries\/font-awesome6\/fontawesome-v4-shims.min.css' type='text\/css' rel='stylesheet' >\n\n<style>\/* widget: Vertical Curved Timeline *\/\n\n#uc_vertical_curve_timeline_elementor_a15b195.ue-container{\n  width: 100%;\n  display: flex;\n  align-items: center;\n}\n\n\/* Timeline Container *\/\n\n#uc_vertical_curve_timeline_elementor_a15b195 .ue-timeline {\n  width:100%;\n  margin: 0 auto;\n  padding: 0 20px;\n}\n\n#uc_vertical_curve_timeline_elementor_a15b195 .ue-item-image{\n  overflow:hidden;\n}\n\n#uc_vertical_curve_timeline_elementor_a15b195 .ue-item-image img{\n  width:100%;\n  height: 100%;\n  transition:0.3s;\n}\n\n\/* Card container *\/\n#uc_vertical_curve_timeline_elementor_a15b195 .ue-card {\n  position: relative;\n  display: flex;\n}\n\n#uc_vertical_curve_timeline_elementor_a15b195 .ue-slno{\n  border-radius: 50%;\n  position: absolute;\n  top: 50%;\n  left: 0;\n  transform: translate(-50%, -50%);\n  display: grid;\n  place-content: center;\n}\n\n\/* setting padding based on even or odd *\/\n  #uc_vertical_curve_timeline_elementor_a15b195 .ue-card:nth-child(odd) {\n    padding: 30px 0 30px 30px;\n  }\n  #uc_vertical_curve_timeline_elementor_a15b195 .ue-card:nth-child(even) {\n    padding: 30px 30px 30px 0;\n  }\n  \/* Global ::before *\/\n  #uc_vertical_curve_timeline_elementor_a15b195 .ue-card::before {\n    content: \"\";\n    position: absolute;\n    width: 50%;\n  }\n\n  \/* Setting the border of top, bottom, left *\/\n  #uc_vertical_curve_timeline_elementor_a15b195 .ue-card:nth-child(odd)::before {\n    left: 0px;\n    top: -5px;\n    bottom: -5px;\n    border-width: 5px 0 5px 5px;\n    border-radius: 20px 0 0 20px;\n  }\n\n  \/* Setting the top and bottom to \"-5px\" because earlier it was out of a pixel in mobile devices *\/\n  @media only screen and (max-width: 400px) {\n    #uc_vertical_curve_timeline_elementor_a15b195 .ue-card:nth-child(odd)::before {\n      top: -5px;\n      bottom: -5px;\n    }\n  }\n\n  \/* Setting the border of top, bottom, right *\/\n  #uc_vertical_curve_timeline_elementor_a15b195 .ue-card:nth-child(even)::before {\n    right: 0;\n    top: 0;\n    bottom: 0;\n    border-width: 5px 5px 5px 0;\n    border-radius: 0 20px 20px 0;\n  }\n\n  \/* Removing the border if it is the first card *\/\n  #uc_vertical_curve_timeline_elementor_a15b195 .ue-card:first-child::before {\n    border-top: 0;\n    border-top-left-radius: 0;\n  }\n\n  \/* Removing the border if it is the last card  and it's odd *\/\n  #uc_vertical_curve_timeline_elementor_a15b195 .ue-card:last-child:nth-child(odd)::before {\n    border-bottom: 0;\n    border-bottom-left-radius: 0;\n  }\n\n  \/* Removing the border if it is the last card  and it's even *\/\n  #uc_vertical_curve_timeline_elementor_a15b195 .ue-card:last-child:nth-child(even)::before {\n    border-bottom: 0;\n    border-bottom-right-radius: 0;\n  }\n\n  \/* Information about the timeline *\/\n  #uc_vertical_curve_timeline_elementor_a15b195 .ue-info {\n    display: flex;\n    border-radius: 10px;\n    padding: 10px;\n    width: 100%;\n  }\n\n  \/* Title of the card *\/\n  #uc_vertical_curve_timeline_elementor_a15b195 .ue-title {\n    position: relative;\n  }\n\n  \/* Timeline dot  *\/\n\n  \/* text right if the card is even  *\/\n  #uc_vertical_curve_timeline_elementor_a15b195 .ue-card:nth-child(even) {\n    text-align: right;\n  }\n\n  #uc_vertical_curve_timeline_elementor_a15b195 .ue-card:nth-child(even) .ue-item-image{\n    margin-left: auto;\n  }\n\n  #uc_vertical_curve_timeline_elementor_a15b195 .ue-card:nth-child(even) .ue-info{\n    padding-right: 20px;\n    margin-left: auto;\n  }\n\n  #uc_vertical_curve_timeline_elementor_a15b195 .ue-card:nth-child(odd) .ue-info{\n    padding-left: 20px;\n  }\n\n  \/* setting dot to the left if the card is odd *\/\n  #uc_vertical_curve_timeline_elementor_a15b195 .ue-card:nth-child(odd) > .ue-info > .ue-title::before {\n    left: -45px;\n  }\n\n  #uc_vertical_curve_timeline_elementor_a15b195 .ue-card:nth-child(even) > .ue-slno{\n    right: 0%;\n    left: auto;\n    transform: translate(50%, -50%);\n    margin-right:calc(5px\/2);\n  }\n\n  #uc_vertical_curve_timeline_elementor_a15b195 .ue-card:nth-child(odd) > .ue-slno{\n    margin-left:calc(5px\/2);;\n  }\n\n  #uc_vertical_curve_timeline_elementor_a15b195 .ue-card:nth-child(1)::before{\n    height: 50%;\n    top: auto;\n  }\n\n  #uc_vertical_curve_timeline_elementor_a15b195 .ue-card:last-child::before{\n    height: 50%;\n  }\n\n  #uc_vertical_curve_timeline_elementor_a15b195 .ue-button-link{\n    width:fit-content;\n    z-index: 100;\n  }\n\n  #uc_vertical_curve_timeline_elementor_a15b195 .ue-card:nth-child(even) .ue-button-link {\n    margin-left:auto;\n  }\n\n\n\n<\/style>\n\n<div id=\"uc_vertical_curve_timeline_elementor_a15b195\" class=\"ue-container\">\n  <div class=\"ue-timeline\">\n    <div class=\"ue-outer\">              \n      <div class=\"ue-card elementor-repeater-item-83d50a2\">\n  \n  <div class=\"ue-slno\">\n            <i class='fas fa-plane'><\/i>  \n  <\/div>\n  \n  <div class=\"ue-info\">\n                    \t\n    <div class=\"ue-item-wrap\">\n      <h3 class=\"ue-title\">La Paz por avi\u00f3n<\/h3>      <p class=\"ue-subtitle\"><\/p>      <div class=\"ue-description\"><p>Desde Latinoam\u00e9rica se encuentran vuelos directos desde las principales ciudades como Buenos Aires, Bogot\u00e1, Cuzco, Lima, Santiago, Sao Paulo, a esto se suma el acceso directo del aeropuerto de Miami (USA).<\/p><p>Para llegar a La Paz, por a\u00edre tenemos el servicio de las siguientes compa\u00f1\u00edas a\u00e9reas:<\/p><\/div>                        <\/div>\n  <\/div>\n<\/div>\n<div class=\"ue-card elementor-repeater-item-7b3d0f3\">\n  \n  <div class=\"ue-slno\">\n            <i class='fas fa-bus-alt'><\/i>  \n  <\/div>\n  \n  <div class=\"ue-info\">\n                    \t\n    <div class=\"ue-item-wrap\">\n      <h3 class=\"ue-title\">La Paz por flota o bus:<\/h3>      <p class=\"ue-subtitle\"><\/p>      <div class=\"ue-description\"><p style=\"text-align: left;\">Una forma regular de llegada a La Paz, tambi\u00e9n son los buses o flotas, las principales ciudades conectadas hacia La Paz por tierra son:<\/p><ul><li style=\"text-align: left;\">Santiago de Chile \u2013 La Paz: 2452.3 Km \u2013 30 Horas de viaje<\/li><li style=\"text-align: left;\">Arica \u2013 La Paz: 450 Km \u2013 7 Horas de viaje<\/li><li style=\"text-align: left;\">Iquique \u2013 La Paz: 695.3 Km \u2013 10 Horas 4 min de viaje.<\/li><li style=\"text-align: left;\">Lima \u2013 La Paz: 3 Km \u2013 20 h Horas 34 min de viaje<\/li><li style=\"text-align: left;\">Cuzco \u2013 La Paz: 643.2 Km \u2013 9 Horas 30 min. De viaje<\/li><li style=\"text-align: left;\">Sao Pablo\u2013 La Paz: 2925.4 Km \u2013 40 Horas de viaje<\/li><li style=\"text-align: left;\">Brasilia \u2013 La Paz: 2981 Km \u2013 42 Horas de viaje<\/li><li style=\"text-align: left;\">Buenos Aires \u2013 La Paz: 2713.1 Km \u2013 31 Horas 32 min de viaje<\/li><li style=\"text-align: left;\">Rosario \u2013 La Paz: 2421.2 Km \u2013 28 Horas 51 min de viaje<\/li><li style=\"text-align: left;\">Asunci\u00f3n \u2013 La Paz: 1979.1 Km \u2013 27 Horas 52 min de viaje.<\/li><\/ul><\/div>                        <\/div>\n  <\/div>\n<\/div>\n<div class=\"ue-card elementor-repeater-item-b8cb348\">\n  \n  <div class=\"ue-slno\">\n            <i class='fas fa-car'><\/i>  \n  <\/div>\n  \n  <div class=\"ue-info\">\n                    \t\n    <div class=\"ue-item-wrap\">\n      <h3 class=\"ue-title\">La Paz por coche<\/h3>      <p class=\"ue-subtitle\"><\/p>      <div class=\"ue-description\"><p>La Paz se conecta con sus ciudades internacionales de la siguiente forma:<\/p><p>Los requisitos que un veh\u00edculo particular ingrese a La Paz son:<\/p><ol><li>Documento de salida del pa\u00eds de ultima procedencia.<\/li><li>Libreta Andina de Paso por Aduana (cuando corresponda).<\/li><li>Libreta Internacional de Paso por Aduana (Cuando Corresponda).<\/li><li>Formulario de salida y Admisi\u00f3n Temporal de Veh\u00edculos Tur\u00edsticos, de Acuerdos que Bolivia haya suscrito con pa\u00edses vecinos (Para casos en la Frontera con Argentina, solo se debe llenar 1 formulario que ser\u00e1 intervenido por ambas aduanas).<\/li><li>Pasaporte con visa de turistas u otro documento otorgado por la Direcci\u00f3n General de Migraci\u00f3n. Para el caso de turistas argentinos DNI.<\/li><li>Documento de propiedad del veh\u00edculo tur\u00edstico. Para el caso de turistas argentinos cedula verde.<\/li><li>Cuando el conductor sea un autorizado, adem\u00e1s adjuntara la autorizaci\u00f3n, se podr\u00e1 presentar la cedula azul.<\/li><\/ol><\/div>                        <\/div>\n  <\/div>\n<\/div>\n<div class=\"ue-card elementor-repeater-item-507c5f2\">\n  \n  <div class=\"ue-slno\">\n            <i class='fas fa-shoe-prints'><\/i>  \n  <\/div>\n  \n  <div class=\"ue-info\">\n                    \t\n    <div class=\"ue-item-wrap\">\n      <h3 class=\"ue-title\">Pasos a seguir para el llenado del formulario SIVETUR<\/h3>      <p class=\"ue-subtitle\"><\/p>      <div class=\"ue-description\"><p style=\"text-align: left;\">Para facilitar su ingreso o salida de Bolivia en un veh\u00edculo de uso privado, particular, con fines tur\u00edsticos, la Aduana Nacional requerir\u00e1 en todas las administraciones de frontera el Formulario SIVETUR, se realizara mediante el sistema inform\u00e1tico de la Aduana Nacional de la siguiente manera:<\/p><ol style=\"text-align: left;\"><li>Ingrese al sitio web <a href=\"http:\/\/anbsw01.aduana.gob.bo:7601\/sivetur\/Parametro.jsp\">http:\/\/anbsw01.aduana.gob.bo:7601\/sivetur\/Parametro.jsp<\/a><\/li><li>Llene el formulario que corresponda de acuerdo a:<ul><li>Formulario 249\/A: Para veh\u00edculos tur\u00edsticos de uso privado que ingrese o salgan de Brasil, Paraguay o Per\u00fa.<\/li><li>Formulario 249\/B: Para veh\u00edculos tur\u00edsticos de uso oficial que ingrese o salgan de Brasil, Paraguay o Per\u00fa.<\/li><li>Formulario Acuerdo Bolivia-Argentino: Para veh\u00edculos tur\u00edsticos que ingresen o salgan por las fronteras de Bolivia con Argentina (Yacuiba, Bermejo y Villaz\u00f3n).<\/li><li>Formulario Acuerdo Boliviano-Chileno; para veh\u00edculos tur\u00edsticos que ingresen o salgan por las fronteras de Bolivia con Chile.<\/li><\/ul><\/li><li>Una vez revisados los datos seleccione la opci\u00f3n de grabar.<\/li><li>El sistema le asignar\u00e1 un n\u00famero de tr\u00e1mite, puede anotarlo y\/o imprimir un ejemplar del formulario generado.<\/li><li>Una vez que arribe a la frontera, deber\u00e1 cumplir con las formalidades ante la Direcci\u00f3n Nacional de Migraci\u00f3n.<\/li><li>Posteriormente deber\u00e1 apersonarse ante la aduana de frontera y proporcionar el n\u00famero de tr\u00e1mite del formulario asignado por el sistema inform\u00e1tico o presentar el ejemplar impreso del mismo, adjuntando el documento de identidad del conductor, documento de propiedad del veh\u00edculo, cuando el conductor se trate de un autorizado, adem\u00e1s adjuntar la autorizaci\u00f3n expresa del propietario del veh\u00edculo tur\u00edstico.<\/li><li>Cumplidas las formalidades, la administraci\u00f3n de aduana autorizara el ingreso o salida del veh\u00edculo tur\u00edstico seg\u00fan corresponda.<\/li><\/ol><p style=\"text-align: left;\">Plazo: 6 meses m\u00e1ximo, con prorroga a otros plazo igual. La permanencia depende de la visa del turista.<\/p><p style=\"text-align: left;\">Una vez realizado este tr\u00e1mite, con solo la presentaci\u00f3n de documentos de respaldo puede circular con total normalidad dentro de la jurisdicci\u00f3n del Municipio de La Paz.<\/p><p style=\"text-align: left;\"><a href=\"http:\/\/www.aduana.gob.bo\/aduana7\/content\/ingresar-territorio-bolviano-en-veh%C3%ADculo-particular\">http:\/\/www.aduana.gob.bo\/aduana7\/content\/ingresar-territorio-bolviano-en-veh%C3%ADculo-particular<\/a><\/p><p style=\"text-align: left;\">Los precios de <strong>parqueo<\/strong> en la ciudad oscilan entre 8 a 12 bolivianos (bs) la hora.<\/p><\/div>                        <\/div>\n  <\/div>\n<\/div>\n<div class=\"ue-card elementor-repeater-item-d928f9f\">\n  \n  <div class=\"ue-slno\">\n            <i class='far fa-credit-card'><\/i>  \n  <\/div>\n  \n  <div class=\"ue-info\">\n                    \t\n    <div class=\"ue-item-wrap\">\n      <h3 class=\"ue-title\">Restricci\u00f3n de placas<\/h3>      <p class=\"ue-subtitle\"><\/p>      <div class=\"ue-description\"><p>La ciudad ha crecido en su tr\u00e1fico vehicular, por ello es importante tener cuidado con la terminaci\u00f3n de tu placa, es posible que no te permitan ingresar con tu veh\u00edculo al centro de la ciudad, esta tabla, explica que si la terminaci\u00f3n de tu placa en estos n\u00fameros, el auto no podr\u00e1 ingresar en los siguientes d\u00edas:<\/p><table><tbody><tr><td width=\"123\"><p><strong>D\u00eda<\/strong><\/p><\/td><td width=\"161\"><p><strong>Terminaci\u00f3n de Placa<\/strong><\/p><\/td><\/tr><tr><td width=\"123\"><p>Lunes<\/p><\/td><td width=\"161\"><p>1-2<\/p><\/td><\/tr><tr><td width=\"123\"><p>Martes<\/p><\/td><td width=\"161\"><p>3-4<\/p><\/td><\/tr><tr><td width=\"123\"><p>Mi\u00e9rcoles<\/p><\/td><td width=\"161\"><p>5-6<\/p><\/td><\/tr><tr><td width=\"123\"><p>Jueves<\/p><\/td><td width=\"161\"><p>7-8<\/p><\/td><\/tr><tr><td width=\"123\"><p>Viernes<\/p><\/td><td width=\"161\"><p>0-9<\/p><\/td><\/tr><tr><td width=\"123\"><p>S\u00e1bado y Domingo<\/p><\/td><td width=\"161\"><p>Libre circulaci\u00f3n<\/p><\/td><\/tr><\/tbody><\/table><p>De cualquier forma, es aconsejable no ingresar al centro de la ciudad en autom\u00f3vil en horarios pico.<\/p><\/div>                        <\/div>\n  <\/div>\n<\/div>\n\n    <\/div>\n  <\/div>\n<\/div>\n<!-- end Vertical Curved Timeline -->\t\t\t\t<\/div>\n\t\t\t\t<\/div>\n\t\t\t\t<\/div>\n\t\t\t\t\t<\/div>\n\t\t\t\t<\/div>\n\t\t\t\t<\/div>\n\t\t","protected":false},"excerpt":{"rendered":"<p>C\u00f3mo llegar a La Paz La Paz es la principal ciudad de destino del turismo en Bolivia, por su ubicaci\u00f3n forma parte de un corredor de alto valor tur\u00edstico, integrando el corredor desde Macchu Pichu en Per\u00fa, la ciudad de La Paz y el Salar de Uyuni en Potos\u00ed, es posible llegar a La Paz [&hellip;]<\/p>\n","protected":false},"author":1,"featured_media":673,"parent":0,"menu_order":0,"comment_status":"closed","ping_status":"closed","template":"","meta":{"site-sidebar-layout":"no-sidebar","site-content-layout":"page-builder","ast-site-content-layout":"full-width-container","site-content-style":"default","site-sidebar-style":"default","ast-global-header-display":"","ast-banner-title-visibility":"","ast-main-header-display":"","ast-hfb-above-header-display":"","ast-hfb-below-header-display":"","ast-hfb-mobile-header-display":"","site-post-title":"disabled","ast-breadcrumbs-content":"","ast-featured-img":"disabled","footer-sml-layout":"","ast-disable-related-posts":"","theme-transparent-header-meta":"","adv-header-id-meta":"","stick-header-meta":"","header-above-stick-meta":"","header-main-stick-meta":"","header-below-stick-meta":"","astra-migrate-meta-layouts":"set","ast-page-background-enabled":"default","ast-page-background-meta":{"desktop":{"background-color":"var(--ast-global-color-4)","background-image":"","background-repeat":"repeat","background-position":"center center","background-size":"auto","background-attachment":"scroll","background-type":"","background-media":"","overlay-type":"","overlay-color":"","overlay-opacity":"","overlay-gradient":""},"tablet":{"background-color":"","background-image":"","background-repeat":"repeat","background-position":"center center","background-size":"auto","background-attachment":"scroll","background-type":"","background-media":"","overlay-type":"","overlay-color":"","overlay-opacity":"","overlay-gradient":""},"mobile":{"background-color":"","background-image":"","background-repeat":"repeat","background-position":"center center","background-size":"auto","background-attachment":"scroll","background-type":"","background-media":"","overlay-type":"","overlay-color":"","overlay-opacity":"","overlay-gradient":""}},"ast-content-background-meta":{"desktop":{"background-color":"var(--ast-global-color-5)","background-image":"","background-repeat":"repeat","background-position":"center center","background-size":"auto","background-attachment":"scroll","background-type":"","background-media":"","overlay-type":"","overlay-color":"","overlay-opacity":"","overlay-gradient":""},"tablet":{"background-color":"var(--ast-global-color-5)","background-image":"","background-repeat":"repeat","background-position":"center center","background-size":"auto","background-attachment":"scroll","background-type":"","background-media":"","overlay-type":"","overlay-color":"","overlay-opacity":"","overlay-gradient":""},"mobile":{"background-color":"var(--ast-global-color-5)","background-image":"","background-repeat":"repeat","background-position":"center center","background-size":"auto","background-attachment":"scroll","background-type":"","background-media":"","overlay-type":"","overlay-color":"","overlay-opacity":"","overlay-gradient":""}},"footnotes":""},"class_list":["post-747","page","type-page","status-publish","has-post-thumbnail","hentry"],"_links":{"self":[{"href":"https:\/\/lapaz.bo\/turismo\/wp-json\/wp\/v2\/pages\/747","targetHints":{"allow":["GET"]}}],"collection":[{"href":"https:\/\/lapaz.bo\/turismo\/wp-json\/wp\/v2\/pages"}],"about":[{"href":"https:\/\/lapaz.bo\/turismo\/wp-json\/wp\/v2\/types\/page"}],"author":[{"embeddable":true,"href":"https:\/\/lapaz.bo\/turismo\/wp-json\/wp\/v2\/users\/1"}],"replies":[{"embeddable":true,"href":"https:\/\/lapaz.bo\/turismo\/wp-json\/wp\/v2\/comments?post=747"}],"version-history":[{"count":6,"href":"https:\/\/lapaz.bo\/turismo\/wp-json\/wp\/v2\/pages\/747\/revisions"}],"predecessor-version":[{"id":754,"href":"https:\/\/lapaz.bo\/turismo\/wp-json\/wp\/v2\/pages\/747\/revisions\/754"}],"wp:featuredmedia":[{"embeddable":true,"href":"https:\/\/lapaz.bo\/turismo\/wp-json\/wp\/v2\/media\/673"}],"wp:attachment":[{"href":"https:\/\/lapaz.bo\/turismo\/wp-json\/wp\/v2\/media?parent=747"}],"curies":[{"name":"wp","href":"https:\/\/api.w.org\/{rel}","templated":true}]}}