{"id":654,"date":"2024-05-07T03:16:34","date_gmt":"2024-05-07T03:16:34","guid":{"rendered":"https:\/\/lapaz.bo\/turismo\/?page_id=654"},"modified":"2025-09-24T18:09:06","modified_gmt":"2025-09-24T16:09:06","slug":"pisos-ecologicos","status":"publish","type":"page","link":"https:\/\/lapaz.bo\/turismo\/pisos-ecologicos\/","title":{"rendered":"Pisos Ecol\u00f3gicos"},"content":{"rendered":"\t\t<div data-elementor-type=\"wp-post\" data-elementor-id=\"654\" class=\"elementor elementor-654\" data-elementor-settings=\"{&quot;ha_cmc_init_switcher&quot;:&quot;no&quot;}\">\n\t\t\t\t<div data-particle_enable=\"false\" data-particle-mobile-disabled=\"false\" class=\"elementor-element elementor-element-892de2d e-flex e-con-boxed e-con e-parent\" data-id=\"892de2d\" data-element_type=\"container\" data-settings=\"{&quot;background_background&quot;:&quot;classic&quot;,&quot;_ha_eqh_enable&quot;:false}\">\n\t\t\t\t\t<div class=\"e-con-inner\">\n\t\t<div data-particle_enable=\"false\" data-particle-mobile-disabled=\"false\" class=\"elementor-element elementor-element-9e4c825 e-flex e-con-boxed e-con e-child\" data-id=\"9e4c825\" data-element_type=\"container\" data-settings=\"{&quot;_ha_eqh_enable&quot;:false}\">\n\t\t\t\t\t<div class=\"e-con-inner\">\n\t\t<div data-particle_enable=\"false\" data-particle-mobile-disabled=\"false\" class=\"elementor-element elementor-element-08041fa e-con-full e-flex e-con e-child\" data-id=\"08041fa\" data-element_type=\"container\" data-settings=\"{&quot;_ha_eqh_enable&quot;:false}\">\n\t\t\t\t<div class=\"elementor-element elementor-element-57ef6f0 elementor-widget elementor-widget-heading\" data-id=\"57ef6f0\" data-element_type=\"widget\" data-widget_type=\"heading.default\">\n\t\t\t\t\t<h2 class=\"elementor-heading-title elementor-size-default\">Descubre los Pisos Ecol\u00f3gicos del Municipio de La Paz<\/h2>\t\t\t\t<\/div>\n\t\t\t\t<div class=\"elementor-element elementor-element-aea5383 elementor-widget elementor-widget-text-editor\" data-id=\"aea5383\" data-element_type=\"widget\" data-widget_type=\"text-editor.default\">\n\t\t\t\t\t\t\t\t\t<p>El municipio de La Paz no solo es famoso por ser la ciudad m\u00e1s alta del mundo, sino tambi\u00e9n por su incre\u00edble diversidad de paisajes, climas y ecosistemas, resultado de la altitud que var\u00eda desde los 1.000 metros en los valles yungue\u00f1os hasta m\u00e1s de 6.000 metros en los nevados de la Cordillera Real. Estos cambios de altura crean diferentes pisos ecol\u00f3gicos, cada uno con su propio encanto. Conocerlos te permitir\u00e1 planificar mejor tus aventuras y experiencias tur\u00edsticas.<\/p>\t\t\t\t\t\t\t\t<\/div>\n\t\t\t\t<div class=\"elementor-element elementor-element-d2498fa elementor-widget elementor-widget-ucaddon_uc_icon_accordion\" data-id=\"d2498fa\" data-element_type=\"widget\" data-widget_type=\"ucaddon_uc_icon_accordion.default\">\n\t\t\t\t<div class=\"elementor-widget-container\">\n\t\t\t\t\t\n<!-- start Icon Accordion -->\n\t\t<link id='font-awesome-css' href='https:\/\/lapaz.bo\/turismo\/wp-content\/plugins\/unlimited-elements-for-elementor-premium\/assets_libraries\/font-awesome6\/fontawesome-all.min.css' type='text\/css' rel='stylesheet' >\n\t\t<link id='font-awesome-4-shim-css' href='https:\/\/lapaz.bo\/turismo\/wp-content\/plugins\/unlimited-elements-for-elementor-premium\/assets_libraries\/font-awesome6\/fontawesome-v4-shims.min.css' type='text\/css' rel='stylesheet' >\n\n<style>\/* widget: Icon Accordion *\/\n\n#uc_uc_icon_accordion_elementor_d2498fa *{\n\tbox-sizing: border-box;\n}\n\n#uc_uc_icon_accordion_elementor_d2498fa .uc_container .uc-heading{\n\tcursor:pointer;\n    display:flex;\n    align-items:center;\n    transition:0.3s;\n}\n\n#uc_uc_icon_accordion_elementor_d2498fa .uc_container .uc-heading span.bbb{\n\tdisplay:block;\t  \n}\n\n#uc_uc_icon_accordion_elementor_d2498fa .uc_ac_box.uc-item-active span.uc_dactive{\n\tdisplay:none;\n}\n\n#uc_uc_icon_accordion_elementor_d2498fa .uc_ac_box:not(.uc-item-active) span.uc_active{\n\tdisplay:none;\n}\n\n#uc_uc_icon_accordion_elementor_d2498fa .ue_icon_holder,\n#uc_uc_icon_accordion_elementor_d2498fa .ue_icon_spacing{\n  flex-grow:0;\n  flex-shrink:0; \n}\n\n#uc_uc_icon_accordion_elementor_d2498fa .uc_content{\n\tdisplay: none;\n}\n\n#uc_uc_icon_accordion_elementor_d2498fa .ue_icon{\n  display:flex;\n  justify-content:center;\n  align-items:center;\n  line-height:1em;\n  transition:0.3s;\n}\n\n#uc_uc_icon_accordion_elementor_d2498fa .ue_icon svg{\n  height:1em;\n  width:1em;\n}\n\n#uc_uc_icon_accordion_elementor_d2498fa .ue_expand_inside{\n  display:flex;\n  justify-content:center;\n  align-items:center;\n  line-height:1em;\n}\n\n#uc_uc_icon_accordion_elementor_d2498fa .ue_expand_inside svg{\n  height:1em;\n  width:1em;\n}\n\n#uc_uc_icon_accordion_elementor_d2498fa .ue_expand,\n#uc_uc_icon_accordion_elementor_d2498fa .ue_expand_spacing{\n  flex-grow:0;\n  flex-shrink:0;\n}\n\n#uc_uc_icon_accordion_elementor_d2498fa .ue_title{\n  flex-grow:1;\n}\n\n#uc_uc_icon_accordion_elementor_d2498fa .uc_ac_box:last-child{\n  margin-bottom:0px;\n}\n\n#uc_uc_icon_accordion_elementor_d2498fa .uc_ac_box{\n  overflow:hidden;\n}\n#uc_uc_icon_accordion_elementor_d2498fa_item1 .ue_icon{\n  background-color:;\n}\n\n#uc_uc_icon_accordion_elementor_d2498fa_item1 .uc-heading{\n  background-color:;\n}\n#uc_uc_icon_accordion_elementor_d2498fa_item2 .ue_icon{\n  background-color:;\n}\n\n#uc_uc_icon_accordion_elementor_d2498fa_item2 .uc-heading{\n  background-color:;\n}\n#uc_uc_icon_accordion_elementor_d2498fa_item3 .ue_icon{\n  background-color:;\n}\n\n#uc_uc_icon_accordion_elementor_d2498fa_item3 .uc-heading{\n  background-color:;\n}\n#uc_uc_icon_accordion_elementor_d2498fa_item4 .ue_icon{\n  background-color:;\n}\n\n#uc_uc_icon_accordion_elementor_d2498fa_item4 .uc-heading{\n  background-color:;\n}\n#uc_uc_icon_accordion_elementor_d2498fa_item5 .ue_icon{\n  background-color:;\n}\n\n#uc_uc_icon_accordion_elementor_d2498fa_item5 .uc-heading{\n  background-color:;\n}\n\n\n<\/style>\n\n<div class=\"uc_material_accordion \" id=\"uc_uc_icon_accordion_elementor_d2498fa\" data-name=\"\" data-closeothers=\"true\" >\n  <div class=\"uc_container\">\n    \n\t\t\n<div id=\"uc_uc_icon_accordion_elementor_d2498fa_item1\" class=\"uc_ac_box uc-item-active elementor-repeater-item-ec239f2\">\n  <div class=\"uc-heading uc_trigger\" role=\"button\" aria-controls=\"uc_uc_icon_accordion_elementor_d2498fa_item1-content\" tabindex=\"0\" aria-expanded=\"true\">\n    \n          <div class=\"ue_icon_holder\">\n        <div class=\"ue_icon\"><i class=''><\/i><\/div>\n      <\/div>\n      <div class=\"ue_icon_spacing\"><\/div>\n        \n    <div id=\"uc_uc_icon_accordion_elementor_d2498fa_item1-title\" class=\"ue_title\">1. Alta Monta\u00f1a o Glaciar (m\u00e1s de 4.500 m s.n.m.)<\/div>    \n    \n          <div class=\"ue_expand_spacing\"><\/div>\n      <div class=\"ue_expand\">\n        <div class=\"ue_expand_inside\">\n          <span class=\"uc_dactive bbb ue_accordion_icon\" ><i class='fas fa-angle-down'><\/i><\/span>\n          <span class=\"uc_active bbb ue_accordion_icon\"><i class='fas fa-angle-up'><\/i><\/span>\n        <\/div>\n      <\/div>\n        \n  <\/div>\n  \n  <div id=\"uc_uc_icon_accordion_elementor_d2498fa_item1-content\" class=\"uc_content\" role=\"region\" aria-labelledby=\"uc_uc_icon_accordion_elementor_d2498fa_item1-title\" style='display:block'>\n          <p>Lo que ver\u00e1s:<\/p><ul><li>Nevados emblem\u00e1ticos como el Illimani y el Mururata.<\/li><li>Glaciares, picos rocosos y paisajes de altura \u00fanicos.<\/li><\/ul><p>Flora y fauna:<\/p><ul><li>Musgos, l\u00edquenes y plantas adaptadas al fr\u00edo extremo.<\/li><li>Animales adaptados a la altura: vizcachas, c\u00f3ndores andinos, vicu\u00f1as.<\/li><\/ul><p>Experiencias tur\u00edsticas:<\/p><ul><li>Trekking y monta\u00f1ismo en la Cordillera Real.<\/li><li>Fotograf\u00eda de paisajes impresionantes y nevados.<\/li><li>Observaci\u00f3n de la fauna altoandina.<\/li><\/ul><p>Consejos:<\/p><ul><li>Llevar ropa t\u00e9rmica y protecci\u00f3n solar.<\/li><li>Altitud elevada: subir despacio y mantenerse hidratado.<\/li><\/ul>\n     \n    \n     \n    \n  <\/div>\n<\/div>\n\n\n<div id=\"uc_uc_icon_accordion_elementor_d2498fa_item2\" class=\"uc_ac_box  elementor-repeater-item-c41f201\">\n  <div class=\"uc-heading uc_trigger\" role=\"button\" aria-controls=\"uc_uc_icon_accordion_elementor_d2498fa_item2-content\" tabindex=\"0\" aria-expanded=\"false\">\n    \n          <div class=\"ue_icon_holder\">\n        <div class=\"ue_icon\"><i class=''><\/i><\/div>\n      <\/div>\n      <div class=\"ue_icon_spacing\"><\/div>\n        \n    <div id=\"uc_uc_icon_accordion_elementor_d2498fa_item2-title\" class=\"ue_title\">2. Puna y Altiplano (3.800 \u2013 4.500 m s.n.m.)<\/div>    \n    \n          <div class=\"ue_expand_spacing\"><\/div>\n      <div class=\"ue_expand\">\n        <div class=\"ue_expand_inside\">\n          <span class=\"uc_dactive bbb ue_accordion_icon\" ><i class='fas fa-angle-down'><\/i><\/span>\n          <span class=\"uc_active bbb ue_accordion_icon\"><i class='fas fa-angle-up'><\/i><\/span>\n        <\/div>\n      <\/div>\n        \n  <\/div>\n  \n  <div id=\"uc_uc_icon_accordion_elementor_d2498fa_item2-content\" class=\"uc_content\" role=\"region\" aria-labelledby=\"uc_uc_icon_accordion_elementor_d2498fa_item2-title\" >\n          <p>Lo que ver\u00e1s:<\/p><ul><li>Lagunas altoandinas y pastizales extensos.<\/li><li>Bofedales, humedales esenciales para la vida de cam\u00e9lidos.<\/li><\/ul><p>Flora y fauna:<\/p><ul><li>Pastos de ichu, pajonales y bofedales.<\/li><li>Llamas, alpacas, vicu\u00f1as, aves como el pato juarjual.<\/li><\/ul><p>Experiencias tur\u00edsticas:<\/p><ul><li>Recorridos por comunidades que practican la ganader\u00eda ancestral.<\/li><li>Paseos para ver lagunas y miradores naturales.<\/li><\/ul><p>Consejos:<\/p><ul><li>Calzado c\u00f3modo para caminar en terreno irregular.<\/li><li>Ropa de abrigo: las temperaturas bajan dr\u00e1sticamente en la noche.<\/li><\/ul>\n     \n    \n     \n    \n  <\/div>\n<\/div>\n\n\n<div id=\"uc_uc_icon_accordion_elementor_d2498fa_item3\" class=\"uc_ac_box  elementor-repeater-item-d1139a0\">\n  <div class=\"uc-heading uc_trigger\" role=\"button\" aria-controls=\"uc_uc_icon_accordion_elementor_d2498fa_item3-content\" tabindex=\"0\" aria-expanded=\"false\">\n    \n          <div class=\"ue_icon_holder\">\n        <div class=\"ue_icon\"><i class=''><\/i><\/div>\n      <\/div>\n      <div class=\"ue_icon_spacing\"><\/div>\n        \n    <div id=\"uc_uc_icon_accordion_elementor_d2498fa_item3-title\" class=\"ue_title\">3. Valle Interandino (2.500 \u2013 3.800 m s.n.m.)<\/div>    \n    \n          <div class=\"ue_expand_spacing\"><\/div>\n      <div class=\"ue_expand\">\n        <div class=\"ue_expand_inside\">\n          <span class=\"uc_dactive bbb ue_accordion_icon\" ><i class='fas fa-angle-down'><\/i><\/span>\n          <span class=\"uc_active bbb ue_accordion_icon\"><i class='fas fa-angle-up'><\/i><\/span>\n        <\/div>\n      <\/div>\n        \n  <\/div>\n  \n  <div id=\"uc_uc_icon_accordion_elementor_d2498fa_item3-content\" class=\"uc_content\" role=\"region\" aria-labelledby=\"uc_uc_icon_accordion_elementor_d2498fa_item3-title\" >\n          <p>Lo que ver\u00e1s:<\/p><ul><li>Valles profundos y formaciones geol\u00f3gicas espectaculares como el Valle de la Luna y el Valle de las \u00c1nimas.<\/li><li>Ciudades y pueblos con encanto hist\u00f3rico.<\/li><\/ul><p>Flora y fauna:<\/p><ul><li>Cultivos de papa, ma\u00edz y hortalizas.<\/li><li>Vegetaci\u00f3n arbustiva y especies adaptadas a clima templado-seco.<\/li><\/ul><p>Experiencias tur\u00edsticas:<\/p><ul><li>Turismo urbano en la ciudad de La Paz y el Mercado de las Brujas.<\/li><li>Caminatas por senderos y miradores de los valles.<\/li><li>Turismo gastron\u00f3mico y cultural en pueblos cercanos.<\/li><\/ul><p>Consejos:<\/p><ul><li>No olvides tu c\u00e1mara: los paisajes son espectaculares.<\/li><li>Probar productos locales como la quinua y las papas andinas.<\/li><\/ul>\n     \n    \n     \n    \n  <\/div>\n<\/div>\n\n\n<div id=\"uc_uc_icon_accordion_elementor_d2498fa_item4\" class=\"uc_ac_box  elementor-repeater-item-1dbd6b4\">\n  <div class=\"uc-heading uc_trigger\" role=\"button\" aria-controls=\"uc_uc_icon_accordion_elementor_d2498fa_item4-content\" tabindex=\"0\" aria-expanded=\"false\">\n    \n          <div class=\"ue_icon_holder\">\n        <div class=\"ue_icon\"><i class=''><\/i><\/div>\n      <\/div>\n      <div class=\"ue_icon_spacing\"><\/div>\n        \n    <div id=\"uc_uc_icon_accordion_elementor_d2498fa_item4-title\" class=\"ue_title\">4. Yungas y Ceja de Selva (1.000 \u2013 2.500 m s.n.m.)<\/div>    \n    \n          <div class=\"ue_expand_spacing\"><\/div>\n      <div class=\"ue_expand\">\n        <div class=\"ue_expand_inside\">\n          <span class=\"uc_dactive bbb ue_accordion_icon\" ><i class='fas fa-angle-down'><\/i><\/span>\n          <span class=\"uc_active bbb ue_accordion_icon\"><i class='fas fa-angle-up'><\/i><\/span>\n        <\/div>\n      <\/div>\n        \n  <\/div>\n  \n  <div id=\"uc_uc_icon_accordion_elementor_d2498fa_item4-content\" class=\"uc_content\" role=\"region\" aria-labelledby=\"uc_uc_icon_accordion_elementor_d2498fa_item4-title\" >\n          <p>Lo que ver\u00e1s:<\/p><ul><li>Bosques nublados, r\u00edos, cascadas y monta\u00f1as verdes.<\/li><li>Cultivos de caf\u00e9, frutas tropicales y coca.<\/li><\/ul><p>Flora y fauna:<\/p><ul><li>\u00c1rboles frutales, helechos, orqu\u00eddeas y arbustos tropicales.<\/li><li>Animales como monos, aves tropicales, anfibios y reptiles.<\/li><\/ul><p>Experiencias tur\u00edsticas:<\/p><ul><li>Tours de caf\u00e9 y chocolate.<\/li><li>Senderismo y avistamiento de aves.<\/li><li>Deportes de aventura: canopy, rafting y ciclismo de monta\u00f1a.<\/li><\/ul><p>Consejos:<\/p><ul><li>Llevar repelente contra insectos.<\/li><li>Ropa ligera y c\u00f3moda, pero con algo de abrigo para la neblina.<\/li><\/ul>\n     \n    \n     \n    \n  <\/div>\n<\/div>\n\n\n<div id=\"uc_uc_icon_accordion_elementor_d2498fa_item5\" class=\"uc_ac_box  elementor-repeater-item-877aa80\">\n  <div class=\"uc-heading uc_trigger\" role=\"button\" aria-controls=\"uc_uc_icon_accordion_elementor_d2498fa_item5-content\" tabindex=\"0\" aria-expanded=\"false\">\n    \n          <div class=\"ue_icon_holder\">\n        <div class=\"ue_icon\"><i class=''><\/i><\/div>\n      <\/div>\n      <div class=\"ue_icon_spacing\"><\/div>\n        \n    <div id=\"uc_uc_icon_accordion_elementor_d2498fa_item5-title\" class=\"ue_title\">Consejos generales para los turistas<\/div>    \n    \n          <div class=\"ue_expand_spacing\"><\/div>\n      <div class=\"ue_expand\">\n        <div class=\"ue_expand_inside\">\n          <span class=\"uc_dactive bbb ue_accordion_icon\" ><i class='fas fa-angle-down'><\/i><\/span>\n          <span class=\"uc_active bbb ue_accordion_icon\"><i class='fas fa-angle-up'><\/i><\/span>\n        <\/div>\n      <\/div>\n        \n  <\/div>\n  \n  <div id=\"uc_uc_icon_accordion_elementor_d2498fa_item5-content\" class=\"uc_content\" role=\"region\" aria-labelledby=\"uc_uc_icon_accordion_elementor_d2498fa_item5-title\" >\n          <p><strong>Aclimataci\u00f3n:<\/strong> la altitud puede afectar a tu cuerpo, especialmente en la alta monta\u00f1a y altiplano. Tomarlo con calma es clave.<\/p><p><strong>Transporte:<\/strong> algunas zonas requieren 4x4 o transporte especializado.<\/p><p><strong>Respeto por la naturaleza:<\/strong> no dejar basura y respetar las \u00e1reas protegidas.<\/p><p><strong>Gu\u00edas locales:<\/strong> muchas experiencias son m\u00e1s ricas con gu\u00edas expertos que conocen flora, fauna y cultura local.<\/p>\n     \n    \n     \n    \n  <\/div>\n<\/div>\n\n  <\/div>\n<\/div>\n<!-- end Icon Accordion -->\t\t\t\t<\/div>\n\t\t\t\t<\/div>\n\t\t\t\t<div class=\"elementor-element elementor-element-d33302d elementor-widget elementor-widget-text-editor\" data-id=\"d33302d\" data-element_type=\"widget\" data-widget_type=\"text-editor.default\">\n\t\t\t\t\t\t\t\t\t<p><strong>Descubre La Paz, un viaje de altura y biodiversidad<\/strong><\/p><p>Recorrer los pisos ecol\u00f3gicos de La Paz es vivir un viaje que combina aventura, cultura y naturaleza. Cada piso ecol\u00f3gico ofrece una experiencia \u00fanica, y juntos muestran la riqueza de un municipio que se eleva entre el cielo y la tierra.<\/p>\t\t\t\t\t\t\t\t<\/div>\n\t\t\t\t<\/div>\n\t\t\t\t\t<\/div>\n\t\t\t\t<\/div>\n\t\t\t\t\t<\/div>\n\t\t\t\t<\/div>\n\t\t\t\t<\/div>\n\t\t","protected":false},"excerpt":{"rendered":"<p>Descubre los Pisos Ecol\u00f3gicos del Municipio de La Paz El municipio de La Paz no solo es famoso por ser la ciudad m\u00e1s alta del mundo, sino tambi\u00e9n por su incre\u00edble diversidad de paisajes, climas y ecosistemas, resultado de la altitud que var\u00eda desde los 1.000 metros en los valles yungue\u00f1os hasta m\u00e1s de 6.000 [&hellip;]<\/p>\n","protected":false},"author":1,"featured_media":660,"parent":0,"menu_order":0,"comment_status":"closed","ping_status":"closed","template":"","meta":{"site-sidebar-layout":"no-sidebar","site-content-layout":"page-builder","ast-site-content-layout":"full-width-container","site-content-style":"default","site-sidebar-style":"default","ast-global-header-display":"","ast-banner-title-visibility":"","ast-main-header-display":"","ast-hfb-above-header-display":"","ast-hfb-below-header-display":"","ast-hfb-mobile-header-display":"","site-post-title":"disabled","ast-breadcrumbs-content":"","ast-featured-img":"disabled","footer-sml-layout":"","ast-disable-related-posts":"","theme-transparent-header-meta":"","adv-header-id-meta":"","stick-header-meta":"","header-above-stick-meta":"","header-main-stick-meta":"","header-below-stick-meta":"","astra-migrate-meta-layouts":"set","ast-page-background-enabled":"default","ast-page-background-meta":{"desktop":{"background-color":"var(--ast-global-color-4)","background-image":"","background-repeat":"repeat","background-position":"center center","background-size":"auto","background-attachment":"scroll","background-type":"","background-media":"","overlay-type":"","overlay-color":"","overlay-opacity":"","overlay-gradient":""},"tablet":{"background-color":"","background-image":"","background-repeat":"repeat","background-position":"center center","background-size":"auto","background-attachment":"scroll","background-type":"","background-media":"","overlay-type":"","overlay-color":"","overlay-opacity":"","overlay-gradient":""},"mobile":{"background-color":"","background-image":"","background-repeat":"repeat","background-position":"center center","background-size":"auto","background-attachment":"scroll","background-type":"","background-media":"","overlay-type":"","overlay-color":"","overlay-opacity":"","overlay-gradient":""}},"ast-content-background-meta":{"desktop":{"background-color":"var(--ast-global-color-5)","background-image":"","background-repeat":"repeat","background-position":"center center","background-size":"auto","background-attachment":"scroll","background-type":"","background-media":"","overlay-type":"","overlay-color":"","overlay-opacity":"","overlay-gradient":""},"tablet":{"background-color":"var(--ast-global-color-5)","background-image":"","background-repeat":"repeat","background-position":"center center","background-size":"auto","background-attachment":"scroll","background-type":"","background-media":"","overlay-type":"","overlay-color":"","overlay-opacity":"","overlay-gradient":""},"mobile":{"background-color":"var(--ast-global-color-5)","background-image":"","background-repeat":"repeat","background-position":"center center","background-size":"auto","background-attachment":"scroll","background-type":"","background-media":"","overlay-type":"","overlay-color":"","overlay-opacity":"","overlay-gradient":""}},"footnotes":""},"class_list":["post-654","page","type-page","status-publish","has-post-thumbnail","hentry"],"_links":{"self":[{"href":"https:\/\/lapaz.bo\/turismo\/wp-json\/wp\/v2\/pages\/654","targetHints":{"allow":["GET"]}}],"collection":[{"href":"https:\/\/lapaz.bo\/turismo\/wp-json\/wp\/v2\/pages"}],"about":[{"href":"https:\/\/lapaz.bo\/turismo\/wp-json\/wp\/v2\/types\/page"}],"author":[{"embeddable":true,"href":"https:\/\/lapaz.bo\/turismo\/wp-json\/wp\/v2\/users\/1"}],"replies":[{"embeddable":true,"href":"https:\/\/lapaz.bo\/turismo\/wp-json\/wp\/v2\/comments?post=654"}],"version-history":[{"count":12,"href":"https:\/\/lapaz.bo\/turismo\/wp-json\/wp\/v2\/pages\/654\/revisions"}],"predecessor-version":[{"id":709,"href":"https:\/\/lapaz.bo\/turismo\/wp-json\/wp\/v2\/pages\/654\/revisions\/709"}],"wp:featuredmedia":[{"embeddable":true,"href":"https:\/\/lapaz.bo\/turismo\/wp-json\/wp\/v2\/media\/660"}],"wp:attachment":[{"href":"https:\/\/lapaz.bo\/turismo\/wp-json\/wp\/v2\/media?parent=654"}],"curies":[{"name":"wp","href":"https:\/\/api.w.org\/{rel}","templated":true}]}}