{"id":560,"date":"2025-01-31T05:48:30","date_gmt":"2025-01-31T05:48:30","guid":{"rendered":"https:\/\/lapaz.bo\/turismo\/?page_id=560"},"modified":"2025-09-23T21:08:40","modified_gmt":"2025-09-23T19:08:40","slug":"ciudad-segura","status":"publish","type":"page","link":"https:\/\/lapaz.bo\/turismo\/ciudad-segura\/","title":{"rendered":"Vertical Curved Timeline with a Life Journey"},"content":{"rendered":"\t\t<div data-elementor-type=\"wp-post\" data-elementor-id=\"560\" class=\"elementor elementor-560\" data-elementor-settings=\"{&quot;ha_cmc_init_switcher&quot;:&quot;no&quot;}\">\n\t\t\t\t<div data-particle_enable=\"false\" data-particle-mobile-disabled=\"false\" class=\"elementor-element elementor-element-9d6206a e-flex e-con-boxed e-con e-parent\" data-id=\"9d6206a\" data-element_type=\"container\" data-settings=\"{&quot;_ha_eqh_enable&quot;:false}\">\n\t\t\t\t\t<div class=\"e-con-inner\">\n\t\t\t\t<div class=\"elementor-element elementor-element-b447e87 elementor-widget elementor-widget-ucaddon_vertical_curve_timeline\" data-id=\"b447e87\" data-element_type=\"widget\" data-widget_type=\"ucaddon_vertical_curve_timeline.default\">\n\t\t\t\t<div class=\"elementor-widget-container\">\n\t\t\t\t\t\n<!-- start Vertical Curved Timeline -->\n\t\t<link id='font-awesome-css' href='https:\/\/lapaz.bo\/turismo\/wp-content\/plugins\/unlimited-elements-for-elementor-premium\/assets_libraries\/font-awesome6\/fontawesome-all.min.css' type='text\/css' rel='stylesheet' >\n\t\t<link id='font-awesome-4-shim-css' href='https:\/\/lapaz.bo\/turismo\/wp-content\/plugins\/unlimited-elements-for-elementor-premium\/assets_libraries\/font-awesome6\/fontawesome-v4-shims.min.css' type='text\/css' rel='stylesheet' >\n\n<style>\/* widget: Vertical Curved Timeline *\/\n\n#uc_vertical_curve_timeline_elementor_b447e87.ue-container{\n  width: 100%;\n  display: flex;\n  align-items: center;\n}\n\n\/* Timeline Container *\/\n\n#uc_vertical_curve_timeline_elementor_b447e87 .ue-timeline {\n  width:100%;\n  margin: 0 auto;\n  padding: 0 20px;\n}\n\n#uc_vertical_curve_timeline_elementor_b447e87 .ue-item-image{\n  overflow:hidden;\n}\n\n#uc_vertical_curve_timeline_elementor_b447e87 .ue-item-image img{\n  width:100%;\n  height: 100%;\n  transition:0.3s;\n}\n\n\/* Card container *\/\n#uc_vertical_curve_timeline_elementor_b447e87 .ue-card {\n  position: relative;\n  display: flex;\n}\n\n#uc_vertical_curve_timeline_elementor_b447e87 .ue-slno{\n  border-radius: 50%;\n  position: absolute;\n  top: 50%;\n  left: 0;\n  transform: translate(-50%, -50%);\n  display: grid;\n  place-content: center;\n}\n\n\/* setting padding based on even or odd *\/\n  #uc_vertical_curve_timeline_elementor_b447e87 .ue-card:nth-child(odd) {\n    padding: 30px 0 30px 30px;\n  }\n  #uc_vertical_curve_timeline_elementor_b447e87 .ue-card:nth-child(even) {\n    padding: 30px 30px 30px 0;\n  }\n  \/* Global ::before *\/\n  #uc_vertical_curve_timeline_elementor_b447e87 .ue-card::before {\n    content: \"\";\n    position: absolute;\n    width: 50%;\n  }\n\n  \/* Setting the border of top, bottom, left *\/\n  #uc_vertical_curve_timeline_elementor_b447e87 .ue-card:nth-child(odd)::before {\n    left: 0px;\n    top: -5px;\n    bottom: -5px;\n    border-width: 5px 0 5px 5px;\n    border-radius: 20px 0 0 20px;\n  }\n\n  \/* Setting the top and bottom to \"-5px\" because earlier it was out of a pixel in mobile devices *\/\n  @media only screen and (max-width: 400px) {\n    #uc_vertical_curve_timeline_elementor_b447e87 .ue-card:nth-child(odd)::before {\n      top: -5px;\n      bottom: -5px;\n    }\n  }\n\n  \/* Setting the border of top, bottom, right *\/\n  #uc_vertical_curve_timeline_elementor_b447e87 .ue-card:nth-child(even)::before {\n    right: 0;\n    top: 0;\n    bottom: 0;\n    border-width: 5px 5px 5px 0;\n    border-radius: 0 20px 20px 0;\n  }\n\n  \/* Removing the border if it is the first card *\/\n  #uc_vertical_curve_timeline_elementor_b447e87 .ue-card:first-child::before {\n    border-top: 0;\n    border-top-left-radius: 0;\n  }\n\n  \/* Removing the border if it is the last card  and it's odd *\/\n  #uc_vertical_curve_timeline_elementor_b447e87 .ue-card:last-child:nth-child(odd)::before {\n    border-bottom: 0;\n    border-bottom-left-radius: 0;\n  }\n\n  \/* Removing the border if it is the last card  and it's even *\/\n  #uc_vertical_curve_timeline_elementor_b447e87 .ue-card:last-child:nth-child(even)::before {\n    border-bottom: 0;\n    border-bottom-right-radius: 0;\n  }\n\n  \/* Information about the timeline *\/\n  #uc_vertical_curve_timeline_elementor_b447e87 .ue-info {\n    display: flex;\n    border-radius: 10px;\n    padding: 10px;\n    width: 100%;\n  }\n\n  \/* Title of the card *\/\n  #uc_vertical_curve_timeline_elementor_b447e87 .ue-title {\n    position: relative;\n  }\n\n  \/* Timeline dot  *\/\n\n  \/* text right if the card is even  *\/\n  #uc_vertical_curve_timeline_elementor_b447e87 .ue-card:nth-child(even) {\n    text-align: right;\n  }\n\n  #uc_vertical_curve_timeline_elementor_b447e87 .ue-card:nth-child(even) .ue-item-image{\n    margin-left: auto;\n  }\n\n  #uc_vertical_curve_timeline_elementor_b447e87 .ue-card:nth-child(even) .ue-info{\n    padding-right: 20px;\n    margin-left: auto;\n  }\n\n  #uc_vertical_curve_timeline_elementor_b447e87 .ue-card:nth-child(odd) .ue-info{\n    padding-left: 20px;\n  }\n\n  \/* setting dot to the left if the card is odd *\/\n  #uc_vertical_curve_timeline_elementor_b447e87 .ue-card:nth-child(odd) > .ue-info > .ue-title::before {\n    left: -45px;\n  }\n\n  #uc_vertical_curve_timeline_elementor_b447e87 .ue-card:nth-child(even) > .ue-slno{\n    right: 0%;\n    left: auto;\n    transform: translate(50%, -50%);\n    margin-right:calc(5px\/2);\n  }\n\n  #uc_vertical_curve_timeline_elementor_b447e87 .ue-card:nth-child(odd) > .ue-slno{\n    margin-left:calc(5px\/2);;\n  }\n\n  #uc_vertical_curve_timeline_elementor_b447e87 .ue-card:nth-child(1)::before{\n    height: 50%;\n    top: auto;\n  }\n\n  #uc_vertical_curve_timeline_elementor_b447e87 .ue-card:last-child::before{\n    height: 50%;\n  }\n\n  #uc_vertical_curve_timeline_elementor_b447e87 .ue-button-link{\n    width:fit-content;\n    z-index: 100;\n  }\n\n  #uc_vertical_curve_timeline_elementor_b447e87 .ue-card:nth-child(even) .ue-button-link {\n    margin-left:auto;\n  }\n\n\n\n<\/style>\n\n<div id=\"uc_vertical_curve_timeline_elementor_b447e87\" class=\"ue-container\">\n  <div class=\"ue-timeline\">\n    <div class=\"ue-outer\">              \n      <div class=\"ue-card elementor-repeater-item-c11e024\">\n  \n  <div class=\"ue-slno\">\n    1          \n  <\/div>\n  \n  <div class=\"ue-info\">\n                    \t\n    <div class=\"ue-item-wrap\">\n      <h3 class=\"ue-title\">Ciudad Segura<\/h3>            <div class=\"ue-description\"><p>Bolivia es uno de los pa\u00edses m\u00e1s seguros de la regi\u00f3n y La Paz destaca a nivel nacional. Estudios del PNUD sobre seguridad ciudadana en Am\u00e9rica Latina dan cuenta que \u201cBolivia se encuentra con los \u00edndices m\u00e1s bajos (de delitos) en relaci\u00f3n a otros pa\u00edses\u201d, asegur\u00f3 el viceministro de R\u00e9gimen Interior y Polic\u00eda, Jos\u00e9 Luis Quiroga.<\/p><\/div>                        <\/div>\n  <\/div>\n<\/div>\n<div class=\"ue-card elementor-repeater-item-9eda1f3\">\n  \n  <div class=\"ue-slno\">\n    2          \n  <\/div>\n  \n  <div class=\"ue-info\">\n                    \t\n    <div class=\"ue-item-wrap\">\n      <h3 class=\"ue-title\">Regi\u00f3n Segura<\/h3>            <div class=\"ue-description\"><p>Bolivia es uno de los pa\u00edses m\u00e1s seguros de la regi\u00f3n y La Paz es una de las ciudades que m\u00e1s destaca en el \u00e1mbito nacional en seguridad ciudadana, afirm\u00f3 este jueves el viceministro de R\u00e9gimen Interior y Polic\u00eda, Jos\u00e9 Luis Quiroga. La autoridad baso su an\u00e1lisis en recientes estudios del Programa de las Naciones Unidas para el Desarrollo (PNUD) sobre el asunto en Am\u00e9rica Latina. \u201cNos muestra c\u00f3mo Bolivia se encuentra con los \u00edndices m\u00e1s bajos (delitos) en relaci\u00f3n a otros pa\u00edses\u201d, dijo. \u201cSomos un pa\u00eds seguro, eso se constata a diario. Esto se ve respaldado con estad\u00edsticas que podemos extraer\u201d, insisti\u00f3 durante una entrevista con la estatal Bolivia Tv, en donde mostr\u00f3 cuadros con \u00edndices comparativos sobre varios delitos. Por ejemplo, respecto a la tasa de homicidios, dijo que por cada 100.000 habitantes, Bolivia alcanza una tasa de 6,4 y se ubica entre los \u00faltimos cuatro pa\u00edses, solamente superado por Uruguay (6,3), Argentina (5,8) y Chile (2).<\/p><p>En lo que va del a\u00f1o se cometieron al menos 125 cr\u00edmenes en Bolivia.<\/p><\/div>                        <\/div>\n  <\/div>\n<\/div>\n<div class=\"ue-card elementor-repeater-item-ab5929e\">\n  \n  <div class=\"ue-slno\">\n    3          \n  <\/div>\n  \n  <div class=\"ue-info\">\n                    \t\n    <div class=\"ue-item-wrap\">\n      <h3 class=\"ue-title\">Otros Pa\u00edses<\/h3>            <div class=\"ue-description\"><p>Por el contrario, Honduras (86,5), El Salvador (64,4), Guatemala (38), Venezuela (37,1) y Colombia (32) son las naciones que m\u00e1s muertes violentas tienen.<br \/>Una constataci\u00f3n de la situaci\u00f3n boliviana, a decir de Quiroga, es la tasa de delitos contra la vida, que baj\u00f3 de un 10,4% en 2013 a 6.4 en 2016. \u201cEsto nos confirma que Bolivia es un pa\u00eds seguro en comparaci\u00f3n a la regi\u00f3n. (Los \u00edndices) han ido bajando\u201d, sostuvo.<\/p><p>Descensos similares existen en delitos contra las personas y contra la propiedad y sobre violencia intrafamiliar.<br \/>No obstante, hay alerta en delitos contra la libertad sexual. \u201cTen\u00edamos un 29,7 en 2014 y ascendi\u00f3 a 43,3 (en 2016)\u201d, dijo Quiroga. Un comportamiento similar se observa en hurtos y robos.<\/p><\/div>                        <\/div>\n  <\/div>\n<\/div>\n<div class=\"ue-card elementor-repeater-item-7160a08\">\n  \n  <div class=\"ue-slno\">\n    4          \n  <\/div>\n  \n  <div class=\"ue-info\">\n                    \t\n    <div class=\"ue-item-wrap\">\n      <h3 class=\"ue-title\">Datos del Observatorio Nacional de Seguridad<\/h3>            <div class=\"ue-description\"><p>La autoridad tambi\u00e9n entreg\u00f3 datos remozados del Observatorio Nacional de Seguridad Ciudadana (ONSC) para analizar la situaci\u00f3n de la seguridad ciudadana en Bolivia.<\/p><p>El departamento con menos \u00edndice de homicidios es La Paz. Le siguen Tarija, Santa Cruz y Potos\u00ed.<br \/>\u201cLamentablemente cerramos la gesti\u00f3n 2016 con El Alto con el mayor \u00edndice de homicidios con 27,4. Pero hemos visto con bastante alegr\u00eda que esto ha reducido en un 40% en el primer semestre, estamos viendo con cu\u00e1nto vamos a cerrar el 2017\u201d, afirm\u00f3.<br \/>Indic\u00f3 que se ha puesto mucho \u00e9nfasis en El Alto y Santa Cruz para reducir los altos \u00edndices \u201cpero en l\u00edneas generales podemos decir que tenemos ciudades muy tranquilas y muy seguras (\u2026) La Paz es una de las ciudades m\u00e1s seguras del pa\u00eds\u201d, sostuvo Quiroga. (28\/09\/2017)<\/p><\/div>                        <\/div>\n  <\/div>\n<\/div>\n\n    <\/div>\n  <\/div>\n<\/div>\n<!-- end Vertical Curved Timeline -->\t\t\t\t<\/div>\n\t\t\t\t<\/div>\n\t\t\t\t\t<\/div>\n\t\t\t\t<\/div>\n\t\t\t\t<\/div>\n\t\t","protected":false},"excerpt":{"rendered":"<p>1 Ciudad Segura Bolivia es uno de los pa\u00edses m\u00e1s seguros de la regi\u00f3n y La Paz destaca a nivel nacional. Estudios del PNUD sobre seguridad ciudadana en Am\u00e9rica Latina dan cuenta que \u201cBolivia se encuentra con los \u00edndices m\u00e1s bajos (de delitos) en relaci\u00f3n a otros pa\u00edses\u201d, asegur\u00f3 el viceministro de R\u00e9gimen Interior y [&hellip;]<\/p>\n","protected":false},"author":1,"featured_media":566,"parent":0,"menu_order":0,"comment_status":"closed","ping_status":"closed","template":"","meta":{"site-sidebar-layout":"no-sidebar","site-content-layout":"page-builder","ast-site-content-layout":"full-width-container","site-content-style":"default","site-sidebar-style":"default","ast-global-header-display":"","ast-banner-title-visibility":"","ast-main-header-display":"","ast-hfb-above-header-display":"","ast-hfb-below-header-display":"","ast-hfb-mobile-header-display":"","site-post-title":"disabled","ast-breadcrumbs-content":"","ast-featured-img":"disabled","footer-sml-layout":"","ast-disable-related-posts":"","theme-transparent-header-meta":"","adv-header-id-meta":"","stick-header-meta":"","header-above-stick-meta":"","header-main-stick-meta":"","header-below-stick-meta":"","astra-migrate-meta-layouts":"set","ast-page-background-enabled":"default","ast-page-background-meta":{"desktop":{"background-color":"var(--ast-global-color-4)","background-image":"","background-repeat":"repeat","background-position":"center center","background-size":"auto","background-attachment":"scroll","background-type":"","background-media":"","overlay-type":"","overlay-color":"","overlay-opacity":"","overlay-gradient":""},"tablet":{"background-color":"","background-image":"","background-repeat":"repeat","background-position":"center center","background-size":"auto","background-attachment":"scroll","background-type":"","background-media":"","overlay-type":"","overlay-color":"","overlay-opacity":"","overlay-gradient":""},"mobile":{"background-color":"","background-image":"","background-repeat":"repeat","background-position":"center center","background-size":"auto","background-attachment":"scroll","background-type":"","background-media":"","overlay-type":"","overlay-color":"","overlay-opacity":"","overlay-gradient":""}},"ast-content-background-meta":{"desktop":{"background-color":"var(--ast-global-color-5)","background-image":"","background-repeat":"repeat","background-position":"center center","background-size":"auto","background-attachment":"scroll","background-type":"","background-media":"","overlay-type":"","overlay-color":"","overlay-opacity":"","overlay-gradient":""},"tablet":{"background-color":"var(--ast-global-color-5)","background-image":"","background-repeat":"repeat","background-position":"center center","background-size":"auto","background-attachment":"scroll","background-type":"","background-media":"","overlay-type":"","overlay-color":"","overlay-opacity":"","overlay-gradient":""},"mobile":{"background-color":"var(--ast-global-color-5)","background-image":"","background-repeat":"repeat","background-position":"center center","background-size":"auto","background-attachment":"scroll","background-type":"","background-media":"","overlay-type":"","overlay-color":"","overlay-opacity":"","overlay-gradient":""}},"footnotes":""},"class_list":["post-560","page","type-page","status-publish","has-post-thumbnail","hentry"],"_links":{"self":[{"href":"https:\/\/lapaz.bo\/turismo\/wp-json\/wp\/v2\/pages\/560","targetHints":{"allow":["GET"]}}],"collection":[{"href":"https:\/\/lapaz.bo\/turismo\/wp-json\/wp\/v2\/pages"}],"about":[{"href":"https:\/\/lapaz.bo\/turismo\/wp-json\/wp\/v2\/types\/page"}],"author":[{"embeddable":true,"href":"https:\/\/lapaz.bo\/turismo\/wp-json\/wp\/v2\/users\/1"}],"replies":[{"embeddable":true,"href":"https:\/\/lapaz.bo\/turismo\/wp-json\/wp\/v2\/comments?post=560"}],"version-history":[{"count":8,"href":"https:\/\/lapaz.bo\/turismo\/wp-json\/wp\/v2\/pages\/560\/revisions"}],"predecessor-version":[{"id":571,"href":"https:\/\/lapaz.bo\/turismo\/wp-json\/wp\/v2\/pages\/560\/revisions\/571"}],"wp:featuredmedia":[{"embeddable":true,"href":"https:\/\/lapaz.bo\/turismo\/wp-json\/wp\/v2\/media\/566"}],"wp:attachment":[{"href":"https:\/\/lapaz.bo\/turismo\/wp-json\/wp\/v2\/media?parent=560"}],"curies":[{"name":"wp","href":"https:\/\/api.w.org\/{rel}","templated":true}]}}