{"id":484,"date":"2024-07-01T11:59:07","date_gmt":"2024-07-01T11:59:07","guid":{"rendered":"https:\/\/lapaz.bo\/turismo\/image-card-content-box-with-team-members\/"},"modified":"2025-09-24T16:44:10","modified_gmt":"2025-09-24T14:44:10","slug":"viaje-seguro","status":"publish","type":"page","link":"https:\/\/lapaz.bo\/turismo\/viaje-seguro\/","title":{"rendered":"viaje seguro"},"content":{"rendered":"\t\t<div data-elementor-type=\"wp-post\" data-elementor-id=\"484\" class=\"elementor elementor-484\" data-elementor-settings=\"{&quot;ha_cmc_init_switcher&quot;:&quot;no&quot;}\">\n\t\t\t\t<div data-particle_enable=\"false\" data-particle-mobile-disabled=\"false\" class=\"elementor-element elementor-element-c580c29 e-flex e-con-boxed e-con e-parent\" data-id=\"c580c29\" data-element_type=\"container\" data-settings=\"{&quot;background_background&quot;:&quot;classic&quot;,&quot;_ha_eqh_enable&quot;:false}\">\n\t\t\t\t\t<div class=\"e-con-inner\">\n\t\t<div data-particle_enable=\"false\" data-particle-mobile-disabled=\"false\" class=\"elementor-element elementor-element-83cb55c e-con-full e-flex e-con e-child\" data-id=\"83cb55c\" data-element_type=\"container\" data-settings=\"{&quot;_ha_eqh_enable&quot;:false}\">\n\t\t\t\t<div class=\"elementor-element elementor-element-aaaefe2 elementor-invisible elementor-widget elementor-widget-heading\" data-id=\"aaaefe2\" data-element_type=\"widget\" data-settings=\"{&quot;_animation&quot;:&quot;fadeInUp&quot;}\" data-widget_type=\"heading.default\">\n\t\t\t\t\t<h2 class=\"elementor-heading-title elementor-size-default\">Viaje Seguro<\/h2>\t\t\t\t<\/div>\n\t\t<div data-particle_enable=\"false\" data-particle-mobile-disabled=\"false\" class=\"elementor-element elementor-element-61724b0 e-con-full e-flex e-con e-child\" data-id=\"61724b0\" data-element_type=\"container\" data-settings=\"{&quot;_ha_eqh_enable&quot;:false}\">\n\t\t<div data-particle_enable=\"false\" data-particle-mobile-disabled=\"false\" class=\"elementor-element elementor-element-40a186d e-con-full e-flex e-con e-child\" data-id=\"40a186d\" data-element_type=\"container\" data-settings=\"{&quot;_ha_eqh_enable&quot;:false}\">\n\t\t\t\t<div class=\"elementor-element elementor-element-8d23ef2 elementor-widget elementor-widget-ucaddon_image_card_content_box\" data-id=\"8d23ef2\" data-element_type=\"widget\" data-widget_type=\"ucaddon_image_card_content_box.default\">\n\t\t\t\t<div class=\"elementor-widget-container\">\n\t\t\t\t\t\n<!-- start Image Card -->\n<style>\/* widget: Image Card *\/\n\n#uc_image_card_content_box_elementor_8d23ef2 *{\n\tbox-sizing: border-box;\n}\n\n#uc_image_card_content_box_elementor_8d23ef2 {\n\tfont-size:14px;\n\toverflow:hidden;\n\tcolor:#8a8a8a;\n\ttext-align:center;\n\tposition:relative;\n\twidth:100%;\n}\n#uc_image_card_content_box_elementor_8d23ef2  .uc_classic_content_border{\n\tdisplay:block;\n    margin: 0 auto;\n}\n\n#uc_image_card_content_box_elementor_8d23ef2 .uc_classic_content_placeholder{\n  overflow:hidden;\n}\n#uc_image_card_content_box_elementor_8d23ef2 .uc_classic_content_placeholder img{\n\twidth:100%;\n}\n\n#uc_image_card_content_box_elementor_8d23ef2 .uc_classic_content_content {\n display: flex;\n flex-flow: column nowrap;\n}\n\n#uc_image_card_content_box_elementor_8d23ef2 .btn_wrap{\n  margin-top:auto;\n}\n#uc_image_card_content_box_elementor_8d23ef2 .uc_btn{\n\ttext-decoration:none;\n    text-align:center;\n    align-items:center;\n    justify-content:center;\n    text-align:center;\n}\n\n\n\n.uc_classic_content{\n    box-shadow:rgba(0,0,0,0.10) 0px 5px 20px;\n}\n\n<\/style>\n\n<div class=\"uc_classic_content\" id=\"uc_image_card_content_box_elementor_8d23ef2\">\n  <span class=\"uc_classic_content_border\"><\/span>\n  <div class=\"uc_classic_content_container_holder\">\n           <div class=\"uc_classic_content_placeholder\">\n          <a href=\"https:\/\/lapaz.bo\/turismo\/ciudad-segura\/\" >            <img decoding=\"async\" src=\"https:\/\/lapaz.bo\/turismo\/wp-content\/uploads\/2025\/09\/city1.jpg\" alt=\"city1\">\n          <\/a>       <\/div>\n        <div class=\"uc_classic_content_content\">\n      <h2  class=\"ue-title\">Ciudad<br> segura<\/h2>        <div class=\"ue-text\"><\/div>                      <div class=\"btn_wrap\">\n              <a class=\"uc_more_btn  uc_btn\" href=\"https:\/\/lapaz.bo\/turismo\/ciudad-segura\/\" >\n                                ver m\u00e1s\n              <\/a>\n            <\/div>\n              <\/div>\n  <\/div>\n  <\/div>\n<!-- end Image Card -->\t\t\t\t<\/div>\n\t\t\t\t<\/div>\n\t\t\t\t<div class=\"elementor-element elementor-element-9150404 elementor-widget elementor-widget-ucaddon_image_card_content_box\" data-id=\"9150404\" data-element_type=\"widget\" data-widget_type=\"ucaddon_image_card_content_box.default\">\n\t\t\t\t<div class=\"elementor-widget-container\">\n\t\t\t\t\t\n<!-- start Image Card -->\n<style>\/* widget: Image Card *\/\n\n#uc_image_card_content_box_elementor_9150404 *{\n\tbox-sizing: border-box;\n}\n\n#uc_image_card_content_box_elementor_9150404 {\n\tfont-size:14px;\n\toverflow:hidden;\n\tcolor:#8a8a8a;\n\ttext-align:center;\n\tposition:relative;\n\twidth:100%;\n}\n#uc_image_card_content_box_elementor_9150404  .uc_classic_content_border{\n\tdisplay:block;\n    margin: 0 auto;\n}\n\n#uc_image_card_content_box_elementor_9150404 .uc_classic_content_placeholder{\n  overflow:hidden;\n}\n#uc_image_card_content_box_elementor_9150404 .uc_classic_content_placeholder img{\n\twidth:100%;\n}\n\n#uc_image_card_content_box_elementor_9150404 .uc_classic_content_content {\n display: flex;\n flex-flow: column nowrap;\n}\n\n#uc_image_card_content_box_elementor_9150404 .btn_wrap{\n  margin-top:auto;\n}\n#uc_image_card_content_box_elementor_9150404 .uc_btn{\n\ttext-decoration:none;\n    text-align:center;\n    align-items:center;\n    justify-content:center;\n    text-align:center;\n}\n\n\n\n.uc_classic_content{\n    box-shadow:rgba(0,0,0,0.10) 0px 5px 20px;\n}\n\n<\/style>\n\n<div class=\"uc_classic_content\" id=\"uc_image_card_content_box_elementor_9150404\">\n  <span class=\"uc_classic_content_border\"><\/span>\n  <div class=\"uc_classic_content_container_holder\">\n           <div class=\"uc_classic_content_placeholder\">\n          <a href=\"https:\/\/forms.gle\/FPPZQF19Qh1xa4Py9\"  target='_blank'>            <img decoding=\"async\" src=\"https:\/\/lapaz.bo\/turismo\/wp-content\/uploads\/2025\/09\/billete-reserva-mujer-online-1024x731-1-768x548.jpg\" alt=\"Woman booking ticket online\">\n          <\/a>       <\/div>\n        <div class=\"uc_classic_content_content\">\n      <h2  class=\"ue-title\">Registra tu viaje<\/h2>        <div class=\"ue-text\"><\/div>                      <div class=\"btn_wrap\">\n              <a class=\"uc_more_btn  uc_btn\" href=\"https:\/\/forms.gle\/FPPZQF19Qh1xa4Py9\"  target='_blank'>\n                                ver m\u00e1s\n              <\/a>\n            <\/div>\n              <\/div>\n  <\/div>\n  <\/div>\n<!-- end Image Card -->\t\t\t\t<\/div>\n\t\t\t\t<\/div>\n\t\t\t\t<\/div>\n\t\t<div data-particle_enable=\"false\" data-particle-mobile-disabled=\"false\" class=\"elementor-element elementor-element-1a83fd4 e-con-full e-flex e-con e-child\" data-id=\"1a83fd4\" data-element_type=\"container\" data-settings=\"{&quot;_ha_eqh_enable&quot;:false}\">\n\t\t\t\t<div class=\"elementor-element elementor-element-6458217 elementor-widget elementor-widget-ucaddon_image_card_content_box\" data-id=\"6458217\" data-element_type=\"widget\" data-widget_type=\"ucaddon_image_card_content_box.default\">\n\t\t\t\t<div class=\"elementor-widget-container\">\n\t\t\t\t\t\n<!-- start Image Card -->\n<style>\/* widget: Image Card *\/\n\n#uc_image_card_content_box_elementor_6458217 *{\n\tbox-sizing: border-box;\n}\n\n#uc_image_card_content_box_elementor_6458217 {\n\tfont-size:14px;\n\toverflow:hidden;\n\tcolor:#8a8a8a;\n\ttext-align:center;\n\tposition:relative;\n\twidth:100%;\n}\n#uc_image_card_content_box_elementor_6458217  .uc_classic_content_border{\n\tdisplay:block;\n    margin: 0 auto;\n}\n\n#uc_image_card_content_box_elementor_6458217 .uc_classic_content_placeholder{\n  overflow:hidden;\n}\n#uc_image_card_content_box_elementor_6458217 .uc_classic_content_placeholder img{\n\twidth:100%;\n}\n\n#uc_image_card_content_box_elementor_6458217 .uc_classic_content_content {\n display: flex;\n flex-flow: column nowrap;\n}\n\n#uc_image_card_content_box_elementor_6458217 .btn_wrap{\n  margin-top:auto;\n}\n#uc_image_card_content_box_elementor_6458217 .uc_btn{\n\ttext-decoration:none;\n    text-align:center;\n    align-items:center;\n    justify-content:center;\n    text-align:center;\n}\n\n\n\n.uc_classic_content{\n    box-shadow:rgba(0,0,0,0.10) 0px 5px 20px;\n}\n\n<\/style>\n\n<div class=\"uc_classic_content\" id=\"uc_image_card_content_box_elementor_6458217\">\n  <span class=\"uc_classic_content_border\"><\/span>\n  <div class=\"uc_classic_content_container_holder\">\n           <div class=\"uc_classic_content_placeholder\">\n          <a href=\"https:\/\/lapaz.bo\/turismo\/emergencia\/\" >            <img decoding=\"async\" src=\"https:\/\/lapaz.bo\/turismo\/wp-content\/uploads\/2025\/09\/obreros-768x512.jpg\" alt=\"obreros\">\n          <\/a>       <\/div>\n        <div class=\"uc_classic_content_content\">\n      <h2  class=\"ue-title\">Equipos de rescate<\/h2>        <div class=\"ue-text\"><\/div>                      <div class=\"btn_wrap\">\n              <a class=\"uc_more_btn  uc_btn\" href=\"https:\/\/lapaz.bo\/turismo\/emergencia\/\" >\n                                ver m\u00e1s\n              <\/a>\n            <\/div>\n              <\/div>\n  <\/div>\n  <\/div>\n<!-- end Image Card -->\t\t\t\t<\/div>\n\t\t\t\t<\/div>\n\t\t\t\t<div class=\"elementor-element elementor-element-4bb867a elementor-widget elementor-widget-ucaddon_image_card_content_box\" data-id=\"4bb867a\" data-element_type=\"widget\" data-widget_type=\"ucaddon_image_card_content_box.default\">\n\t\t\t\t<div class=\"elementor-widget-container\">\n\t\t\t\t\t\n<!-- start Image Card -->\n<style>\/* widget: Image Card *\/\n\n#uc_image_card_content_box_elementor_4bb867a *{\n\tbox-sizing: border-box;\n}\n\n#uc_image_card_content_box_elementor_4bb867a {\n\tfont-size:14px;\n\toverflow:hidden;\n\tcolor:#8a8a8a;\n\ttext-align:center;\n\tposition:relative;\n\twidth:100%;\n}\n#uc_image_card_content_box_elementor_4bb867a  .uc_classic_content_border{\n\tdisplay:block;\n    margin: 0 auto;\n}\n\n#uc_image_card_content_box_elementor_4bb867a .uc_classic_content_placeholder{\n  overflow:hidden;\n}\n#uc_image_card_content_box_elementor_4bb867a .uc_classic_content_placeholder img{\n\twidth:100%;\n}\n\n#uc_image_card_content_box_elementor_4bb867a .uc_classic_content_content {\n display: flex;\n flex-flow: column nowrap;\n}\n\n#uc_image_card_content_box_elementor_4bb867a .btn_wrap{\n  margin-top:auto;\n}\n#uc_image_card_content_box_elementor_4bb867a .uc_btn{\n\ttext-decoration:none;\n    text-align:center;\n    align-items:center;\n    justify-content:center;\n    text-align:center;\n}\n\n\n\n.uc_classic_content{\n    box-shadow:rgba(0,0,0,0.10) 0px 5px 20px;\n}\n\n<\/style>\n\n<div class=\"uc_classic_content\" id=\"uc_image_card_content_box_elementor_4bb867a\">\n  <span class=\"uc_classic_content_border\"><\/span>\n  <div class=\"uc_classic_content_container_holder\">\n           <div class=\"uc_classic_content_placeholder\">\n          <a href=\"https:\/\/lapaz.bo\/turismo\/recomendaciones\/\" >            <img decoding=\"async\" src=\"https:\/\/lapaz.bo\/turismo\/wp-content\/uploads\/2025\/09\/plan-de-negocios-768x512.jpg\" alt=\"plan-de-negocios\">\n          <\/a>       <\/div>\n        <div class=\"uc_classic_content_content\">\n      <h2  class=\"ue-title\">Recomendaciones<\/h2>        <div class=\"ue-text\"><\/div>                      <div class=\"btn_wrap\">\n              <a class=\"uc_more_btn  uc_btn\" href=\"https:\/\/lapaz.bo\/turismo\/recomendaciones\/\" >\n                                ver m\u00e1s\n              <\/a>\n            <\/div>\n              <\/div>\n  <\/div>\n  <\/div>\n<!-- end Image Card -->\t\t\t\t<\/div>\n\t\t\t\t<\/div>\n\t\t\t\t<\/div>\n\t\t<div data-particle_enable=\"false\" data-particle-mobile-disabled=\"false\" class=\"elementor-element elementor-element-6c124e5 e-con-full e-flex e-con e-child\" data-id=\"6c124e5\" data-element_type=\"container\" data-settings=\"{&quot;_ha_eqh_enable&quot;:false}\">\n\t\t\t\t<div class=\"elementor-element elementor-element-5a4bc05 elementor-widget elementor-widget-ucaddon_image_card_content_box\" data-id=\"5a4bc05\" data-element_type=\"widget\" data-widget_type=\"ucaddon_image_card_content_box.default\">\n\t\t\t\t<div class=\"elementor-widget-container\">\n\t\t\t\t\t\n<!-- start Image Card -->\n<style>\/* widget: Image Card *\/\n\n#uc_image_card_content_box_elementor_5a4bc05 *{\n\tbox-sizing: border-box;\n}\n\n#uc_image_card_content_box_elementor_5a4bc05 {\n\tfont-size:14px;\n\toverflow:hidden;\n\tcolor:#8a8a8a;\n\ttext-align:center;\n\tposition:relative;\n\twidth:100%;\n}\n#uc_image_card_content_box_elementor_5a4bc05  .uc_classic_content_border{\n\tdisplay:block;\n    margin: 0 auto;\n}\n\n#uc_image_card_content_box_elementor_5a4bc05 .uc_classic_content_placeholder{\n  overflow:hidden;\n}\n#uc_image_card_content_box_elementor_5a4bc05 .uc_classic_content_placeholder img{\n\twidth:100%;\n}\n\n#uc_image_card_content_box_elementor_5a4bc05 .uc_classic_content_content {\n display: flex;\n flex-flow: column nowrap;\n}\n\n#uc_image_card_content_box_elementor_5a4bc05 .btn_wrap{\n  margin-top:auto;\n}\n#uc_image_card_content_box_elementor_5a4bc05 .uc_btn{\n\ttext-decoration:none;\n    text-align:center;\n    align-items:center;\n    justify-content:center;\n    text-align:center;\n}\n\n\n\n.uc_classic_content{\n    box-shadow:rgba(0,0,0,0.10) 0px 5px 20px;\n}\n\n<\/style>\n\n<div class=\"uc_classic_content\" id=\"uc_image_card_content_box_elementor_5a4bc05\">\n  <span class=\"uc_classic_content_border\"><\/span>\n  <div class=\"uc_classic_content_container_holder\">\n           <div class=\"uc_classic_content_placeholder\">\n          <a href=\"https:\/\/lapaz.bo\/turismo\/conducir-en-la-paz\/\" >            <img decoding=\"async\" src=\"https:\/\/lapaz.bo\/turismo\/wp-content\/uploads\/2025\/09\/Renta-de-autos-768x461.png\" alt=\"Renta-de-autos\">\n          <\/a>       <\/div>\n        <div class=\"uc_classic_content_content\">\n      <h2  class=\"ue-title\">Conducir en La Paz<\/h2>        <div class=\"ue-text\"><\/div>                      <div class=\"btn_wrap\">\n              <a class=\"uc_more_btn  uc_btn\" href=\"https:\/\/lapaz.bo\/turismo\/conducir-en-la-paz\/\" >\n                                ver m\u00e1s\n              <\/a>\n            <\/div>\n              <\/div>\n  <\/div>\n  <\/div>\n<!-- end Image Card -->\t\t\t\t<\/div>\n\t\t\t\t<\/div>\n\t\t\t\t<div class=\"elementor-element elementor-element-739e9cb elementor-widget elementor-widget-ucaddon_image_card_content_box\" data-id=\"739e9cb\" data-element_type=\"widget\" data-widget_type=\"ucaddon_image_card_content_box.default\">\n\t\t\t\t<div class=\"elementor-widget-container\">\n\t\t\t\t\t\n<!-- start Image Card -->\n<style>\/* widget: Image Card *\/\n\n#uc_image_card_content_box_elementor_739e9cb *{\n\tbox-sizing: border-box;\n}\n\n#uc_image_card_content_box_elementor_739e9cb {\n\tfont-size:14px;\n\toverflow:hidden;\n\tcolor:#8a8a8a;\n\ttext-align:center;\n\tposition:relative;\n\twidth:100%;\n}\n#uc_image_card_content_box_elementor_739e9cb  .uc_classic_content_border{\n\tdisplay:block;\n    margin: 0 auto;\n}\n\n#uc_image_card_content_box_elementor_739e9cb .uc_classic_content_placeholder{\n  overflow:hidden;\n}\n#uc_image_card_content_box_elementor_739e9cb .uc_classic_content_placeholder img{\n\twidth:100%;\n}\n\n#uc_image_card_content_box_elementor_739e9cb .uc_classic_content_content {\n display: flex;\n flex-flow: column nowrap;\n}\n\n#uc_image_card_content_box_elementor_739e9cb .btn_wrap{\n  margin-top:auto;\n}\n#uc_image_card_content_box_elementor_739e9cb .uc_btn{\n\ttext-decoration:none;\n    text-align:center;\n    align-items:center;\n    justify-content:center;\n    text-align:center;\n}\n\n\n\n.uc_classic_content{\n    box-shadow:rgba(0,0,0,0.10) 0px 5px 20px;\n}\n\n<\/style>\n\n<div class=\"uc_classic_content\" id=\"uc_image_card_content_box_elementor_739e9cb\">\n  <span class=\"uc_classic_content_border\"><\/span>\n  <div class=\"uc_classic_content_container_holder\">\n           <div class=\"uc_classic_content_placeholder\">\n          <a href=\"https:\/\/embajadadebolivia.eu\/visa-turismo\/\"  target='_blank'>            <img decoding=\"async\" src=\"https:\/\/lapaz.bo\/turismo\/wp-content\/uploads\/2025\/09\/visa-768x535.jpg\" alt=\"visa\">\n          <\/a>       <\/div>\n        <div class=\"uc_classic_content_content\">\n      <h2  class=\"ue-title\">Informaci\u00f3n sobre VISA<\/h2>        <div class=\"ue-text\"><\/div>                      <div class=\"btn_wrap\">\n              <a class=\"uc_more_btn  uc_btn\" href=\"https:\/\/embajadadebolivia.eu\/visa-turismo\/\"  target='_blank'>\n                                ver m\u00e1s\n              <\/a>\n            <\/div>\n              <\/div>\n  <\/div>\n  <\/div>\n<!-- end Image Card -->\t\t\t\t<\/div>\n\t\t\t\t<\/div>\n\t\t\t\t<\/div>\n\t\t\t\t<\/div>\n\t\t\t\t<\/div>\n\t\t\t\t\t<\/div>\n\t\t\t\t<\/div>\n\t\t\t\t<\/div>\n\t\t","protected":false},"excerpt":{"rendered":"<p>Viaje Seguro Ciudad segura ver m\u00e1s Registra tu viaje ver m\u00e1s Equipos de rescate ver m\u00e1s Recomendaciones ver m\u00e1s Conducir en La Paz ver m\u00e1s Informaci\u00f3n sobre VISA ver m\u00e1s<\/p>\n","protected":false},"author":1,"featured_media":483,"parent":0,"menu_order":0,"comment_status":"closed","ping_status":"closed","template":"","meta":{"site-sidebar-layout":"default","site-content-layout":"","ast-site-content-layout":"default","site-content-style":"default","site-sidebar-style":"default","ast-global-header-display":"","ast-banner-title-visibility":"","ast-main-header-display":"","ast-hfb-above-header-display":"","ast-hfb-below-header-display":"","ast-hfb-mobile-header-display":"","site-post-title":"disabled","ast-breadcrumbs-content":"","ast-featured-img":"","footer-sml-layout":"","ast-disable-related-posts":"","theme-transparent-header-meta":"","adv-header-id-meta":"","stick-header-meta":"","header-above-stick-meta":"","header-main-stick-meta":"","header-below-stick-meta":"","astra-migrate-meta-layouts":"set","ast-page-background-enabled":"default","ast-page-background-meta":{"desktop":{"background-color":"var(--ast-global-color-4)","background-image":"","background-repeat":"repeat","background-position":"center center","background-size":"auto","background-attachment":"scroll","background-type":"","background-media":"","overlay-type":"","overlay-color":"","overlay-opacity":"","overlay-gradient":""},"tablet":{"background-color":"","background-image":"","background-repeat":"repeat","background-position":"center center","background-size":"auto","background-attachment":"scroll","background-type":"","background-media":"","overlay-type":"","overlay-color":"","overlay-opacity":"","overlay-gradient":""},"mobile":{"background-color":"","background-image":"","background-repeat":"repeat","background-position":"center center","background-size":"auto","background-attachment":"scroll","background-type":"","background-media":"","overlay-type":"","overlay-color":"","overlay-opacity":"","overlay-gradient":""}},"ast-content-background-meta":{"desktop":{"background-color":"var(--ast-global-color-5)","background-image":"","background-repeat":"repeat","background-position":"center center","background-size":"auto","background-attachment":"scroll","background-type":"","background-media":"","overlay-type":"","overlay-color":"","overlay-opacity":"","overlay-gradient":""},"tablet":{"background-color":"var(--ast-global-color-5)","background-image":"","background-repeat":"repeat","background-position":"center center","background-size":"auto","background-attachment":"scroll","background-type":"","background-media":"","overlay-type":"","overlay-color":"","overlay-opacity":"","overlay-gradient":""},"mobile":{"background-color":"var(--ast-global-color-5)","background-image":"","background-repeat":"repeat","background-position":"center center","background-size":"auto","background-attachment":"scroll","background-type":"","background-media":"","overlay-type":"","overlay-color":"","overlay-opacity":"","overlay-gradient":""}},"footnotes":""},"class_list":["post-484","page","type-page","status-publish","has-post-thumbnail","hentry"],"_links":{"self":[{"href":"https:\/\/lapaz.bo\/turismo\/wp-json\/wp\/v2\/pages\/484","targetHints":{"allow":["GET"]}}],"collection":[{"href":"https:\/\/lapaz.bo\/turismo\/wp-json\/wp\/v2\/pages"}],"about":[{"href":"https:\/\/lapaz.bo\/turismo\/wp-json\/wp\/v2\/types\/page"}],"author":[{"embeddable":true,"href":"https:\/\/lapaz.bo\/turismo\/wp-json\/wp\/v2\/users\/1"}],"replies":[{"embeddable":true,"href":"https:\/\/lapaz.bo\/turismo\/wp-json\/wp\/v2\/comments?post=484"}],"version-history":[{"count":34,"href":"https:\/\/lapaz.bo\/turismo\/wp-json\/wp\/v2\/pages\/484\/revisions"}],"predecessor-version":[{"id":653,"href":"https:\/\/lapaz.bo\/turismo\/wp-json\/wp\/v2\/pages\/484\/revisions\/653"}],"wp:featuredmedia":[{"embeddable":true,"href":"https:\/\/lapaz.bo\/turismo\/wp-json\/wp\/v2\/media\/483"}],"wp:attachment":[{"href":"https:\/\/lapaz.bo\/turismo\/wp-json\/wp\/v2\/media?parent=484"}],"curies":[{"name":"wp","href":"https:\/\/api.w.org\/{rel}","templated":true}]}}