{"id":253,"date":"2022-08-24T13:15:47","date_gmt":"2022-08-24T13:15:47","guid":{"rendered":"http:\/\/192.168.5.44\/blogSMP\/?page_id=253"},"modified":"2024-01-25T13:55:21","modified_gmt":"2024-01-25T13:55:21","slug":"el-dato","status":"publish","type":"page","link":"https:\/\/lapaz.bo\/smp\/blog\/index.php\/el-dato\/","title":{"rendered":"El dato"},"content":{"rendered":"\t\t<div data-elementor-type=\"wp-page\" data-elementor-id=\"253\" class=\"elementor elementor-253\">\n\t\t\t\t\t\t\t\t\t<section class=\"elementor-section elementor-top-section elementor-element elementor-element-9cad9ea elementor-section-full_width elementor-section-height-min-height elementor-section-height-default elementor-section-items-middle\" data-id=\"9cad9ea\" data-element_type=\"section\" data-settings=\"{&quot;background_background&quot;:&quot;slideshow&quot;,&quot;background_slideshow_gallery&quot;:[{&quot;id&quot;:255,&quot;url&quot;:&quot;https:\\\/\\\/lapaz.bo\\\/smp\\\/blog\\\/\\\/wp-content\\\/uploads\\\/2022\\\/08\\\/el-dato-2.jpg&quot;}],&quot;background_slideshow_loop&quot;:&quot;yes&quot;,&quot;background_slideshow_slide_duration&quot;:5000,&quot;background_slideshow_slide_transition&quot;:&quot;fade&quot;,&quot;background_slideshow_transition_duration&quot;:500,&quot;_ha_eqh_enable&quot;:false}\">\n\t\t\t\t\t\t<div class=\"elementor-container elementor-column-gap-default\">\n\t\t\t\t\t<div class=\"elementor-column elementor-col-100 elementor-top-column elementor-element elementor-element-3f820c2\" data-id=\"3f820c2\" data-element_type=\"column\">\n\t\t\t<div class=\"elementor-widget-wrap elementor-element-populated\">\n\t\t\t\t\t\t\t\t<div class=\"elementor-element elementor-element-587f27e elementor-widget elementor-widget-heading\" data-id=\"587f27e\" data-element_type=\"widget\" data-widget_type=\"heading.default\">\n\t\t\t\t<div class=\"elementor-widget-container\">\n\t\t\t<style>\/*! elementor - v3.6.7 - 03-07-2022 *\/\n.elementor-heading-title{padding:0;margin:0;line-height:1}.elementor-widget-heading .elementor-heading-title[class*=elementor-size-]>a{color:inherit;font-size:inherit;line-height:inherit}.elementor-widget-heading .elementor-heading-title.elementor-size-small{font-size:15px}.elementor-widget-heading .elementor-heading-title.elementor-size-medium{font-size:19px}.elementor-widget-heading .elementor-heading-title.elementor-size-large{font-size:29px}.elementor-widget-heading .elementor-heading-title.elementor-size-xl{font-size:39px}.elementor-widget-heading .elementor-heading-title.elementor-size-xxl{font-size:59px}<\/style><h1 class=\"elementor-heading-title elementor-size-default\">El dato<\/h1>\t\t<\/div>\n\t\t\t\t<\/div>\n\t\t\t\t\t<\/div>\n\t\t<\/div>\n\t\t\t\t\t\t\t<\/div>\n\t\t<\/section>\n\t\t\t\t<section class=\"elementor-section elementor-top-section elementor-element elementor-element-6f12768 elementor-section-boxed elementor-section-height-default elementor-section-height-default\" data-id=\"6f12768\" data-element_type=\"section\" data-settings=\"{&quot;_ha_eqh_enable&quot;:false}\">\n\t\t\t\t\t\t<div class=\"elementor-container elementor-column-gap-default\">\n\t\t\t\t\t<div class=\"elementor-column elementor-col-100 elementor-top-column elementor-element elementor-element-3f5ca71\" data-id=\"3f5ca71\" data-element_type=\"column\">\n\t\t\t<div class=\"elementor-widget-wrap elementor-element-populated\">\n\t\t\t\t\t\t\t\t<div class=\"elementor-element elementor-element-c256e14 ha-pg-grid-3 ha-pg-grid-tablet-2 ha-pg-grid-mobile-1 elementor-widget elementor-widget-ha-post-grid-new happy-addon ha-post-grid-new happy-addon-pro\" data-id=\"c256e14\" data-element_type=\"widget\" data-settings=\"{&quot;columns&quot;:&quot;3&quot;,&quot;columns_tablet&quot;:&quot;2&quot;,&quot;columns_mobile&quot;:&quot;1&quot;}\" data-widget_type=\"ha-post-grid-new.default\">\n\t\t\t\t<div class=\"elementor-widget-container\">\n\t\t\t\t\t\t\t\t\t<div class=\"ha-pg-wrapper ha-pg-default ha-pg-classic\">\n\t\t\t\t\t<div class=\"ha-pg-grid-wrap\">\n\t\t\t\t\t\n\t\t\t\t\t\t\t\t<div class=\"ha-pg-item\">\n\t\t\t\t\t\t\t<div class=\"ha-pg-thumb-area\">\n\t\t\t\t\t<a href=\"https:\/\/lapaz.bo\/smp\/blog\/index.php\/2026\/05\/07\/el-transporte-publico-en-la-paz-entre-la-presion-social-y-la-necesidad-de-reforma\/\" class=\"ha-pg-thumb\">\n\t\t\t\t\t\t<img loading=\"lazy\" decoding=\"async\" width=\"1024\" height=\"683\" src=\"https:\/\/lapaz.bo\/smp\/blog\/wp-content\/uploads\/2026\/05\/TRANSPORTE-1024x683.jpeg\" class=\"attachment-large size-large wp-post-image\" alt=\"\" srcset=\"https:\/\/lapaz.bo\/smp\/blog\/wp-content\/uploads\/2026\/05\/TRANSPORTE-1024x683.jpeg 1024w, https:\/\/lapaz.bo\/smp\/blog\/wp-content\/uploads\/2026\/05\/TRANSPORTE-300x200.jpeg 300w, https:\/\/lapaz.bo\/smp\/blog\/wp-content\/uploads\/2026\/05\/TRANSPORTE-768x512.jpeg 768w, https:\/\/lapaz.bo\/smp\/blog\/wp-content\/uploads\/2026\/05\/TRANSPORTE.jpeg 1280w\" sizes=\"auto, (max-width: 1024px) 100vw, 1024px\" \/>\t\t\t\t\t<\/a>\n\t\t\t\t\t\t\t\t<div class=\"ha-pg-badge\">\n\t\t\t\t<a href=\"https:\/\/lapaz.bo\/smp\/blog\/index.php\/category\/el-dato\/\" class=\"ha-pg-badge-taxonomy\" rel=\"tag\">El dato<\/a>\t\t\t<\/div>\n\t\t\t\t\t\t<\/div>\n\t\t\t\t\t\t<div class=\"ha-pg-content-area\">\n\n\t\t\t\t<h4 class=\"ha-pg-title\"><a href=\"https:\/\/lapaz.bo\/smp\/blog\/index.php\/2026\/05\/07\/el-transporte-publico-en-la-paz-entre-la-presion-social-y-la-necesidad-de-reforma\/\">EL TRANSPORTE P\u00daBLICO EN LA PAZ, ENTRE LA PRESI\u00d3N SOCIAL Y LA NECESIDAD DE REFORMA<\/a><\/h4>\n\t\t\t\t\n\t\t\t\t\t\t\t<div class=\"ha-pg-excerpt\">\n\t\t\t\t<p>EL TRANSPORTE P\u00daBLICO EN LA PAZ, ENTRE LA PRESI\u00d3N SOCIAL Y LA NECESIDAD DE REFORMA&hellip;<\/p>\t\t\t<\/div>\n\t\t\n\t\t\t\t<div class=\"ha-pg-readmore\"><a href=\"https:\/\/lapaz.bo\/smp\/blog\/index.php\/2026\/05\/07\/el-transporte-publico-en-la-paz-entre-la-presion-social-y-la-necesidad-de-reforma\/\" target=\"_blank\">ver m\u00e1s \u00bb<\/a><\/div>\t\t\t<\/div>\n\t\t<\/div>\n\t\n\t\t\t\t\t\n\t\t\t\t\t\t\t\t<div class=\"ha-pg-item\">\n\t\t\t\t\t\t\t<div class=\"ha-pg-thumb-area\">\n\t\t\t\t\t<a href=\"https:\/\/lapaz.bo\/smp\/blog\/index.php\/2026\/05\/05\/sabes-cual-es-el-material-mas-utilizado-en-las-viviendas-del-municipio\/\" class=\"ha-pg-thumb\">\n\t\t\t\t\t\t<img loading=\"lazy\" decoding=\"async\" width=\"600\" height=\"450\" src=\"https:\/\/lapaz.bo\/smp\/blog\/wp-content\/uploads\/2026\/05\/materiales.webp\" class=\"attachment-large size-large wp-post-image\" alt=\"\" srcset=\"https:\/\/lapaz.bo\/smp\/blog\/wp-content\/uploads\/2026\/05\/materiales.webp 600w, https:\/\/lapaz.bo\/smp\/blog\/wp-content\/uploads\/2026\/05\/materiales-300x225.webp 300w\" sizes=\"auto, (max-width: 600px) 100vw, 600px\" \/>\t\t\t\t\t<\/a>\n\t\t\t\t\t\t\t\t<div class=\"ha-pg-badge\">\n\t\t\t\t<a href=\"https:\/\/lapaz.bo\/smp\/blog\/index.php\/category\/el-dato\/\" class=\"ha-pg-badge-taxonomy\" rel=\"tag\">El dato<\/a>\t\t\t<\/div>\n\t\t\t\t\t\t<\/div>\n\t\t\t\t\t\t<div class=\"ha-pg-content-area\">\n\n\t\t\t\t<h4 class=\"ha-pg-title\"><a href=\"https:\/\/lapaz.bo\/smp\/blog\/index.php\/2026\/05\/05\/sabes-cual-es-el-material-mas-utilizado-en-las-viviendas-del-municipio\/\">\u00bfSABES CU\u00c1L ES EL MATERIAL M\u00c1S UTILIZADO EN LAS VIVIENDAS DEL MUNICIPIO?<\/a><\/h4>\n\t\t\t\t\n\t\t\t\t\t\t\t<div class=\"ha-pg-excerpt\">\n\t\t\t\t<p>\u00bfSABES CU\u00c1L ES EL MATERIAL M\u00c1S UTILIZADO EN LAS VIVIENDAS DEL MUNICIPIO? Paola Marcia Gutierrez&hellip;<\/p>\t\t\t<\/div>\n\t\t\n\t\t\t\t<div class=\"ha-pg-readmore\"><a href=\"https:\/\/lapaz.bo\/smp\/blog\/index.php\/2026\/05\/05\/sabes-cual-es-el-material-mas-utilizado-en-las-viviendas-del-municipio\/\" target=\"_blank\">ver m\u00e1s \u00bb<\/a><\/div>\t\t\t<\/div>\n\t\t<\/div>\n\t\n\t\t\t\t\t\n\t\t\t\t\t\t\t\t<div class=\"ha-pg-item\">\n\t\t\t\t\t\t\t<div class=\"ha-pg-thumb-area\">\n\t\t\t\t\t<a href=\"https:\/\/lapaz.bo\/smp\/blog\/index.php\/2026\/04\/28\/en-que-nos-transportamos-los-pacenos\/\" class=\"ha-pg-thumb\">\n\t\t\t\t\t\t<img loading=\"lazy\" decoding=\"async\" width=\"1024\" height=\"572\" src=\"https:\/\/lapaz.bo\/smp\/blog\/wp-content\/uploads\/2026\/04\/tipos-de-transporte-1-1024x572.webp\" class=\"attachment-large size-large wp-post-image\" alt=\"\" srcset=\"https:\/\/lapaz.bo\/smp\/blog\/wp-content\/uploads\/2026\/04\/tipos-de-transporte-1-1024x572.webp 1024w, https:\/\/lapaz.bo\/smp\/blog\/wp-content\/uploads\/2026\/04\/tipos-de-transporte-1-300x168.webp 300w, https:\/\/lapaz.bo\/smp\/blog\/wp-content\/uploads\/2026\/04\/tipos-de-transporte-1-768x429.webp 768w, https:\/\/lapaz.bo\/smp\/blog\/wp-content\/uploads\/2026\/04\/tipos-de-transporte-1.webp 1200w\" sizes=\"auto, (max-width: 1024px) 100vw, 1024px\" \/>\t\t\t\t\t<\/a>\n\t\t\t\t\t\t\t\t<div class=\"ha-pg-badge\">\n\t\t\t\t<a href=\"https:\/\/lapaz.bo\/smp\/blog\/index.php\/category\/el-dato\/\" class=\"ha-pg-badge-taxonomy\" rel=\"tag\">El dato<\/a>\t\t\t<\/div>\n\t\t\t\t\t\t<\/div>\n\t\t\t\t\t\t<div class=\"ha-pg-content-area\">\n\n\t\t\t\t<h4 class=\"ha-pg-title\"><a href=\"https:\/\/lapaz.bo\/smp\/blog\/index.php\/2026\/04\/28\/en-que-nos-transportamos-los-pacenos\/\">\u00bfEN QU\u00c9 NOS TRANSPORTAMOS LOS PACE\u00d1OS?<\/a><\/h4>\n\t\t\t\t\n\t\t\t\t\t\t\t<div class=\"ha-pg-excerpt\">\n\t\t\t\t<p>\u00bfEN QU\u00c9 NOS TRANSPORTAMOS LOS PACE\u00d1OS? Paola Marcia Gutierrez Aliaga &nbsp;&#8211; Unidad de Investigaci\u00f3n y&hellip;<\/p>\t\t\t<\/div>\n\t\t\n\t\t\t\t<div class=\"ha-pg-readmore\"><a href=\"https:\/\/lapaz.bo\/smp\/blog\/index.php\/2026\/04\/28\/en-que-nos-transportamos-los-pacenos\/\" target=\"_blank\">ver m\u00e1s \u00bb<\/a><\/div>\t\t\t<\/div>\n\t\t<\/div>\n\t\n\t\t\t\t\t\n\t\t\t\t\t\t\t\t<div class=\"ha-pg-item\">\n\t\t\t\t\t\t\t<div class=\"ha-pg-thumb-area\">\n\t\t\t\t\t<a href=\"https:\/\/lapaz.bo\/smp\/blog\/index.php\/2026\/04\/23\/de-donde-viene-el-agua-que-consumen-las-viviendas-del-area-urbana-de-la-paz\/\" class=\"ha-pg-thumb\">\n\t\t\t\t\t\t<img loading=\"lazy\" decoding=\"async\" width=\"1024\" height=\"510\" src=\"https:\/\/lapaz.bo\/smp\/blog\/wp-content\/uploads\/2026\/04\/AGUA-01-1024x510.jpg\" class=\"attachment-large size-large wp-post-image\" alt=\"\" srcset=\"https:\/\/lapaz.bo\/smp\/blog\/wp-content\/uploads\/2026\/04\/AGUA-01-1024x510.jpg 1024w, https:\/\/lapaz.bo\/smp\/blog\/wp-content\/uploads\/2026\/04\/AGUA-01-300x149.jpg 300w, https:\/\/lapaz.bo\/smp\/blog\/wp-content\/uploads\/2026\/04\/AGUA-01-768x382.jpg 768w, https:\/\/lapaz.bo\/smp\/blog\/wp-content\/uploads\/2026\/04\/AGUA-01-1536x765.jpg 1536w, https:\/\/lapaz.bo\/smp\/blog\/wp-content\/uploads\/2026\/04\/AGUA-01-2048x1020.jpg 2048w\" sizes=\"auto, (max-width: 1024px) 100vw, 1024px\" \/>\t\t\t\t\t<\/a>\n\t\t\t\t\t\t\t\t<div class=\"ha-pg-badge\">\n\t\t\t\t<a href=\"https:\/\/lapaz.bo\/smp\/blog\/index.php\/category\/el-dato\/\" class=\"ha-pg-badge-taxonomy\" rel=\"tag\">El dato<\/a>\t\t\t<\/div>\n\t\t\t\t\t\t<\/div>\n\t\t\t\t\t\t<div class=\"ha-pg-content-area\">\n\n\t\t\t\t<h4 class=\"ha-pg-title\"><a href=\"https:\/\/lapaz.bo\/smp\/blog\/index.php\/2026\/04\/23\/de-donde-viene-el-agua-que-consumen-las-viviendas-del-area-urbana-de-la-paz\/\">\u00bfDE D\u00d3NDE VIENE EL AGUA QUE CONSUMEN LAS VIVIENDAS DEL \u00c1REA URBANA DE LA PAZ?<\/a><\/h4>\n\t\t\t\t\n\t\t\t\t\t\t\t<div class=\"ha-pg-excerpt\">\n\t\t\t\t<p>\u00bfDE D\u00d3NDE VIENE EL AGUA QUE CONSUMEN LAS VIVIENDAS DEL \u00c1REA URBANA DE LA PAZ?&hellip;<\/p>\t\t\t<\/div>\n\t\t\n\t\t\t\t<div class=\"ha-pg-readmore\"><a href=\"https:\/\/lapaz.bo\/smp\/blog\/index.php\/2026\/04\/23\/de-donde-viene-el-agua-que-consumen-las-viviendas-del-area-urbana-de-la-paz\/\" target=\"_blank\">ver m\u00e1s \u00bb<\/a><\/div>\t\t\t<\/div>\n\t\t<\/div>\n\t\n\t\t\t\t\t\n\t\t\t\t\t\t\t\t<div class=\"ha-pg-item\">\n\t\t\t\t\t\t\t<div class=\"ha-pg-thumb-area\">\n\t\t\t\t\t<a href=\"https:\/\/lapaz.bo\/smp\/blog\/index.php\/2026\/04\/21\/sabes-en-que-tipo-de-vivienda-viven-los-pacenos\/\" class=\"ha-pg-thumb\">\n\t\t\t\t\t\t<img loading=\"lazy\" decoding=\"async\" width=\"1024\" height=\"510\" src=\"https:\/\/lapaz.bo\/smp\/blog\/wp-content\/uploads\/2026\/04\/TIPOS-DE-VIVIENDA-02-01-1024x510.jpg\" class=\"attachment-large size-large wp-post-image\" alt=\"\" srcset=\"https:\/\/lapaz.bo\/smp\/blog\/wp-content\/uploads\/2026\/04\/TIPOS-DE-VIVIENDA-02-01-1024x510.jpg 1024w, https:\/\/lapaz.bo\/smp\/blog\/wp-content\/uploads\/2026\/04\/TIPOS-DE-VIVIENDA-02-01-300x149.jpg 300w, https:\/\/lapaz.bo\/smp\/blog\/wp-content\/uploads\/2026\/04\/TIPOS-DE-VIVIENDA-02-01-768x382.jpg 768w, https:\/\/lapaz.bo\/smp\/blog\/wp-content\/uploads\/2026\/04\/TIPOS-DE-VIVIENDA-02-01-1536x765.jpg 1536w, https:\/\/lapaz.bo\/smp\/blog\/wp-content\/uploads\/2026\/04\/TIPOS-DE-VIVIENDA-02-01-2048x1020.jpg 2048w\" sizes=\"auto, (max-width: 1024px) 100vw, 1024px\" \/>\t\t\t\t\t<\/a>\n\t\t\t\t\t\t\t\t<div class=\"ha-pg-badge\">\n\t\t\t\t<a href=\"https:\/\/lapaz.bo\/smp\/blog\/index.php\/category\/el-dato\/\" class=\"ha-pg-badge-taxonomy\" rel=\"tag\">El dato<\/a>\t\t\t<\/div>\n\t\t\t\t\t\t<\/div>\n\t\t\t\t\t\t<div class=\"ha-pg-content-area\">\n\n\t\t\t\t<h4 class=\"ha-pg-title\"><a href=\"https:\/\/lapaz.bo\/smp\/blog\/index.php\/2026\/04\/21\/sabes-en-que-tipo-de-vivienda-viven-los-pacenos\/\">\u00bfSABES EN QU\u00c9 TIPO DE VIVIENDA VIVEN LOS PACE\u00d1OS?<\/a><\/h4>\n\t\t\t\t\n\t\t\t\t\t\t\t<div class=\"ha-pg-excerpt\">\n\t\t\t\t<p>\u00bfSABES EN QU\u00c9 TIPO DE VIVIENDA VIVEN LOS PACE\u00d1OS? Paola Marcia Guti\u00e9rrez Aliaga &#8211; Unidad&hellip;<\/p>\t\t\t<\/div>\n\t\t\n\t\t\t\t<div class=\"ha-pg-readmore\"><a href=\"https:\/\/lapaz.bo\/smp\/blog\/index.php\/2026\/04\/21\/sabes-en-que-tipo-de-vivienda-viven-los-pacenos\/\" target=\"_blank\">ver m\u00e1s \u00bb<\/a><\/div>\t\t\t<\/div>\n\t\t<\/div>\n\t\n\t\t\t\t\t\n\t\t\t\t\t\t\t\t<div class=\"ha-pg-item\">\n\t\t\t\t\t\t\t<div class=\"ha-pg-thumb-area\">\n\t\t\t\t\t<a href=\"https:\/\/lapaz.bo\/smp\/blog\/index.php\/2026\/04\/16\/sabes-como-se-distribuye-la-tenencia-de-la-vivienda-en-el-municipio-de-la-paz\/\" class=\"ha-pg-thumb\">\n\t\t\t\t\t\t<img loading=\"lazy\" decoding=\"async\" width=\"1024\" height=\"510\" src=\"https:\/\/lapaz.bo\/smp\/blog\/wp-content\/uploads\/2026\/04\/VIVIENDA-01-1024x510.jpg\" class=\"attachment-large size-large wp-post-image\" alt=\"\" srcset=\"https:\/\/lapaz.bo\/smp\/blog\/wp-content\/uploads\/2026\/04\/VIVIENDA-01-1024x510.jpg 1024w, https:\/\/lapaz.bo\/smp\/blog\/wp-content\/uploads\/2026\/04\/VIVIENDA-01-300x149.jpg 300w, https:\/\/lapaz.bo\/smp\/blog\/wp-content\/uploads\/2026\/04\/VIVIENDA-01-768x382.jpg 768w, https:\/\/lapaz.bo\/smp\/blog\/wp-content\/uploads\/2026\/04\/VIVIENDA-01-1536x765.jpg 1536w, https:\/\/lapaz.bo\/smp\/blog\/wp-content\/uploads\/2026\/04\/VIVIENDA-01-2048x1020.jpg 2048w\" sizes=\"auto, (max-width: 1024px) 100vw, 1024px\" \/>\t\t\t\t\t<\/a>\n\t\t\t\t\t\t\t\t<div class=\"ha-pg-badge\">\n\t\t\t\t<a href=\"https:\/\/lapaz.bo\/smp\/blog\/index.php\/category\/el-dato\/\" class=\"ha-pg-badge-taxonomy\" rel=\"tag\">El dato<\/a>\t\t\t<\/div>\n\t\t\t\t\t\t<\/div>\n\t\t\t\t\t\t<div class=\"ha-pg-content-area\">\n\n\t\t\t\t<h4 class=\"ha-pg-title\"><a href=\"https:\/\/lapaz.bo\/smp\/blog\/index.php\/2026\/04\/16\/sabes-como-se-distribuye-la-tenencia-de-la-vivienda-en-el-municipio-de-la-paz\/\">\u00bfSABES C\u00d3MO SE DISTRIBUYE LA TENENCIA DE LA VIVIENDA EN EL MUNICIPIO DE LA PAZ?<\/a><\/h4>\n\t\t\t\t\n\t\t\t\t\t\t\t<div class=\"ha-pg-excerpt\">\n\t\t\t\t<p>\u00bfSABES C\u00d3MO SE DISTRIBUYE LA TENENCIA DE LA VIVIENDA EN EL MUNICIPIO DE LA PAZ?&hellip;<\/p>\t\t\t<\/div>\n\t\t\n\t\t\t\t<div class=\"ha-pg-readmore\"><a href=\"https:\/\/lapaz.bo\/smp\/blog\/index.php\/2026\/04\/16\/sabes-como-se-distribuye-la-tenencia-de-la-vivienda-en-el-municipio-de-la-paz\/\" target=\"_blank\">ver m\u00e1s \u00bb<\/a><\/div>\t\t\t<\/div>\n\t\t<\/div>\n\t\n\t\t\t\t\t\t\t\t\t\t\t\t\t\t\t<\/div>\n\t\t\t\t\t\t\t<nav class=\"ha-pg-pagination-wrap\" role=\"navigation\" aria-label=\"Pagination\">\n\t\t\t<span aria-current=\"page\" class=\"page-numbers current\"><span class=\"elementor-screen-only\">Page<\/span>1<\/span>\n<a class=\"page-numbers\" href=\"https:\/\/lapaz.bo\/smp\/blog\/index.php\/wp-json\/wp\/v2\/pages\/253\/page\/2\/\"><span class=\"elementor-screen-only\">Page<\/span>2<\/a>\n<a class=\"page-numbers\" href=\"https:\/\/lapaz.bo\/smp\/blog\/index.php\/wp-json\/wp\/v2\/pages\/253\/page\/3\/\"><span class=\"elementor-screen-only\">Page<\/span>3<\/a>\n<a class=\"page-numbers\" href=\"https:\/\/lapaz.bo\/smp\/blog\/index.php\/wp-json\/wp\/v2\/pages\/253\/page\/4\/\"><span class=\"elementor-screen-only\">Page<\/span>4<\/a>\n<a class=\"page-numbers\" href=\"https:\/\/lapaz.bo\/smp\/blog\/index.php\/wp-json\/wp\/v2\/pages\/253\/page\/5\/\"><span class=\"elementor-screen-only\">Page<\/span>5<\/a>\n<a class=\"page-numbers\" href=\"https:\/\/lapaz.bo\/smp\/blog\/index.php\/wp-json\/wp\/v2\/pages\/253\/page\/6\/\"><span class=\"elementor-screen-only\">Page<\/span>6<\/a>\n<a class=\"page-numbers\" href=\"https:\/\/lapaz.bo\/smp\/blog\/index.php\/wp-json\/wp\/v2\/pages\/253\/page\/7\/\"><span class=\"elementor-screen-only\">Page<\/span>7<\/a>\n<a class=\"page-numbers\" href=\"https:\/\/lapaz.bo\/smp\/blog\/index.php\/wp-json\/wp\/v2\/pages\/253\/page\/8\/\"><span class=\"elementor-screen-only\">Page<\/span>8<\/a>\n<a class=\"page-numbers\" href=\"https:\/\/lapaz.bo\/smp\/blog\/index.php\/wp-json\/wp\/v2\/pages\/253\/page\/9\/\"><span class=\"elementor-screen-only\">Page<\/span>9<\/a>\n<a class=\"page-numbers\" href=\"https:\/\/lapaz.bo\/smp\/blog\/index.php\/wp-json\/wp\/v2\/pages\/253\/page\/10\/\"><span class=\"elementor-screen-only\">Page<\/span>10<\/a>\n<a class=\"page-numbers next\" href=\"https:\/\/lapaz.bo\/smp\/blog\/index.php\/wp-json\/wp\/v2\/pages\/253\/page\/2\/\">Siguiente &raquo;<\/a>\t\t<\/nav>\n\t\t\t\t\t\t<\/div>\n\t\t\t\t\t\t\t<\/div>\n\t\t\t\t<\/div>\n\t\t\t\t\t<\/div>\n\t\t<\/div>\n\t\t\t\t\t\t\t<\/div>\n\t\t<\/section>\n\t\t\t\t\t\t\t<\/div>\n\t\t","protected":false},"excerpt":{"rendered":"<p>El dato El dato ESTADO NUTRICIONAL, CRECIMIENTO LINEAL Y RIESGO CARDIOMETAB\u00d3LICO EN LOS ESTUDIANTES DE UNIDADES EDUCATIVAS FISCALES Y DE CONVENIO DEL MUNICIPIO DE LA PAZ ESTADO NUTRICIONAL, CRECIMIENTO LINEAL Y RIESGO CARDIOMETAB\u00d3LICO EN LOS ESTUDIANTES DE UNIDADES EDUCATIVAS FISCALES Y&hellip; ver m\u00e1s \u00bb El dato \u00bfCU\u00c1NTOS MERCADOS EXISTEN EN LA PAZ? \u00bfCU\u00c1NTOS MERCADOS EXISTEN &hellip;<\/p>\n<p class=\"read-more\"> <a class=\"\" href=\"https:\/\/lapaz.bo\/smp\/blog\/index.php\/2026\/04\/16\/sabes-como-se-distribuye-la-tenencia-de-la-vivienda-en-el-municipio-de-la-paz\/\"> <span class=\"screen-reader-text\">\u00bfSABES C\u00d3MO SE DISTRIBUYE LA TENENCIA DE LA VIVIENDA EN EL MUNICIPIO DE LA PAZ?<\/span> Read More &raquo;<\/a><\/p>\n","protected":false},"author":1,"featured_media":0,"parent":0,"menu_order":0,"comment_status":"closed","ping_status":"closed","template":"","meta":{"site-sidebar-layout":"no-sidebar","site-content-layout":"page-builder","ast-global-header-display":"","ast-main-header-display":"","ast-hfb-above-header-display":"","ast-hfb-below-header-display":"","ast-hfb-mobile-header-display":"","site-post-title":"disabled","ast-breadcrumbs-content":"","ast-featured-img":"disabled","footer-sml-layout":"","theme-transparent-header-meta":"","adv-header-id-meta":"","stick-header-meta":"","header-above-stick-meta":"","header-main-stick-meta":"","header-below-stick-meta":"","footnotes":""},"class_list":["post-253","page","type-page","status-publish","hentry"],"_links":{"self":[{"href":"https:\/\/lapaz.bo\/smp\/blog\/index.php\/wp-json\/wp\/v2\/pages\/253","targetHints":{"allow":["GET"]}}],"collection":[{"href":"https:\/\/lapaz.bo\/smp\/blog\/index.php\/wp-json\/wp\/v2\/pages"}],"about":[{"href":"https:\/\/lapaz.bo\/smp\/blog\/index.php\/wp-json\/wp\/v2\/types\/page"}],"author":[{"embeddable":true,"href":"https:\/\/lapaz.bo\/smp\/blog\/index.php\/wp-json\/wp\/v2\/users\/1"}],"replies":[{"embeddable":true,"href":"https:\/\/lapaz.bo\/smp\/blog\/index.php\/wp-json\/wp\/v2\/comments?post=253"}],"version-history":[{"count":10,"href":"https:\/\/lapaz.bo\/smp\/blog\/index.php\/wp-json\/wp\/v2\/pages\/253\/revisions"}],"predecessor-version":[{"id":2081,"href":"https:\/\/lapaz.bo\/smp\/blog\/index.php\/wp-json\/wp\/v2\/pages\/253\/revisions\/2081"}],"wp:attachment":[{"href":"https:\/\/lapaz.bo\/smp\/blog\/index.php\/wp-json\/wp\/v2\/media?parent=253"}],"curies":[{"name":"wp","href":"https:\/\/api.w.org\/{rel}","templated":true}]}}