{"id":247,"date":"2022-08-24T13:11:45","date_gmt":"2022-08-24T13:11:45","guid":{"rendered":"http:\/\/192.168.5.44\/blogSMP\/?page_id=247"},"modified":"2022-08-24T13:24:22","modified_gmt":"2022-08-24T13:24:22","slug":"resenas-2","status":"publish","type":"page","link":"https:\/\/lapaz.bo\/smp\/blog\/index.php\/resenas-2\/","title":{"rendered":"Rese\u00f1as"},"content":{"rendered":"\t\t<div data-elementor-type=\"wp-page\" data-elementor-id=\"247\" class=\"elementor elementor-247\">\n\t\t\t\t\t\t\t\t\t<section class=\"elementor-section elementor-top-section elementor-element elementor-element-d00fbd0 elementor-section-full_width elementor-section-height-min-height elementor-section-height-default elementor-section-items-middle\" data-id=\"d00fbd0\" data-element_type=\"section\" data-settings=\"{&quot;background_background&quot;:&quot;slideshow&quot;,&quot;background_slideshow_gallery&quot;:[{&quot;id&quot;:249,&quot;url&quot;:&quot;https:\\\/\\\/lapaz.bo\\\/smp\\\/blog\\\/\\\/wp-content\\\/uploads\\\/2022\\\/08\\\/resenas.jpg&quot;}],&quot;background_slideshow_loop&quot;:&quot;yes&quot;,&quot;background_slideshow_slide_duration&quot;:5000,&quot;background_slideshow_slide_transition&quot;:&quot;fade&quot;,&quot;background_slideshow_transition_duration&quot;:500,&quot;_ha_eqh_enable&quot;:false}\">\n\t\t\t\t\t\t<div class=\"elementor-container elementor-column-gap-default\">\n\t\t\t\t\t<div class=\"elementor-column elementor-col-100 elementor-top-column elementor-element elementor-element-4e89bdd\" data-id=\"4e89bdd\" data-element_type=\"column\">\n\t\t\t<div class=\"elementor-widget-wrap elementor-element-populated\">\n\t\t\t\t\t\t\t\t<div class=\"elementor-element elementor-element-73203e7 elementor-widget elementor-widget-heading\" data-id=\"73203e7\" data-element_type=\"widget\" data-widget_type=\"heading.default\">\n\t\t\t\t<div class=\"elementor-widget-container\">\n\t\t\t<style>\/*! elementor - v3.6.7 - 03-07-2022 *\/\n.elementor-heading-title{padding:0;margin:0;line-height:1}.elementor-widget-heading .elementor-heading-title[class*=elementor-size-]>a{color:inherit;font-size:inherit;line-height:inherit}.elementor-widget-heading .elementor-heading-title.elementor-size-small{font-size:15px}.elementor-widget-heading .elementor-heading-title.elementor-size-medium{font-size:19px}.elementor-widget-heading .elementor-heading-title.elementor-size-large{font-size:29px}.elementor-widget-heading .elementor-heading-title.elementor-size-xl{font-size:39px}.elementor-widget-heading .elementor-heading-title.elementor-size-xxl{font-size:59px}<\/style><h1 class=\"elementor-heading-title elementor-size-default\">Rese\u00f1as<\/h1>\t\t<\/div>\n\t\t\t\t<\/div>\n\t\t\t\t\t<\/div>\n\t\t<\/div>\n\t\t\t\t\t\t\t<\/div>\n\t\t<\/section>\n\t\t\t\t<section class=\"elementor-section elementor-top-section elementor-element elementor-element-c85e697 elementor-section-boxed elementor-section-height-default elementor-section-height-default\" data-id=\"c85e697\" data-element_type=\"section\" data-settings=\"{&quot;_ha_eqh_enable&quot;:false}\">\n\t\t\t\t\t\t<div class=\"elementor-container elementor-column-gap-default\">\n\t\t\t\t\t<div class=\"elementor-column elementor-col-100 elementor-top-column elementor-element elementor-element-0155f1a\" data-id=\"0155f1a\" data-element_type=\"column\">\n\t\t\t<div class=\"elementor-widget-wrap elementor-element-populated\">\n\t\t\t\t\t\t\t\t<div class=\"elementor-element elementor-element-69d8ef2 ha-pg-grid-3 ha-pg-grid-tablet-2 ha-pg-grid-mobile-1 elementor-widget elementor-widget-ha-post-grid-new happy-addon ha-post-grid-new happy-addon-pro\" data-id=\"69d8ef2\" data-element_type=\"widget\" data-settings=\"{&quot;columns&quot;:&quot;3&quot;,&quot;columns_tablet&quot;:&quot;2&quot;,&quot;columns_mobile&quot;:&quot;1&quot;}\" data-widget_type=\"ha-post-grid-new.default\">\n\t\t\t\t<div class=\"elementor-widget-container\">\n\t\t\t\t\t\t\t\t\t<div class=\"ha-pg-wrapper ha-pg-default ha-pg-classic\">\n\t\t\t\t\t<div class=\"ha-pg-grid-wrap\">\n\t\t\t\t\t\n\t\t\t\t\t\t\t\t<div class=\"ha-pg-item\">\n\t\t\t\t\t\t\t<div class=\"ha-pg-thumb-area\">\n\t\t\t\t\t<a href=\"https:\/\/lapaz.bo\/smp\/blog\/index.php\/2026\/03\/24\/resena-historia-urbana-desde-la-periferia-latinoamericana\/\" class=\"ha-pg-thumb\">\n\t\t\t\t\t\t<img loading=\"lazy\" decoding=\"async\" width=\"1024\" height=\"635\" src=\"https:\/\/lapaz.bo\/smp\/blog\/wp-content\/uploads\/2026\/03\/periferia-1024x635.webp\" class=\"attachment-large size-large wp-post-image\" alt=\"\" srcset=\"https:\/\/lapaz.bo\/smp\/blog\/wp-content\/uploads\/2026\/03\/periferia-1024x635.webp 1024w, https:\/\/lapaz.bo\/smp\/blog\/wp-content\/uploads\/2026\/03\/periferia-300x186.webp 300w, https:\/\/lapaz.bo\/smp\/blog\/wp-content\/uploads\/2026\/03\/periferia-768x476.webp 768w, https:\/\/lapaz.bo\/smp\/blog\/wp-content\/uploads\/2026\/03\/periferia.webp 1310w\" sizes=\"auto, (max-width: 1024px) 100vw, 1024px\" \/>\t\t\t\t\t<\/a>\n\t\t\t\t\t\t\t\t<div class=\"ha-pg-badge\">\n\t\t\t\t<a href=\"https:\/\/lapaz.bo\/smp\/blog\/index.php\/category\/el-dato\/\" class=\"ha-pg-badge-taxonomy\" rel=\"tag\">El dato<\/a>\t\t\t<\/div>\n\t\t\t\t\t\t<\/div>\n\t\t\t\t\t\t<div class=\"ha-pg-content-area\">\n\n\t\t\t\t<h4 class=\"ha-pg-title\"><a href=\"https:\/\/lapaz.bo\/smp\/blog\/index.php\/2026\/03\/24\/resena-historia-urbana-desde-la-periferia-latinoamericana\/\">RESE\u00d1A: HISTORIA URBANA DESDE LA PERIFERIA LATINOAMERICANA<\/a><\/h4>\n\t\t\t\t\n\t\t\t\t\t\t\t<div class=\"ha-pg-excerpt\">\n\t\t\t\t<p>RESE\u00d1A: HISTORIA URBANA DESDE LA PERIFERIA LATINOAMERICANA Paola Marcia Gutierrez Aliaga &#8211; Unidad de Investigaci\u00f3n&hellip;<\/p>\t\t\t<\/div>\n\t\t\n\t\t\t\t<div class=\"ha-pg-readmore\"><a href=\"https:\/\/lapaz.bo\/smp\/blog\/index.php\/2026\/03\/24\/resena-historia-urbana-desde-la-periferia-latinoamericana\/\" target=\"_blank\">ver m\u00e1s \u00bb<\/a><\/div>\t\t\t<\/div>\n\t\t<\/div>\n\t\n\t\t\t\t\t\n\t\t\t\t\t\t\t\t<div class=\"ha-pg-item\">\n\t\t\t\t\t\t\t<div class=\"ha-pg-thumb-area\">\n\t\t\t\t\t<a href=\"https:\/\/lapaz.bo\/smp\/blog\/index.php\/2026\/01\/20\/luz-entre-sombras-logros-de-bolivia-en-su-camino-al-bicentenario\/\" class=\"ha-pg-thumb\">\n\t\t\t\t\t\t<img loading=\"lazy\" decoding=\"async\" width=\"631\" height=\"889\" src=\"https:\/\/lapaz.bo\/smp\/blog\/wp-content\/uploads\/2026\/01\/Bicentenario-UPB.png\" class=\"attachment-large size-large wp-post-image\" alt=\"\" srcset=\"https:\/\/lapaz.bo\/smp\/blog\/wp-content\/uploads\/2026\/01\/Bicentenario-UPB.png 631w, https:\/\/lapaz.bo\/smp\/blog\/wp-content\/uploads\/2026\/01\/Bicentenario-UPB-213x300.png 213w\" sizes=\"auto, (max-width: 631px) 100vw, 631px\" \/>\t\t\t\t\t<\/a>\n\t\t\t\t\t\t\t\t<div class=\"ha-pg-badge\">\n\t\t\t\t<a href=\"https:\/\/lapaz.bo\/smp\/blog\/index.php\/category\/resenas\/\" class=\"ha-pg-badge-taxonomy\" rel=\"tag\">Rese\u00f1as<\/a>\t\t\t<\/div>\n\t\t\t\t\t\t<\/div>\n\t\t\t\t\t\t<div class=\"ha-pg-content-area\">\n\n\t\t\t\t<h4 class=\"ha-pg-title\"><a href=\"https:\/\/lapaz.bo\/smp\/blog\/index.php\/2026\/01\/20\/luz-entre-sombras-logros-de-bolivia-en-su-camino-al-bicentenario\/\">LUZ ENTRE SOMBRAS: LOGROS DE BOLIVIA EN SU CAMINO AL BICENTENARIO<\/a><\/h4>\n\t\t\t\t\n\t\t\t\t\t\t\t<div class=\"ha-pg-excerpt\">\n\t\t\t\t<p>RESE\u00d1A LUZ ENTRE SOMBRAS: LOGROS DE BOLIVIA EN SU CAMINO AL BICENTENARIO Por: Paola Marcia&hellip;<\/p>\t\t\t<\/div>\n\t\t\n\t\t\t\t<div class=\"ha-pg-readmore\"><a href=\"https:\/\/lapaz.bo\/smp\/blog\/index.php\/2026\/01\/20\/luz-entre-sombras-logros-de-bolivia-en-su-camino-al-bicentenario\/\" target=\"_blank\">ver m\u00e1s \u00bb<\/a><\/div>\t\t\t<\/div>\n\t\t<\/div>\n\t\n\t\t\t\t\t\n\t\t\t\t\t\t\t\t<div class=\"ha-pg-item\">\n\t\t\t\t\t\t\t<div class=\"ha-pg-thumb-area\">\n\t\t\t\t\t<a href=\"https:\/\/lapaz.bo\/smp\/blog\/index.php\/2025\/12\/09\/recuperar-el-siglo-perdido-de-crecimiento-hacia-economias-de-aprendizaje-en-america-latina-y-el-caribe\/\" class=\"ha-pg-thumb\">\n\t\t\t\t\t\t<img loading=\"lazy\" decoding=\"async\" width=\"780\" height=\"439\" src=\"https:\/\/lapaz.bo\/smp\/blog\/wp-content\/uploads\/2025\/10\/Tapa-libro.jpg\" class=\"attachment-large size-large wp-post-image\" alt=\"\" srcset=\"https:\/\/lapaz.bo\/smp\/blog\/wp-content\/uploads\/2025\/10\/Tapa-libro.jpg 780w, https:\/\/lapaz.bo\/smp\/blog\/wp-content\/uploads\/2025\/10\/Tapa-libro-300x169.jpg 300w, https:\/\/lapaz.bo\/smp\/blog\/wp-content\/uploads\/2025\/10\/Tapa-libro-768x432.jpg 768w\" sizes=\"auto, (max-width: 780px) 100vw, 780px\" \/>\t\t\t\t\t<\/a>\n\t\t\t\t\t\t\t\t<div class=\"ha-pg-badge\">\n\t\t\t\t<a href=\"https:\/\/lapaz.bo\/smp\/blog\/index.php\/category\/resenas\/\" class=\"ha-pg-badge-taxonomy\" rel=\"tag\">Rese\u00f1as<\/a>\t\t\t<\/div>\n\t\t\t\t\t\t<\/div>\n\t\t\t\t\t\t<div class=\"ha-pg-content-area\">\n\n\t\t\t\t<h4 class=\"ha-pg-title\"><a href=\"https:\/\/lapaz.bo\/smp\/blog\/index.php\/2025\/12\/09\/recuperar-el-siglo-perdido-de-crecimiento-hacia-economias-de-aprendizaje-en-america-latina-y-el-caribe\/\">RECUPERAR EL SIGLO PERDIDO DE CRECIMIENTO. HACIA ECONOM\u00cdAS DE APRENDIZAJE EN AM\u00c9RICA LATINA Y EL CARIBE<\/a><\/h4>\n\t\t\t\t\n\t\t\t\t\t\t\t<div class=\"ha-pg-excerpt\">\n\t\t\t\t<p>RESE\u00d1A RECUPERAR EL SIGLO PERDIDO DE CRECIMIENTO. HACIA ECONOM\u00cdAS DE APRENDIZAJE EN AM\u00c9RICA LATINA Y&hellip;<\/p>\t\t\t<\/div>\n\t\t\n\t\t\t\t<div class=\"ha-pg-readmore\"><a href=\"https:\/\/lapaz.bo\/smp\/blog\/index.php\/2025\/12\/09\/recuperar-el-siglo-perdido-de-crecimiento-hacia-economias-de-aprendizaje-en-america-latina-y-el-caribe\/\" target=\"_blank\">ver m\u00e1s \u00bb<\/a><\/div>\t\t\t<\/div>\n\t\t<\/div>\n\t\n\t\t\t\t\t\n\t\t\t\t\t\t\t\t<div class=\"ha-pg-item\">\n\t\t\t\t\t\t\t<div class=\"ha-pg-thumb-area\">\n\t\t\t\t\t<a href=\"https:\/\/lapaz.bo\/smp\/blog\/index.php\/2025\/11\/11\/caso-de-estudio-costa-rica-oportunidades-de-integracion-del-desarrollo-urbano-a-la-movilidad-sostenible-en-los-cantones-centrales-de-san-jose\/\" class=\"ha-pg-thumb\">\n\t\t\t\t\t\t<img loading=\"lazy\" decoding=\"async\" width=\"874\" height=\"558\" src=\"https:\/\/lapaz.bo\/smp\/blog\/wp-content\/uploads\/2025\/10\/Portada-Costa-Rica.png\" class=\"attachment-large size-large wp-post-image\" alt=\"\" srcset=\"https:\/\/lapaz.bo\/smp\/blog\/wp-content\/uploads\/2025\/10\/Portada-Costa-Rica.png 874w, https:\/\/lapaz.bo\/smp\/blog\/wp-content\/uploads\/2025\/10\/Portada-Costa-Rica-300x192.png 300w, https:\/\/lapaz.bo\/smp\/blog\/wp-content\/uploads\/2025\/10\/Portada-Costa-Rica-768x490.png 768w\" sizes=\"auto, (max-width: 874px) 100vw, 874px\" \/>\t\t\t\t\t<\/a>\n\t\t\t\t\t\t\t\t<div class=\"ha-pg-badge\">\n\t\t\t\t<a href=\"https:\/\/lapaz.bo\/smp\/blog\/index.php\/category\/resenas\/\" class=\"ha-pg-badge-taxonomy\" rel=\"tag\">Rese\u00f1as<\/a>\t\t\t<\/div>\n\t\t\t\t\t\t<\/div>\n\t\t\t\t\t\t<div class=\"ha-pg-content-area\">\n\n\t\t\t\t<h4 class=\"ha-pg-title\"><a href=\"https:\/\/lapaz.bo\/smp\/blog\/index.php\/2025\/11\/11\/caso-de-estudio-costa-rica-oportunidades-de-integracion-del-desarrollo-urbano-a-la-movilidad-sostenible-en-los-cantones-centrales-de-san-jose\/\">CASO DE ESTUDIO COSTA RICA: OPORTUNIDADES DE INTEGRACI\u00d3N DEL DESARROLLO URBANO A LA MOVILIDAD SOSTENIBLE EN LOS CANTONES CENTRALES DE SAN JOS\u00c9<\/a><\/h4>\n\t\t\t\t\n\t\t\t\t\t\t\t<div class=\"ha-pg-excerpt\">\n\t\t\t\t<p>RESE\u00d1A CASO DE ESTUDIO COSTA RICA: OPORTUNIDADES DE INTEGRACI\u00d3N DEL DESARROLLO URBANO A LA MOVILIDAD&hellip;<\/p>\t\t\t<\/div>\n\t\t\n\t\t\t\t<div class=\"ha-pg-readmore\"><a href=\"https:\/\/lapaz.bo\/smp\/blog\/index.php\/2025\/11\/11\/caso-de-estudio-costa-rica-oportunidades-de-integracion-del-desarrollo-urbano-a-la-movilidad-sostenible-en-los-cantones-centrales-de-san-jose\/\" target=\"_blank\">ver m\u00e1s \u00bb<\/a><\/div>\t\t\t<\/div>\n\t\t<\/div>\n\t\n\t\t\t\t\t\n\t\t\t\t\t\t\t\t<div class=\"ha-pg-item\">\n\t\t\t\t\t\t\t<div class=\"ha-pg-thumb-area\">\n\t\t\t\t\t<a href=\"https:\/\/lapaz.bo\/smp\/blog\/index.php\/2025\/11\/04\/caso-de-estudio-yakarta-la-red-de-brt-mas-larga-del-mundo-y-la-reintroduccion-de-los-sistemas-ferroviarios\/\" class=\"ha-pg-thumb\">\n\t\t\t\t\t\t<img loading=\"lazy\" decoding=\"async\" width=\"742\" height=\"522\" src=\"https:\/\/lapaz.bo\/smp\/blog\/wp-content\/uploads\/2025\/10\/Portada-Yakarta.png\" class=\"attachment-large size-large wp-post-image\" alt=\"\" srcset=\"https:\/\/lapaz.bo\/smp\/blog\/wp-content\/uploads\/2025\/10\/Portada-Yakarta.png 742w, https:\/\/lapaz.bo\/smp\/blog\/wp-content\/uploads\/2025\/10\/Portada-Yakarta-300x211.png 300w\" sizes=\"auto, (max-width: 742px) 100vw, 742px\" \/>\t\t\t\t\t<\/a>\n\t\t\t\t\t\t\t\t<div class=\"ha-pg-badge\">\n\t\t\t\t<a href=\"https:\/\/lapaz.bo\/smp\/blog\/index.php\/category\/resenas\/\" class=\"ha-pg-badge-taxonomy\" rel=\"tag\">Rese\u00f1as<\/a>\t\t\t<\/div>\n\t\t\t\t\t\t<\/div>\n\t\t\t\t\t\t<div class=\"ha-pg-content-area\">\n\n\t\t\t\t<h4 class=\"ha-pg-title\"><a href=\"https:\/\/lapaz.bo\/smp\/blog\/index.php\/2025\/11\/04\/caso-de-estudio-yakarta-la-red-de-brt-mas-larga-del-mundo-y-la-reintroduccion-de-los-sistemas-ferroviarios\/\">CASO DE ESTUDIO YAKARTA: LA RED DE BRT M\u00c1S LARGA DEL MUNDO Y LA REINTRODUCCI\u00d3N DE LOS SISTEMAS FERROVIARIOS<\/a><\/h4>\n\t\t\t\t\n\t\t\t\t\t\t\t<div class=\"ha-pg-excerpt\">\n\t\t\t\t<p>RESE\u00d1A CASO DE ESTUDIO YAKARTA: LA RED DE BRT M\u00c1S LARGA DEL MUNDO Y LA&hellip;<\/p>\t\t\t<\/div>\n\t\t\n\t\t\t\t<div class=\"ha-pg-readmore\"><a href=\"https:\/\/lapaz.bo\/smp\/blog\/index.php\/2025\/11\/04\/caso-de-estudio-yakarta-la-red-de-brt-mas-larga-del-mundo-y-la-reintroduccion-de-los-sistemas-ferroviarios\/\" target=\"_blank\">ver m\u00e1s \u00bb<\/a><\/div>\t\t\t<\/div>\n\t\t<\/div>\n\t\n\t\t\t\t\t\n\t\t\t\t\t\t\t\t<div class=\"ha-pg-item\">\n\t\t\t\t\t\t\t<div class=\"ha-pg-thumb-area\">\n\t\t\t\t\t<a href=\"https:\/\/lapaz.bo\/smp\/blog\/index.php\/2025\/10\/30\/caso-de-estudio-bogota-nuevas-reglas-y-oportunidades-para-el-aprovechamiento-de-cobeneficios-de-la-movilidad\/\" class=\"ha-pg-thumb\">\n\t\t\t\t\t\t<img loading=\"lazy\" decoding=\"async\" width=\"810\" height=\"663\" src=\"https:\/\/lapaz.bo\/smp\/blog\/wp-content\/uploads\/2025\/10\/Portada-Bogota.png\" class=\"attachment-large size-large wp-post-image\" alt=\"\" srcset=\"https:\/\/lapaz.bo\/smp\/blog\/wp-content\/uploads\/2025\/10\/Portada-Bogota.png 810w, https:\/\/lapaz.bo\/smp\/blog\/wp-content\/uploads\/2025\/10\/Portada-Bogota-300x246.png 300w, https:\/\/lapaz.bo\/smp\/blog\/wp-content\/uploads\/2025\/10\/Portada-Bogota-768x629.png 768w\" sizes=\"auto, (max-width: 810px) 100vw, 810px\" \/>\t\t\t\t\t<\/a>\n\t\t\t\t\t\t\t\t<div class=\"ha-pg-badge\">\n\t\t\t\t<a href=\"https:\/\/lapaz.bo\/smp\/blog\/index.php\/category\/resenas\/\" class=\"ha-pg-badge-taxonomy\" rel=\"tag\">Rese\u00f1as<\/a>\t\t\t<\/div>\n\t\t\t\t\t\t<\/div>\n\t\t\t\t\t\t<div class=\"ha-pg-content-area\">\n\n\t\t\t\t<h4 class=\"ha-pg-title\"><a href=\"https:\/\/lapaz.bo\/smp\/blog\/index.php\/2025\/10\/30\/caso-de-estudio-bogota-nuevas-reglas-y-oportunidades-para-el-aprovechamiento-de-cobeneficios-de-la-movilidad\/\">CASO DE ESTUDIO BOGOT\u00c1: NUEVAS REGLAS Y OPORTUNIDADES PARA EL APROVECHAMIENTO DE COBENEFICIOS DE LA MOVILIDAD<\/a><\/h4>\n\t\t\t\t\n\t\t\t\t\t\t\t<div class=\"ha-pg-excerpt\">\n\t\t\t\t<p>RESE\u00d1A CASO DE ESTUDIO BOGOT\u00c1: NUEVAS REGLAS Y OPORTUNIDADES PARA EL APROVECHAMIENTO DE COBENEFICIOS DE&hellip;<\/p>\t\t\t<\/div>\n\t\t\n\t\t\t\t<div class=\"ha-pg-readmore\"><a href=\"https:\/\/lapaz.bo\/smp\/blog\/index.php\/2025\/10\/30\/caso-de-estudio-bogota-nuevas-reglas-y-oportunidades-para-el-aprovechamiento-de-cobeneficios-de-la-movilidad\/\" target=\"_blank\">ver m\u00e1s \u00bb<\/a><\/div>\t\t\t<\/div>\n\t\t<\/div>\n\t\n\t\t\t\t\t\t\t\t\t\t\t\t\t\t\t<\/div>\n\t\t\t\t\t\t\t<nav class=\"ha-pg-pagination-wrap\" role=\"navigation\" aria-label=\"Pagination\">\n\t\t\t<span aria-current=\"page\" class=\"page-numbers current\"><span class=\"elementor-screen-only\">Page<\/span>1<\/span>\n<a class=\"page-numbers\" href=\"https:\/\/lapaz.bo\/smp\/blog\/index.php\/wp-json\/wp\/v2\/pages\/247\/page\/2\/\"><span class=\"elementor-screen-only\">Page<\/span>2<\/a>\n<a class=\"page-numbers\" href=\"https:\/\/lapaz.bo\/smp\/blog\/index.php\/wp-json\/wp\/v2\/pages\/247\/page\/3\/\"><span class=\"elementor-screen-only\">Page<\/span>3<\/a>\n<a class=\"page-numbers\" href=\"https:\/\/lapaz.bo\/smp\/blog\/index.php\/wp-json\/wp\/v2\/pages\/247\/page\/4\/\"><span class=\"elementor-screen-only\">Page<\/span>4<\/a>\n<a class=\"page-numbers next\" href=\"https:\/\/lapaz.bo\/smp\/blog\/index.php\/wp-json\/wp\/v2\/pages\/247\/page\/2\/\">Siguiente &raquo;<\/a>\t\t<\/nav>\n\t\t\t\t\t\t<\/div>\n\t\t\t\t\t\t\t<\/div>\n\t\t\t\t<\/div>\n\t\t\t\t\t<\/div>\n\t\t<\/div>\n\t\t\t\t\t\t\t<\/div>\n\t\t<\/section>\n\t\t\t\t\t\t\t<\/div>\n\t\t","protected":false},"excerpt":{"rendered":"<p>Rese\u00f1as La Paz moderna y verde REGENERATIVE CITIES (CIUDADES REGENERATIVAS). WORLD FUTURE COUNCIL (2010) Regenerative Cities (Ciudades Regenerativas). World Future Council (2010) Por: Javier Gustavo P\u00e9rez Mendieta &#8211; Unidad&hellip; ver m\u00e1s \u00bb Rese\u00f1as SISTEMA DE CIUDADES DE BOLIVIA. ONU HABITAT (2021) Las ciudades, en las d\u00e9cadas recientes, se han constituido en elementos centrales de la &hellip;<\/p>\n<p class=\"read-more\"> <a class=\"\" href=\"https:\/\/lapaz.bo\/smp\/blog\/index.php\/2025\/10\/30\/caso-de-estudio-bogota-nuevas-reglas-y-oportunidades-para-el-aprovechamiento-de-cobeneficios-de-la-movilidad\/\"> <span class=\"screen-reader-text\">CASO DE ESTUDIO BOGOT\u00c1: NUEVAS REGLAS Y OPORTUNIDADES PARA EL APROVECHAMIENTO DE COBENEFICIOS DE LA MOVILIDAD<\/span> Read More &raquo;<\/a><\/p>\n","protected":false},"author":1,"featured_media":0,"parent":0,"menu_order":0,"comment_status":"closed","ping_status":"closed","template":"","meta":{"site-sidebar-layout":"no-sidebar","site-content-layout":"page-builder","ast-global-header-display":"","ast-main-header-display":"","ast-hfb-above-header-display":"","ast-hfb-below-header-display":"","ast-hfb-mobile-header-display":"","site-post-title":"disabled","ast-breadcrumbs-content":"","ast-featured-img":"disabled","footer-sml-layout":"","theme-transparent-header-meta":"","adv-header-id-meta":"","stick-header-meta":"","header-above-stick-meta":"","header-main-stick-meta":"","header-below-stick-meta":"","footnotes":""},"class_list":["post-247","page","type-page","status-publish","hentry"],"_links":{"self":[{"href":"https:\/\/lapaz.bo\/smp\/blog\/index.php\/wp-json\/wp\/v2\/pages\/247","targetHints":{"allow":["GET"]}}],"collection":[{"href":"https:\/\/lapaz.bo\/smp\/blog\/index.php\/wp-json\/wp\/v2\/pages"}],"about":[{"href":"https:\/\/lapaz.bo\/smp\/blog\/index.php\/wp-json\/wp\/v2\/types\/page"}],"author":[{"embeddable":true,"href":"https:\/\/lapaz.bo\/smp\/blog\/index.php\/wp-json\/wp\/v2\/users\/1"}],"replies":[{"embeddable":true,"href":"https:\/\/lapaz.bo\/smp\/blog\/index.php\/wp-json\/wp\/v2\/comments?post=247"}],"version-history":[{"count":7,"href":"https:\/\/lapaz.bo\/smp\/blog\/index.php\/wp-json\/wp\/v2\/pages\/247\/revisions"}],"predecessor-version":[{"id":270,"href":"https:\/\/lapaz.bo\/smp\/blog\/index.php\/wp-json\/wp\/v2\/pages\/247\/revisions\/270"}],"wp:attachment":[{"href":"https:\/\/lapaz.bo\/smp\/blog\/index.php\/wp-json\/wp\/v2\/media?parent=247"}],"curies":[{"name":"wp","href":"https:\/\/api.w.org\/{rel}","templated":true}]}}