{"id":238,"date":"2022-08-24T13:03:44","date_gmt":"2022-08-24T13:03:44","guid":{"rendered":"http:\/\/192.168.5.44\/blogSMP\/?page_id=238"},"modified":"2022-08-24T13:24:03","modified_gmt":"2022-08-24T13:24:03","slug":"investigaciones","status":"publish","type":"page","link":"https:\/\/lapaz.bo\/smp\/blog\/index.php\/investigaciones\/","title":{"rendered":"Investigaciones"},"content":{"rendered":"\t\t<div data-elementor-type=\"wp-page\" data-elementor-id=\"238\" class=\"elementor elementor-238\">\n\t\t\t\t\t\t\t\t\t<section class=\"elementor-section elementor-top-section elementor-element elementor-element-f5c7ad9 elementor-section-full_width elementor-section-height-min-height elementor-section-height-default elementor-section-items-middle\" data-id=\"f5c7ad9\" data-element_type=\"section\" data-settings=\"{&quot;background_background&quot;:&quot;slideshow&quot;,&quot;background_slideshow_gallery&quot;:[{&quot;id&quot;:240,&quot;url&quot;:&quot;https:\\\/\\\/lapaz.bo\\\/smp\\\/blog\\\/\\\/wp-content\\\/uploads\\\/2022\\\/08\\\/investigaciones-tematicas-2.jpg&quot;}],&quot;background_slideshow_loop&quot;:&quot;yes&quot;,&quot;background_slideshow_slide_duration&quot;:5000,&quot;background_slideshow_slide_transition&quot;:&quot;fade&quot;,&quot;background_slideshow_transition_duration&quot;:500,&quot;_ha_eqh_enable&quot;:false}\">\n\t\t\t\t\t\t<div class=\"elementor-container elementor-column-gap-default\">\n\t\t\t\t\t<div class=\"elementor-column elementor-col-100 elementor-top-column elementor-element elementor-element-8482311\" data-id=\"8482311\" data-element_type=\"column\">\n\t\t\t<div class=\"elementor-widget-wrap elementor-element-populated\">\n\t\t\t\t\t\t\t\t<div class=\"elementor-element elementor-element-5dea0dd elementor-widget elementor-widget-heading\" data-id=\"5dea0dd\" data-element_type=\"widget\" data-widget_type=\"heading.default\">\n\t\t\t\t<div class=\"elementor-widget-container\">\n\t\t\t<style>\/*! elementor - v3.6.7 - 03-07-2022 *\/\n.elementor-heading-title{padding:0;margin:0;line-height:1}.elementor-widget-heading .elementor-heading-title[class*=elementor-size-]>a{color:inherit;font-size:inherit;line-height:inherit}.elementor-widget-heading .elementor-heading-title.elementor-size-small{font-size:15px}.elementor-widget-heading .elementor-heading-title.elementor-size-medium{font-size:19px}.elementor-widget-heading .elementor-heading-title.elementor-size-large{font-size:29px}.elementor-widget-heading .elementor-heading-title.elementor-size-xl{font-size:39px}.elementor-widget-heading .elementor-heading-title.elementor-size-xxl{font-size:59px}<\/style><h1 class=\"elementor-heading-title elementor-size-default\">Investigaciones tem\u00e1ticas<\/h1>\t\t<\/div>\n\t\t\t\t<\/div>\n\t\t\t\t\t<\/div>\n\t\t<\/div>\n\t\t\t\t\t\t\t<\/div>\n\t\t<\/section>\n\t\t\t\t<section class=\"elementor-section elementor-top-section elementor-element elementor-element-71a3050 elementor-section-boxed elementor-section-height-default elementor-section-height-default\" data-id=\"71a3050\" data-element_type=\"section\" data-settings=\"{&quot;_ha_eqh_enable&quot;:false}\">\n\t\t\t\t\t\t<div class=\"elementor-container elementor-column-gap-default\">\n\t\t\t\t\t<div class=\"elementor-column elementor-col-100 elementor-top-column elementor-element elementor-element-4a513eb\" data-id=\"4a513eb\" data-element_type=\"column\">\n\t\t\t<div class=\"elementor-widget-wrap elementor-element-populated\">\n\t\t\t\t\t\t\t\t<div class=\"elementor-element elementor-element-6fc443f ha-pg-grid-3 ha-pg-grid-tablet-2 ha-pg-grid-mobile-1 elementor-widget elementor-widget-ha-post-grid-new happy-addon ha-post-grid-new happy-addon-pro\" data-id=\"6fc443f\" data-element_type=\"widget\" data-settings=\"{&quot;columns&quot;:&quot;3&quot;,&quot;columns_tablet&quot;:&quot;2&quot;,&quot;columns_mobile&quot;:&quot;1&quot;}\" data-widget_type=\"ha-post-grid-new.default\">\n\t\t\t\t<div class=\"elementor-widget-container\">\n\t\t\t\t\t\t\t\t\t<div class=\"ha-pg-wrapper ha-pg-default ha-pg-classic\">\n\t\t\t\t\t<div class=\"ha-pg-grid-wrap\">\n\t\t\t\t\t\n\t\t\t\t\t\t\t\t<div class=\"ha-pg-item\">\n\t\t\t\t\t\t\t<div class=\"ha-pg-thumb-area\">\n\t\t\t\t\t<a href=\"https:\/\/lapaz.bo\/smp\/blog\/index.php\/2026\/04\/07\/analisis-lusu-evaluacion-normativa-y-sus-efectos-en-la-consolidacion-urbana-en-el-municipio-de-la-paz\/\" class=\"ha-pg-thumb\">\n\t\t\t\t\t\t<img loading=\"lazy\" decoding=\"async\" width=\"1024\" height=\"753\" src=\"https:\/\/lapaz.bo\/smp\/blog\/wp-content\/uploads\/2026\/04\/CARATULA-1-1024x753.jpg\" class=\"attachment-large size-large wp-post-image\" alt=\"\" srcset=\"https:\/\/lapaz.bo\/smp\/blog\/wp-content\/uploads\/2026\/04\/CARATULA-1-1024x753.jpg 1024w, https:\/\/lapaz.bo\/smp\/blog\/wp-content\/uploads\/2026\/04\/CARATULA-1-300x221.jpg 300w, https:\/\/lapaz.bo\/smp\/blog\/wp-content\/uploads\/2026\/04\/CARATULA-1-768x565.jpg 768w, https:\/\/lapaz.bo\/smp\/blog\/wp-content\/uploads\/2026\/04\/CARATULA-1.jpg 1080w\" sizes=\"auto, (max-width: 1024px) 100vw, 1024px\" \/>\t\t\t\t\t<\/a>\n\t\t\t\t\t\t\t\t<div class=\"ha-pg-badge\">\n\t\t\t\t<a href=\"https:\/\/lapaz.bo\/smp\/blog\/index.php\/category\/investigaciones-tematicas\/\" class=\"ha-pg-badge-taxonomy\" rel=\"tag\">Investigaciones tem\u00e1ticas<\/a>\t\t\t<\/div>\n\t\t\t\t\t\t<\/div>\n\t\t\t\t\t\t<div class=\"ha-pg-content-area\">\n\n\t\t\t\t<h4 class=\"ha-pg-title\"><a href=\"https:\/\/lapaz.bo\/smp\/blog\/index.php\/2026\/04\/07\/analisis-lusu-evaluacion-normativa-y-sus-efectos-en-la-consolidacion-urbana-en-el-municipio-de-la-paz\/\">An\u00e1lisis LUSU: Evaluaci\u00f3n normativa y sus efectos en la consolidaci\u00f3n urbana en el municipio de La Paz<\/a><\/h4>\n\t\t\t\t\n\t\t\t\t\t\t\t<div class=\"ha-pg-excerpt\">\n\t\t\t\t<p>An\u00e1lisis LUSU: Evaluaci\u00f3n normativa y sus efectos en la consolidaci\u00f3n urbana en el municipio de&hellip;<\/p>\t\t\t<\/div>\n\t\t\n\t\t\t\t<div class=\"ha-pg-readmore\"><a href=\"https:\/\/lapaz.bo\/smp\/blog\/index.php\/2026\/04\/07\/analisis-lusu-evaluacion-normativa-y-sus-efectos-en-la-consolidacion-urbana-en-el-municipio-de-la-paz\/\" target=\"_blank\">ver m\u00e1s \u00bb<\/a><\/div>\t\t\t<\/div>\n\t\t<\/div>\n\t\n\t\t\t\t\t\n\t\t\t\t\t\t\t\t<div class=\"ha-pg-item\">\n\t\t\t\t\t\t\t<div class=\"ha-pg-thumb-area\">\n\t\t\t\t\t<a href=\"https:\/\/lapaz.bo\/smp\/blog\/index.php\/2026\/03\/12\/guia-para-el-desarrollo-de-investigaciones\/\" class=\"ha-pg-thumb\">\n\t\t\t\t\t\t<img loading=\"lazy\" decoding=\"async\" width=\"1024\" height=\"739\" src=\"https:\/\/lapaz.bo\/smp\/blog\/wp-content\/uploads\/2026\/03\/GUIA-OK-1.png\" class=\"attachment-large size-large wp-post-image\" alt=\"\" srcset=\"https:\/\/lapaz.bo\/smp\/blog\/wp-content\/uploads\/2026\/03\/GUIA-OK-1.png 1024w, https:\/\/lapaz.bo\/smp\/blog\/wp-content\/uploads\/2026\/03\/GUIA-OK-1-300x217.png 300w, https:\/\/lapaz.bo\/smp\/blog\/wp-content\/uploads\/2026\/03\/GUIA-OK-1-768x554.png 768w\" sizes=\"auto, (max-width: 1024px) 100vw, 1024px\" \/>\t\t\t\t\t<\/a>\n\t\t\t\t\t\t\t\t<div class=\"ha-pg-badge\">\n\t\t\t\t<a href=\"https:\/\/lapaz.bo\/smp\/blog\/index.php\/category\/investigaciones-tematicas\/\" class=\"ha-pg-badge-taxonomy\" rel=\"tag\">Investigaciones tem\u00e1ticas<\/a>\t\t\t<\/div>\n\t\t\t\t\t\t<\/div>\n\t\t\t\t\t\t<div class=\"ha-pg-content-area\">\n\n\t\t\t\t<h4 class=\"ha-pg-title\"><a href=\"https:\/\/lapaz.bo\/smp\/blog\/index.php\/2026\/03\/12\/guia-para-el-desarrollo-de-investigaciones\/\">GU\u00cdA PARA EL DESARROLLO DE INVESTIGACIONES<\/a><\/h4>\n\t\t\t\t\n\t\t\t\t\t\t\t<div class=\"ha-pg-excerpt\">\n\t\t\t\t<p>GU\u00cdA PARA EL DESARROLLO DE INVESTIGACIONES La investigaci\u00f3n es parte de la evoluci\u00f3n humana y&hellip;<\/p>\t\t\t<\/div>\n\t\t\n\t\t\t\t<div class=\"ha-pg-readmore\"><a href=\"https:\/\/lapaz.bo\/smp\/blog\/index.php\/2026\/03\/12\/guia-para-el-desarrollo-de-investigaciones\/\" target=\"_blank\">ver m\u00e1s \u00bb<\/a><\/div>\t\t\t<\/div>\n\t\t<\/div>\n\t\n\t\t\t\t\t\n\t\t\t\t\t\t\t\t<div class=\"ha-pg-item\">\n\t\t\t\t\t\t\t<div class=\"ha-pg-thumb-area\">\n\t\t\t\t\t<a href=\"https:\/\/lapaz.bo\/smp\/blog\/index.php\/2026\/03\/04\/la-paz-en-situaciones-de-crisis\/\" class=\"ha-pg-thumb\">\n\t\t\t\t\t\t<img loading=\"lazy\" decoding=\"async\" width=\"859\" height=\"1024\" src=\"https:\/\/lapaz.bo\/smp\/blog\/wp-content\/uploads\/2026\/03\/PORTADA-CRISIS-OK-859x1024.jpg\" class=\"attachment-large size-large wp-post-image\" alt=\"\" srcset=\"https:\/\/lapaz.bo\/smp\/blog\/wp-content\/uploads\/2026\/03\/PORTADA-CRISIS-OK-859x1024.jpg 859w, https:\/\/lapaz.bo\/smp\/blog\/wp-content\/uploads\/2026\/03\/PORTADA-CRISIS-OK-252x300.jpg 252w, https:\/\/lapaz.bo\/smp\/blog\/wp-content\/uploads\/2026\/03\/PORTADA-CRISIS-OK-768x915.jpg 768w, https:\/\/lapaz.bo\/smp\/blog\/wp-content\/uploads\/2026\/03\/PORTADA-CRISIS-OK.jpg 906w\" sizes=\"auto, (max-width: 859px) 100vw, 859px\" \/>\t\t\t\t\t<\/a>\n\t\t\t\t\t\t\t\t<div class=\"ha-pg-badge\">\n\t\t\t\t<a href=\"https:\/\/lapaz.bo\/smp\/blog\/index.php\/category\/investigaciones-tematicas\/\" class=\"ha-pg-badge-taxonomy\" rel=\"tag\">Investigaciones tem\u00e1ticas<\/a>\t\t\t<\/div>\n\t\t\t\t\t\t<\/div>\n\t\t\t\t\t\t<div class=\"ha-pg-content-area\">\n\n\t\t\t\t<h4 class=\"ha-pg-title\"><a href=\"https:\/\/lapaz.bo\/smp\/blog\/index.php\/2026\/03\/04\/la-paz-en-situaciones-de-crisis\/\">LA PAZ EN SITUACIONES DE CRISIS<\/a><\/h4>\n\t\t\t\t\n\t\t\t\t\t\t\t<div class=\"ha-pg-excerpt\">\n\t\t\t\t<p>LA PAZ EN SITUACIONES DE CRISIS Una crisis es un cambio abrupto de efectos negativos&hellip;<\/p>\t\t\t<\/div>\n\t\t\n\t\t\t\t<div class=\"ha-pg-readmore\"><a href=\"https:\/\/lapaz.bo\/smp\/blog\/index.php\/2026\/03\/04\/la-paz-en-situaciones-de-crisis\/\" target=\"_blank\">ver m\u00e1s \u00bb<\/a><\/div>\t\t\t<\/div>\n\t\t<\/div>\n\t\n\t\t\t\t\t\n\t\t\t\t\t\t\t\t<div class=\"ha-pg-item\">\n\t\t\t\t\t\t\t<div class=\"ha-pg-thumb-area\">\n\t\t\t\t\t<a href=\"https:\/\/lapaz.bo\/smp\/blog\/index.php\/2025\/09\/11\/gestion-sostenible-del-drenaje-pluvial-en-el-municipio-de-la-paz\/\" class=\"ha-pg-thumb\">\n\t\t\t\t\t\t<img loading=\"lazy\" decoding=\"async\" width=\"1024\" height=\"678\" src=\"https:\/\/lapaz.bo\/smp\/blog\/wp-content\/uploads\/2025\/09\/Dataton-3-1024x678.jpg\" class=\"attachment-large size-large wp-post-image\" alt=\"\" srcset=\"https:\/\/lapaz.bo\/smp\/blog\/wp-content\/uploads\/2025\/09\/Dataton-3-1024x678.jpg 1024w, https:\/\/lapaz.bo\/smp\/blog\/wp-content\/uploads\/2025\/09\/Dataton-3-300x199.jpg 300w, https:\/\/lapaz.bo\/smp\/blog\/wp-content\/uploads\/2025\/09\/Dataton-3-768x508.jpg 768w, https:\/\/lapaz.bo\/smp\/blog\/wp-content\/uploads\/2025\/09\/Dataton-3-1536x1017.jpg 1536w, https:\/\/lapaz.bo\/smp\/blog\/wp-content\/uploads\/2025\/09\/Dataton-3.jpg 1600w\" sizes=\"auto, (max-width: 1024px) 100vw, 1024px\" \/>\t\t\t\t\t<\/a>\n\t\t\t\t\t\t\t\t<div class=\"ha-pg-badge\">\n\t\t\t\t<a href=\"https:\/\/lapaz.bo\/smp\/blog\/index.php\/category\/investigaciones-tematicas\/\" class=\"ha-pg-badge-taxonomy\" rel=\"tag\">Investigaciones tem\u00e1ticas<\/a>\t\t\t<\/div>\n\t\t\t\t\t\t<\/div>\n\t\t\t\t\t\t<div class=\"ha-pg-content-area\">\n\n\t\t\t\t<h4 class=\"ha-pg-title\"><a href=\"https:\/\/lapaz.bo\/smp\/blog\/index.php\/2025\/09\/11\/gestion-sostenible-del-drenaje-pluvial-en-el-municipio-de-la-paz\/\">GESTI\u00d3N SOSTENIBLE DEL DRENAJE PLUVIAL EN EL MUNICIPIO DE LA PAZ<\/a><\/h4>\n\t\t\t\t\n\t\t\t\t\t\t\t<div class=\"ha-pg-excerpt\">\n\t\t\t\t<p>&#8220;GESTI\u00d3N SOSTENIBLE DEL DRENAJE PLUVIAL EN EL MUNICIPIO DE LA PAZ&#8221; DATAT\u00d3N DEL BICENTENARIO DE&hellip;<\/p>\t\t\t<\/div>\n\t\t\n\t\t\t\t<div class=\"ha-pg-readmore\"><a href=\"https:\/\/lapaz.bo\/smp\/blog\/index.php\/2025\/09\/11\/gestion-sostenible-del-drenaje-pluvial-en-el-municipio-de-la-paz\/\" target=\"_blank\">ver m\u00e1s \u00bb<\/a><\/div>\t\t\t<\/div>\n\t\t<\/div>\n\t\n\t\t\t\t\t\n\t\t\t\t\t\t\t\t<div class=\"ha-pg-item\">\n\t\t\t\t\t\t\t<div class=\"ha-pg-thumb-area\">\n\t\t\t\t\t<a href=\"https:\/\/lapaz.bo\/smp\/blog\/index.php\/2025\/09\/09\/inversion-publica-en-desarrollo-cultural\/\" class=\"ha-pg-thumb\">\n\t\t\t\t\t\t<img loading=\"lazy\" decoding=\"async\" width=\"1024\" height=\"678\" src=\"https:\/\/lapaz.bo\/smp\/blog\/wp-content\/uploads\/2025\/09\/Dataton-4-1024x678.jpg\" class=\"attachment-large size-large wp-post-image\" alt=\"\" srcset=\"https:\/\/lapaz.bo\/smp\/blog\/wp-content\/uploads\/2025\/09\/Dataton-4-1024x678.jpg 1024w, https:\/\/lapaz.bo\/smp\/blog\/wp-content\/uploads\/2025\/09\/Dataton-4-300x199.jpg 300w, https:\/\/lapaz.bo\/smp\/blog\/wp-content\/uploads\/2025\/09\/Dataton-4-768x508.jpg 768w, https:\/\/lapaz.bo\/smp\/blog\/wp-content\/uploads\/2025\/09\/Dataton-4-1536x1017.jpg 1536w, https:\/\/lapaz.bo\/smp\/blog\/wp-content\/uploads\/2025\/09\/Dataton-4.jpg 1600w\" sizes=\"auto, (max-width: 1024px) 100vw, 1024px\" \/>\t\t\t\t\t<\/a>\n\t\t\t\t\t\t\t\t<div class=\"ha-pg-badge\">\n\t\t\t\t<a href=\"https:\/\/lapaz.bo\/smp\/blog\/index.php\/category\/investigaciones-tematicas\/\" class=\"ha-pg-badge-taxonomy\" rel=\"tag\">Investigaciones tem\u00e1ticas<\/a>\t\t\t<\/div>\n\t\t\t\t\t\t<\/div>\n\t\t\t\t\t\t<div class=\"ha-pg-content-area\">\n\n\t\t\t\t<h4 class=\"ha-pg-title\"><a href=\"https:\/\/lapaz.bo\/smp\/blog\/index.php\/2025\/09\/09\/inversion-publica-en-desarrollo-cultural\/\">INVERSI\u00d3N P\u00daBLICA EN DESARROLLO CULTURAL<\/a><\/h4>\n\t\t\t\t\n\t\t\t\t\t\t\t<div class=\"ha-pg-excerpt\">\n\t\t\t\t<p>&#8220;INVERSI\u00d3N P\u00daBLICA EN DESARROLLO CULTURAL&#8221; DATAT\u00d3N DEL BICENTENARIO DE POL\u00cdTICAS P\u00daBLICAS MUNICIPALES El Gobierno Aut\u00f3nomo&hellip;<\/p>\t\t\t<\/div>\n\t\t\n\t\t\t\t<div class=\"ha-pg-readmore\"><a href=\"https:\/\/lapaz.bo\/smp\/blog\/index.php\/2025\/09\/09\/inversion-publica-en-desarrollo-cultural\/\" target=\"_blank\">ver m\u00e1s \u00bb<\/a><\/div>\t\t\t<\/div>\n\t\t<\/div>\n\t\n\t\t\t\t\t\n\t\t\t\t\t\t\t\t<div class=\"ha-pg-item\">\n\t\t\t\t\t\t\t<div class=\"ha-pg-thumb-area\">\n\t\t\t\t\t<a href=\"https:\/\/lapaz.bo\/smp\/blog\/index.php\/2025\/09\/04\/geoportal-la-paz-activa-la-propuesta-ganadora-del-dataton-del-bicentenario-de-politicas-publicas-municipales\/\" class=\"ha-pg-thumb\">\n\t\t\t\t\t\t<img loading=\"lazy\" decoding=\"async\" width=\"1024\" height=\"678\" src=\"https:\/\/lapaz.bo\/smp\/blog\/wp-content\/uploads\/2025\/09\/Equipo-ganador-Dataton-1024x678.jpg\" class=\"attachment-large size-large wp-post-image\" alt=\"\" srcset=\"https:\/\/lapaz.bo\/smp\/blog\/wp-content\/uploads\/2025\/09\/Equipo-ganador-Dataton-1024x678.jpg 1024w, https:\/\/lapaz.bo\/smp\/blog\/wp-content\/uploads\/2025\/09\/Equipo-ganador-Dataton-300x199.jpg 300w, https:\/\/lapaz.bo\/smp\/blog\/wp-content\/uploads\/2025\/09\/Equipo-ganador-Dataton-768x508.jpg 768w, https:\/\/lapaz.bo\/smp\/blog\/wp-content\/uploads\/2025\/09\/Equipo-ganador-Dataton-1536x1017.jpg 1536w, https:\/\/lapaz.bo\/smp\/blog\/wp-content\/uploads\/2025\/09\/Equipo-ganador-Dataton.jpg 1600w\" sizes=\"auto, (max-width: 1024px) 100vw, 1024px\" \/>\t\t\t\t\t<\/a>\n\t\t\t\t\t\t\t\t<div class=\"ha-pg-badge\">\n\t\t\t\t<a href=\"https:\/\/lapaz.bo\/smp\/blog\/index.php\/category\/investigaciones-tematicas\/\" class=\"ha-pg-badge-taxonomy\" rel=\"tag\">Investigaciones tem\u00e1ticas<\/a>\t\t\t<\/div>\n\t\t\t\t\t\t<\/div>\n\t\t\t\t\t\t<div class=\"ha-pg-content-area\">\n\n\t\t\t\t<h4 class=\"ha-pg-title\"><a href=\"https:\/\/lapaz.bo\/smp\/blog\/index.php\/2025\/09\/04\/geoportal-la-paz-activa-la-propuesta-ganadora-del-dataton-del-bicentenario-de-politicas-publicas-municipales\/\">&#8220;GEOPORTAL LA PAZ ACTIVA&#8221; LA PROPUESTA GANADORA DEL DATAT\u00d3N DEL BICENTENARIO DE POL\u00cdTICAS P\u00daBLICAS MUNICIPALES<\/a><\/h4>\n\t\t\t\t\n\t\t\t\t\t\t\t<div class=\"ha-pg-excerpt\">\n\t\t\t\t<p>&#8220;GEOPORTAL LA PAZ ACTIVA&#8221; LA PROPUESTA GANADORA DEL DATAT\u00d3N DEL BICENTENARIO DE POL\u00cdTICAS P\u00daBLICAS MUNICIPALES&hellip;<\/p>\t\t\t<\/div>\n\t\t\n\t\t\t\t<div class=\"ha-pg-readmore\"><a href=\"https:\/\/lapaz.bo\/smp\/blog\/index.php\/2025\/09\/04\/geoportal-la-paz-activa-la-propuesta-ganadora-del-dataton-del-bicentenario-de-politicas-publicas-municipales\/\" target=\"_blank\">ver m\u00e1s \u00bb<\/a><\/div>\t\t\t<\/div>\n\t\t<\/div>\n\t\n\t\t\t\t\t\t\t\t\t\t\t\t\t\t\t<\/div>\n\t\t\t\t\t\t\t<nav class=\"ha-pg-pagination-wrap\" role=\"navigation\" aria-label=\"Pagination\">\n\t\t\t<span aria-current=\"page\" class=\"page-numbers current\"><span class=\"elementor-screen-only\">Page<\/span>1<\/span>\n<a class=\"page-numbers\" href=\"https:\/\/lapaz.bo\/smp\/blog\/index.php\/wp-json\/wp\/v2\/pages\/238\/page\/2\/\"><span class=\"elementor-screen-only\">Page<\/span>2<\/a>\n<a class=\"page-numbers\" href=\"https:\/\/lapaz.bo\/smp\/blog\/index.php\/wp-json\/wp\/v2\/pages\/238\/page\/3\/\"><span class=\"elementor-screen-only\">Page<\/span>3<\/a>\n<a class=\"page-numbers\" href=\"https:\/\/lapaz.bo\/smp\/blog\/index.php\/wp-json\/wp\/v2\/pages\/238\/page\/4\/\"><span class=\"elementor-screen-only\">Page<\/span>4<\/a>\n<a class=\"page-numbers\" href=\"https:\/\/lapaz.bo\/smp\/blog\/index.php\/wp-json\/wp\/v2\/pages\/238\/page\/5\/\"><span class=\"elementor-screen-only\">Page<\/span>5<\/a>\n<a class=\"page-numbers next\" href=\"https:\/\/lapaz.bo\/smp\/blog\/index.php\/wp-json\/wp\/v2\/pages\/238\/page\/2\/\">Anterior &raquo;<\/a>\t\t<\/nav>\n\t\t\t\t\t\t<\/div>\n\t\t\t\t\t\t\t<\/div>\n\t\t\t\t<\/div>\n\t\t\t\t\t<\/div>\n\t\t<\/div>\n\t\t\t\t\t\t\t<\/div>\n\t\t<\/section>\n\t\t\t\t\t\t\t<\/div>\n\t\t","protected":false},"excerpt":{"rendered":"<p>Investigaciones tem\u00e1ticas Investigaciones tem\u00e1ticas VIVIENDA ADECUADA Y LOS ODS EN EL MUNICIPIO DE LA PAZ Introducci\u00f3n La vivienda adecuada es un elemento fundamental para el desarrollo urbano en las ciudades,&hellip; ver m\u00e1s \u00bb Econom\u00eda INCREMENTANDO LA PARTICIPACI\u00d3N EN LAS FERIAS AGROPECUARIAS LA PAZ DIVERSA Aracely Alurralde Soliz RESUMEN La presente investigaci\u00f3n desarrolla el tema de &hellip;<\/p>\n<p class=\"read-more\"> <a class=\"\" href=\"https:\/\/lapaz.bo\/smp\/blog\/index.php\/2025\/09\/04\/geoportal-la-paz-activa-la-propuesta-ganadora-del-dataton-del-bicentenario-de-politicas-publicas-municipales\/\"> <span class=\"screen-reader-text\">&#8220;GEOPORTAL LA PAZ ACTIVA&#8221; LA PROPUESTA GANADORA DEL DATAT\u00d3N DEL BICENTENARIO DE POL\u00cdTICAS P\u00daBLICAS MUNICIPALES<\/span> Read More &raquo;<\/a><\/p>\n","protected":false},"author":1,"featured_media":0,"parent":0,"menu_order":0,"comment_status":"closed","ping_status":"closed","template":"","meta":{"site-sidebar-layout":"no-sidebar","site-content-layout":"page-builder","ast-global-header-display":"","ast-main-header-display":"","ast-hfb-above-header-display":"","ast-hfb-below-header-display":"","ast-hfb-mobile-header-display":"","site-post-title":"disabled","ast-breadcrumbs-content":"","ast-featured-img":"disabled","footer-sml-layout":"","theme-transparent-header-meta":"","adv-header-id-meta":"","stick-header-meta":"","header-above-stick-meta":"","header-main-stick-meta":"","header-below-stick-meta":"","footnotes":""},"class_list":["post-238","page","type-page","status-publish","hentry"],"_links":{"self":[{"href":"https:\/\/lapaz.bo\/smp\/blog\/index.php\/wp-json\/wp\/v2\/pages\/238","targetHints":{"allow":["GET"]}}],"collection":[{"href":"https:\/\/lapaz.bo\/smp\/blog\/index.php\/wp-json\/wp\/v2\/pages"}],"about":[{"href":"https:\/\/lapaz.bo\/smp\/blog\/index.php\/wp-json\/wp\/v2\/types\/page"}],"author":[{"embeddable":true,"href":"https:\/\/lapaz.bo\/smp\/blog\/index.php\/wp-json\/wp\/v2\/users\/1"}],"replies":[{"embeddable":true,"href":"https:\/\/lapaz.bo\/smp\/blog\/index.php\/wp-json\/wp\/v2\/comments?post=238"}],"version-history":[{"count":10,"href":"https:\/\/lapaz.bo\/smp\/blog\/index.php\/wp-json\/wp\/v2\/pages\/238\/revisions"}],"predecessor-version":[{"id":267,"href":"https:\/\/lapaz.bo\/smp\/blog\/index.php\/wp-json\/wp\/v2\/pages\/238\/revisions\/267"}],"wp:attachment":[{"href":"https:\/\/lapaz.bo\/smp\/blog\/index.php\/wp-json\/wp\/v2\/media?parent=238"}],"curies":[{"name":"wp","href":"https:\/\/api.w.org\/{rel}","templated":true}]}}