{"id":213,"date":"2022-08-24T12:34:17","date_gmt":"2022-08-24T12:34:17","guid":{"rendered":"http:\/\/192.168.5.44\/blogSMP\/?page_id=213"},"modified":"2022-08-24T13:40:51","modified_gmt":"2022-08-24T13:40:51","slug":"categorias","status":"publish","type":"page","link":"https:\/\/lapaz.bo\/smp\/blog\/index.php\/categorias\/","title":{"rendered":"Categorias"},"content":{"rendered":"\t\t<div data-elementor-type=\"wp-page\" data-elementor-id=\"213\" class=\"elementor elementor-213\">\n\t\t\t\t\t\t\t\t\t<section class=\"elementor-section elementor-top-section elementor-element elementor-element-288bca6 elementor-section-boxed elementor-section-height-default elementor-section-height-default\" data-id=\"288bca6\" data-element_type=\"section\" data-settings=\"{&quot;_ha_eqh_enable&quot;:false}\">\n\t\t\t\t\t\t<div class=\"elementor-container elementor-column-gap-default\">\n\t\t\t\t\t<div class=\"elementor-column elementor-col-100 elementor-top-column elementor-element elementor-element-f47da31\" data-id=\"f47da31\" data-element_type=\"column\">\n\t\t\t<div class=\"elementor-widget-wrap elementor-element-populated\">\n\t\t\t\t\t\t\t\t<div class=\"elementor-element elementor-element-6a51598 elementor-widget elementor-widget-heading\" data-id=\"6a51598\" data-element_type=\"widget\" data-widget_type=\"heading.default\">\n\t\t\t\t<div class=\"elementor-widget-container\">\n\t\t\t<style>\/*! elementor - v3.6.7 - 03-07-2022 *\/\n.elementor-heading-title{padding:0;margin:0;line-height:1}.elementor-widget-heading .elementor-heading-title[class*=elementor-size-]>a{color:inherit;font-size:inherit;line-height:inherit}.elementor-widget-heading .elementor-heading-title.elementor-size-small{font-size:15px}.elementor-widget-heading .elementor-heading-title.elementor-size-medium{font-size:19px}.elementor-widget-heading .elementor-heading-title.elementor-size-large{font-size:29px}.elementor-widget-heading .elementor-heading-title.elementor-size-xl{font-size:39px}.elementor-widget-heading .elementor-heading-title.elementor-size-xxl{font-size:59px}<\/style><h2 class=\"elementor-heading-title elementor-size-default\">Nuestras categor\u00edas<\/h2>\t\t<\/div>\n\t\t\t\t<\/div>\n\t\t\t\t\t<\/div>\n\t\t<\/div>\n\t\t\t\t\t\t\t<\/div>\n\t\t<\/section>\n\t\t\t\t<section class=\"elementor-section elementor-top-section elementor-element elementor-element-a3b6358 elementor-section-boxed elementor-section-height-default elementor-section-height-default\" data-id=\"a3b6358\" data-element_type=\"section\" data-settings=\"{&quot;background_background&quot;:&quot;classic&quot;,&quot;_ha_eqh_enable&quot;:false}\">\n\t\t\t\t\t\t<div class=\"elementor-container elementor-column-gap-default\">\n\t\t\t\t\t<div class=\"elementor-column elementor-col-50 elementor-top-column elementor-element elementor-element-8c977f3\" data-id=\"8c977f3\" data-element_type=\"column\">\n\t\t\t<div class=\"elementor-widget-wrap elementor-element-populated\">\n\t\t\t\t\t\t\t\t<div class=\"elementor-element elementor-element-0b37afa elementor-widget elementor-widget-html\" data-id=\"0b37afa\" data-element_type=\"widget\" data-widget_type=\"html.default\">\n\t\t\t\t<div class=\"elementor-widget-container\">\n\t\t\t<style>\n.social-box .box {\n    background: #FFF;\n    border-radius: 10px; \n    cursor: pointer;\n    margin: 20px 0;\n    padding: 40px 10px;\n    transition: all 0.5s ease-out;\n}\n\n.social-box .box:hover {\n   box-shadow: 0 0 6px #00DBD4;\n}\n\n.social-box .box-text {\n    font-size: 15px;\n    line-height: 30px;\n    margin: 20px 0;\n}\n\n.social-box .box-btn a {\n    color: #88CEDC;\n    font-size: 16px;\n    text-decoration: none;\n}\n\n.social-box .fa {\n    color: #00DBD4;\n}\nh3,h4, h5 {\n    color: #000000;\n    font-weight: bolder;\n}\n<\/style>\n\n<div class=\"social-box\">\n    <div class=\"container\" style=\"text-align:center;\">\n     \t<div class=\"row\">\n     \t      <a href=\"https:\/\/lapaz.bo\/smp\/blog\/\/index.php\/conceptualizaciones-3\">\n\t\t    <div class=\"col-md-12 text-center\">\n\t\t\t\t<div class=\"box\">\n                    <i class=\"fa fa-folder fa-4x\" aria-hidden=\"true\" style=\"color:#00DBD4 !important\"><\/i>\n\t\t\t\t\t<div class=\"box-title\">\n\t\t\t\t\t\t<h4>CONCEPTUALIZACIONES<\/h4>\n\t\t\t\t\t<\/div>\n\t\t\t\t\t<div class=\"box-text\">\n\t\t\t\t\t\t<span>Investigaciones cortas que buscan definir conceptos ambiguos referentes al desarrollo y urbanismo.<\/span>\n\t\t\t\t\t<\/div>\n\t\t\t\t\t<div class=\"box-btn\">\n\t\t\t\t\t    <a href=\"https:\/\/lapaz.bo\/smp\/blog\/\/index.php\/conceptualizaciones-3\/\">Ver m\u00e1s<\/a>\n\t\t\t\t\t<\/div>\n\t\t\t\t <\/div>\n\t\t\t<\/div>\t \n\t\t\t<\/a>\n \n\t\n\t\t<\/div>\t\t\n    <\/div>\n<\/div>\t\t<\/div>\n\t\t\t\t<\/div>\n\t\t\t\t<div class=\"elementor-element elementor-element-e596ee1 elementor-widget elementor-widget-html\" data-id=\"e596ee1\" data-element_type=\"widget\" data-widget_type=\"html.default\">\n\t\t\t\t<div class=\"elementor-widget-container\">\n\t\t\t<style>\n.social-box .box {\n    background: #FFF;\n    border-radius: 10px; \n    cursor: pointer;\n    margin: 20px 0;\n    padding: 40px 10px;\n    transition: all 0.5s ease-out;\n}\n\n.social-box .box:hover {\n   box-shadow: 0 0 6px #88CEDC;\n}\n\n.social-box .box-text {\n    font-size: 15px;\n    line-height: 30px;\n    margin: 20px 0;\n}\n\n.social-box .box-btn a {\n    color: #88CEDC;\n    font-size: 16px;\n    text-decoration: none;\n}\n\n.social-box .fa {\n    color: #88CEDC;\n}\nh3,h4, h5 {\n    color: #000000;\n}\n<\/style>\n\n<div class=\"social-box\">\n    <div class=\"container\"  style=\"text-align:center;\">\n     \t<div class=\"row\">\n     \t     <a href=\"https:\/\/lapaz.bo\/smp\/blog\/\/index.php\/resenas-2\/\">\n\t\t    <div class=\"col-md-12 text-center\">\n\t\t\t\t<div class=\"box\">\n                    <i class=\"fa fa-book fa-4x\" aria-hidden=\"true\" style=\"color:#CC7B36 !important\"><\/i>\n\t\t\t\t\t<div class=\"box-title\">\n\t\t\t\t\t\t<h4>RESE\u00d1AS<\/h4>\n\t\t\t\t\t<\/div>\n\t\t\t\t\t<div class=\"box-text\">\n\t\t\t\t\t\t<span>Rese\u00f1as sobre libros y otros documentos de inter\u00e9s municipal.<\/span>\n\t\t\t\t\t<\/div>\n\t\t\t\t\t<div class=\"box-btn\">\n\t\t\t\t\t    <a href=\"https:\/\/lapaz.bo\/smp\/blog\/\/index.php\/resenas-2\/\">Ver m\u00e1s<\/a>\n\t\t\t\t\t<\/div>\n\t\t\t\t <\/div>\n\t\t\t<\/div>\n\t\t\t<\/a>\n \n\t\n\t\t<\/div>\t\t\n    <\/div>\n<\/div>\t\t<\/div>\n\t\t\t\t<\/div>\n\t\t\t\t\t<\/div>\n\t\t<\/div>\n\t\t\t\t<div class=\"elementor-column elementor-col-50 elementor-top-column elementor-element elementor-element-5b2ea16\" data-id=\"5b2ea16\" data-element_type=\"column\">\n\t\t\t<div class=\"elementor-widget-wrap elementor-element-populated\">\n\t\t\t\t\t\t\t\t<div class=\"elementor-element elementor-element-0e23d29 elementor-widget elementor-widget-html\" data-id=\"0e23d29\" data-element_type=\"widget\" data-widget_type=\"html.default\">\n\t\t\t\t<div class=\"elementor-widget-container\">\n\t\t\t<style>\n.social-box .box {\n    background: #FFF;\n    border-radius: 10px; \n    cursor: pointer;\n    margin: 20px 0;\n    padding: 40px 10px;\n    transition: all 0.5s ease-out;\n}\n\n.social-box .box:hover {\n   box-shadow: 0 0 6px #88CEDC;\n}\n\n.social-box .box-text {\n    font-size: 15px;\n    line-height: 30px;\n    margin: 20px 0;\n}\n\n.social-box .box-btn a {\n    color: #88CEDC;\n    font-size: 16px;\n    text-decoration: none;\n}\n\n.social-box .fa {\n    color: #88CEDC;\n}\nh3,h4, h5 {\n    color: #000000;\n}\n<\/style>\n\n<div class=\"social-box\">\n    <div class=\"container\"  style=\"text-align:center;\">\n     \t<div class=\"row\">\n     \t    <a href=\"https:\/\/lapaz.bo\/smp\/blog\/\/index.php\/investigaciones\/\">\n\t\t    <div class=\"col-md-12 text-center\">\n\t\t\t\t<div class=\"box\">\n                    <i class=\"fa fa-search fa-4x\" aria-hidden=\"true\" style=\"color:#00832D !important\"><\/i>\n\t\t\t\t\t<div class=\"box-title\">\n\t\t\t\t\t\t<h4>INVESTIGACIONES TEM\u00c1TICAS<\/h4>\n\t\t\t\t\t<\/div>\n\t\t\t\t\t<div class=\"box-text\">\n\t\t\t\t\t\t<span>Investigaciones cortas referentes a temas varios, buscan principalmente realizar un diagn\u00f3stico para la elaboraci\u00f3n de l\u00edneas base de pol\u00edticas p\u00fablicas.<\/span>\n\t\t\t\t\t<\/div>\n\t\t\t\t\t<div class=\"box-btn\">\n\t\t\t\t\t    <a href=\"https:\/\/lapaz.bo\/smp\/blog\/\/index.php\/investigaciones\/\">Ver m\u00e1s<\/a>\n\t\t\t\t\t<\/div>\n\t\t\t\t <\/div>\n\t\t\t<\/div>\t \n\t\t\t<\/a>\n \n\t\n\t\t<\/div>\t\t\n    <\/div>\n<\/div>\t\t<\/div>\n\t\t\t\t<\/div>\n\t\t\t\t<div class=\"elementor-element elementor-element-70b9ecf elementor-widget elementor-widget-html\" data-id=\"70b9ecf\" data-element_type=\"widget\" data-widget_type=\"html.default\">\n\t\t\t\t<div class=\"elementor-widget-container\">\n\t\t\t<style>\n.social-box .box {\n    background: #FFF;\n    border-radius: 10px; \n    cursor: pointer;\n    margin: 20px 0;\n    padding: 40px 10px;\n    transition: all 0.5s ease-out;\n}\n\n.social-box .box:hover {\n   box-shadow: 0 0 6px #88CEDC;\n}\n\n.social-box .box-text {\n    font-size: 15px;\n    line-height: 30px;\n    margin: 20px 0;\n    color: #000000;\n}\n\n.social-box .box-btn a {\n    color: #88CEDC;\n    font-size: 16px;\n    text-decoration: none;\n}\n\n.social-box .fa {\n    color: #88CEDC;\n}\nh3,h4, h5 {\n    color: #000000;\n}\n<\/style>\n\n<div class=\"social-box\">\n    <div class=\"container\" style=\"text-align:center;\">\n     \t<div class=\"row\">\n     \t    <a href=\"https:\/\/lapaz.bo\/smp\/blog\/\/index.php\/el-dato\">\n\t\t    <div class=\"col-md-12 text-center\">\n\t\t\t\t<div class=\"box\">\n                    <i class=\"fa fa-signal fa-4x\" aria-hidden=\"true\" style=\"color:#B867F5 !important\"><\/i>\n\t\t\t\t\t<div class=\"box-title\">\n\t\t\t\t\t\t<h4>EL DATO<\/h4>\n\t\t\t\t\t<\/div>\n\t\t\t\t\t<div class=\"box-text\">\n\t\t\t\t\t\t<span>Descripci\u00f3n breve de uno o varios datos clave de la gesti\u00f3n p\u00fablica municipal.<\/span>\n\t\t\t\t\t<\/div>\n\t\t\t\t\t<div class=\"box-btn\">\n\t\t\t\t\t    <a href=\"https:\/\/lapaz.bo\/smp\/blog\/\/index.php\/el-dato\/\">Ver m\u00e1s<\/a>\n\t\t\t\t\t<\/div>\n\t\t\t\t <\/div>\n\t\t\t<\/div>\t\n\t\t\t<\/a>\n \n\t\n\t\t<\/div>\t\t\n    <\/div>\n<\/div>\t\t<\/div>\n\t\t\t\t<\/div>\n\t\t\t\t\t<\/div>\n\t\t<\/div>\n\t\t\t\t\t\t\t<\/div>\n\t\t<\/section>\n\t\t\t\t<section class=\"elementor-section elementor-top-section elementor-element elementor-element-61c7baa elementor-section-boxed elementor-section-height-default elementor-section-height-default\" data-id=\"61c7baa\" data-element_type=\"section\" data-settings=\"{&quot;_ha_eqh_enable&quot;:false}\">\n\t\t\t\t\t\t<div class=\"elementor-container elementor-column-gap-default\">\n\t\t\t\t\t<div class=\"elementor-column elementor-col-100 elementor-top-column elementor-element elementor-element-5b87fff\" data-id=\"5b87fff\" data-element_type=\"column\">\n\t\t\t<div class=\"elementor-widget-wrap\">\n\t\t\t\t\t\t\t\t\t<\/div>\n\t\t<\/div>\n\t\t\t\t\t\t\t<\/div>\n\t\t<\/section>\n\t\t\t\t\t\t\t<\/div>\n\t\t","protected":false},"excerpt":{"rendered":"<p>Nuestras categor\u00edas CONCEPTUALIZACIONES Investigaciones cortas que buscan definir conceptos ambiguos referentes al desarrollo y urbanismo. Ver m\u00e1s RESE\u00d1AS Rese\u00f1as sobre libros y otros documentos de inter\u00e9s municipal. Ver m\u00e1s INVESTIGACIONES TEM\u00c1TICAS Investigaciones cortas referentes a temas varios, buscan principalmente realizar un diagn\u00f3stico para la elaboraci\u00f3n de l\u00edneas base de pol\u00edticas p\u00fablicas. Ver m\u00e1s EL DATO &hellip;<\/p>\n<p class=\"read-more\"> <a class=\"\" href=\"https:\/\/lapaz.bo\/smp\/blog\/index.php\/categorias\/\"> <span class=\"screen-reader-text\">Categorias<\/span> Read More &raquo;<\/a><\/p>\n","protected":false},"author":1,"featured_media":0,"parent":0,"menu_order":0,"comment_status":"closed","ping_status":"closed","template":"","meta":{"site-sidebar-layout":"no-sidebar","site-content-layout":"page-builder","ast-global-header-display":"","ast-main-header-display":"","ast-hfb-above-header-display":"","ast-hfb-below-header-display":"","ast-hfb-mobile-header-display":"","site-post-title":"disabled","ast-breadcrumbs-content":"","ast-featured-img":"disabled","footer-sml-layout":"","theme-transparent-header-meta":"","adv-header-id-meta":"","stick-header-meta":"","header-above-stick-meta":"","header-main-stick-meta":"","header-below-stick-meta":"","footnotes":""},"class_list":["post-213","page","type-page","status-publish","hentry"],"_links":{"self":[{"href":"https:\/\/lapaz.bo\/smp\/blog\/index.php\/wp-json\/wp\/v2\/pages\/213","targetHints":{"allow":["GET"]}}],"collection":[{"href":"https:\/\/lapaz.bo\/smp\/blog\/index.php\/wp-json\/wp\/v2\/pages"}],"about":[{"href":"https:\/\/lapaz.bo\/smp\/blog\/index.php\/wp-json\/wp\/v2\/types\/page"}],"author":[{"embeddable":true,"href":"https:\/\/lapaz.bo\/smp\/blog\/index.php\/wp-json\/wp\/v2\/users\/1"}],"replies":[{"embeddable":true,"href":"https:\/\/lapaz.bo\/smp\/blog\/index.php\/wp-json\/wp\/v2\/comments?post=213"}],"version-history":[{"count":16,"href":"https:\/\/lapaz.bo\/smp\/blog\/index.php\/wp-json\/wp\/v2\/pages\/213\/revisions"}],"predecessor-version":[{"id":288,"href":"https:\/\/lapaz.bo\/smp\/blog\/index.php\/wp-json\/wp\/v2\/pages\/213\/revisions\/288"}],"wp:attachment":[{"href":"https:\/\/lapaz.bo\/smp\/blog\/index.php\/wp-json\/wp\/v2\/media?parent=213"}],"curies":[{"name":"wp","href":"https:\/\/api.w.org\/{rel}","templated":true}]}}