{"id":203,"date":"2022-08-24T12:25:36","date_gmt":"2022-08-24T12:25:36","guid":{"rendered":"http:\/\/192.168.5.44\/blogSMP\/?page_id=203"},"modified":"2023-05-16T15:22:37","modified_gmt":"2023-05-16T15:22:37","slug":"secretaria-municipal-de-planificacion","status":"publish","type":"page","link":"https:\/\/lapaz.bo\/smp\/blog\/index.php\/secretaria-municipal-de-planificacion\/","title":{"rendered":"Secretar\u00eda Municipal de Planificaci\u00f3n"},"content":{"rendered":"\t\t<div data-elementor-type=\"wp-page\" data-elementor-id=\"203\" class=\"elementor elementor-203\">\n\t\t\t\t\t\t\t\t\t<section class=\"elementor-section elementor-top-section elementor-element elementor-element-809dc8d elementor-section-full_width elementor-section-height-default elementor-section-height-default\" data-id=\"809dc8d\" data-element_type=\"section\" data-settings=\"{&quot;_ha_eqh_enable&quot;:false}\">\n\t\t\t\t\t\t<div class=\"elementor-container elementor-column-gap-default\">\n\t\t\t\t\t<div class=\"elementor-column elementor-col-100 elementor-top-column elementor-element elementor-element-3910e33\" data-id=\"3910e33\" data-element_type=\"column\">\n\t\t\t<div class=\"elementor-widget-wrap elementor-element-populated\">\n\t\t\t\t\t\t\t\t<div class=\"elementor-element elementor-element-9b6a06f elementor-widget elementor-widget-image\" data-id=\"9b6a06f\" data-element_type=\"widget\" data-widget_type=\"image.default\">\n\t\t\t\t<div class=\"elementor-widget-container\">\n\t\t\t<style>\/*! elementor - v3.6.7 - 03-07-2022 *\/\n.elementor-widget-image{text-align:center}.elementor-widget-image a{display:inline-block}.elementor-widget-image a img[src$=\".svg\"]{width:48px}.elementor-widget-image img{vertical-align:middle;display:inline-block}<\/style>\t\t\t\t\t\t\t\t\t\t\t\t<img loading=\"lazy\" decoding=\"async\" width=\"1350\" height=\"327\" src=\"https:\/\/lapaz.bo\/smp\/blog\/wp-content\/uploads\/2022\/08\/secretaria-blog-bn.jpg\" class=\"attachment-2048x2048 size-2048x2048\" alt=\"\" srcset=\"https:\/\/lapaz.bo\/smp\/blog\/wp-content\/uploads\/2022\/08\/secretaria-blog-bn.jpg 1350w, https:\/\/lapaz.bo\/smp\/blog\/wp-content\/uploads\/2022\/08\/secretaria-blog-bn-300x73.jpg 300w, https:\/\/lapaz.bo\/smp\/blog\/wp-content\/uploads\/2022\/08\/secretaria-blog-bn-1024x248.jpg 1024w, https:\/\/lapaz.bo\/smp\/blog\/wp-content\/uploads\/2022\/08\/secretaria-blog-bn-768x186.jpg 768w\" sizes=\"auto, (max-width: 1350px) 100vw, 1350px\" \/>\t\t\t\t\t\t\t\t\t\t\t\t\t\t\t<\/div>\n\t\t\t\t<\/div>\n\t\t\t\t\t<\/div>\n\t\t<\/div>\n\t\t\t\t\t\t\t<\/div>\n\t\t<\/section>\n\t\t\t\t<section class=\"elementor-section elementor-top-section elementor-element elementor-element-ea6d30e elementor-section-boxed elementor-section-height-default elementor-section-height-default\" data-id=\"ea6d30e\" data-element_type=\"section\" data-settings=\"{&quot;_ha_eqh_enable&quot;:false}\">\n\t\t\t\t\t\t<div class=\"elementor-container elementor-column-gap-default\">\n\t\t\t\t\t<div class=\"elementor-column elementor-col-100 elementor-top-column elementor-element elementor-element-d02072e\" data-id=\"d02072e\" data-element_type=\"column\">\n\t\t\t<div class=\"elementor-widget-wrap elementor-element-populated\">\n\t\t\t\t\t\t\t\t<div class=\"elementor-element elementor-element-a4157ed elementor-widget elementor-widget-text-editor\" data-id=\"a4157ed\" data-element_type=\"widget\" data-widget_type=\"text-editor.default\">\n\t\t\t\t<div class=\"elementor-widget-container\">\n\t\t\t<style>\/*! elementor - v3.6.7 - 03-07-2022 *\/\n.elementor-widget-text-editor.elementor-drop-cap-view-stacked .elementor-drop-cap{background-color:#818a91;color:#fff}.elementor-widget-text-editor.elementor-drop-cap-view-framed .elementor-drop-cap{color:#818a91;border:3px solid;background-color:transparent}.elementor-widget-text-editor:not(.elementor-drop-cap-view-default) .elementor-drop-cap{margin-top:8px}.elementor-widget-text-editor:not(.elementor-drop-cap-view-default) .elementor-drop-cap-letter{width:1em;height:1em}.elementor-widget-text-editor .elementor-drop-cap{float:left;text-align:center;line-height:1;font-size:50px}.elementor-widget-text-editor .elementor-drop-cap-letter{display:inline-block}<\/style>\t\t\t\t<h3>Secretar\u00eda Municipal de Planificaci\u00f3n &#8211; SMP<\/h3><p style=\"text-align: justify;\">La Secretar\u00eda Municipal de Planificaci\u00f3n (SMP) es la instancia que tiene como objetivo dirigir la planificaci\u00f3n municipal a fin de coadyuvar al desarrollo del municipio, mediante el ordenamiento, la administraci\u00f3n y la gesti\u00f3n del territorio; aplicando el monitoreo, seguimiento, evaluaci\u00f3n y ajuste de los planes de desarrollo, la planificaci\u00f3n estrat\u00e9gica, la organizaci\u00f3n administrativa y la programaci\u00f3n operativa anual, as\u00ed como la investigaci\u00f3n, an\u00e1lisis de pol\u00edticas municipales y la difusi\u00f3n de datos e informaci\u00f3n municipal.<\/p><p>La SMP est\u00e1 conformada por cuatro Direcciones que son:<\/p><ul><li>DIRECCI\u00d3N DE PLANIFICACI\u00d3N ESTRAT\u00c9GICA Y OPERACIONES<\/li><li>DIRECCI\u00d3N DE POL\u00cdTICA URBANA Y TERRITORIAL<\/li><li>DIRECCI\u00d3N DE INVESTIGACI\u00d3N, INFORMACI\u00d3N Y ESTAD\u00cdSTICAS MUNICIPALES<\/li><li>DIRECCI\u00d3N DE ADMINISTRACI\u00d3N TERRITORIAL Y FISCALIZACI\u00d3N<\/li><\/ul><p>La SMP tiene entre sus principales funciones gestionar la aprobaci\u00f3n del Plan Territorial del Desarrollo Integral y el Plan Estrat\u00e9gico Institucional, la implantaci\u00f3n y seguimiento del Sistema de Organizaci\u00f3n Administrativa (SOA) y del Sistema de Programaci\u00f3n de Operaciones (SPO), la planificaci\u00f3n, seguimiento, evaluaci\u00f3n y ajustes de la planificaci\u00f3n de desarrollo socioecon\u00f3mico del Sector H\u00e1bitat y Vivienda, la ejecuci\u00f3n de proyectos de car\u00e1cter estrat\u00e9gico para el desarrollo urbano y rural, la generaci\u00f3n y consolidaci\u00f3n de la informaci\u00f3n territorial y catastral del Municipio, el an\u00e1lisis de pol\u00edticas p\u00fablicas municipales, la elaboraci\u00f3n de documentos de an\u00e1lisis sectorial y recomendaciones de pol\u00edtica p\u00fablica y estrategias municipales.<\/p><p>La SMP trabaja en el marco de la misi\u00f3n y visi\u00f3n del Gobierno Aut\u00f3nomo Municipal de la Paz.<\/p>\t\t\t\t\t\t<\/div>\n\t\t\t\t<\/div>\n\t\t\t\t\t<\/div>\n\t\t<\/div>\n\t\t\t\t\t\t\t<\/div>\n\t\t<\/section>\n\t\t\t\t<section class=\"elementor-section elementor-top-section elementor-element elementor-element-e5c525a elementor-section-boxed elementor-section-height-default elementor-section-height-default\" data-id=\"e5c525a\" data-element_type=\"section\" data-settings=\"{&quot;_ha_eqh_enable&quot;:false}\">\n\t\t\t\t\t\t<div class=\"elementor-container elementor-column-gap-default\">\n\t\t\t\t\t<div class=\"elementor-column elementor-col-100 elementor-top-column elementor-element elementor-element-c78b371\" data-id=\"c78b371\" data-element_type=\"column\">\n\t\t\t<div class=\"elementor-widget-wrap elementor-element-populated\">\n\t\t\t\t\t\t\t\t<div class=\"elementor-element elementor-element-ea2f906 elementor-widget elementor-widget-html\" data-id=\"ea2f906\" data-element_type=\"widget\" data-widget_type=\"html.default\">\n\t\t\t\t<div class=\"elementor-widget-container\">\n\t\t\t<style>\n.note-box{\n    color: #144261;\n    background: rgba(123,202,207,0.5);\n    padding:  1em;\n}\n<\/style>\n<h4>MISI\u00d3N<\/h4>\n<p class=\"note-box\">Somos una instituci\u00f3n p\u00fablica municipal renovada, din\u00e1mica, transparente e incluyente, que brinda servicios p\u00fablicos modernos, eficientes, \u00e1giles y planificaci\u00f3n con concertaci\u00f3n y participaci\u00f3n ciudadana, impulsando una convivencia pac\u00edfica en b\u00fasqueda de una mejor calidad de vida de la poblaci\u00f3n pace\u00f1a por el Bien Com\u00fan.<\/p>\t\t<\/div>\n\t\t\t\t<\/div>\n\t\t\t\t\t<\/div>\n\t\t<\/div>\n\t\t\t\t\t\t\t<\/div>\n\t\t<\/section>\n\t\t\t\t<section class=\"elementor-section elementor-top-section elementor-element elementor-element-780533b elementor-section-boxed elementor-section-height-default elementor-section-height-default\" data-id=\"780533b\" data-element_type=\"section\" data-settings=\"{&quot;_ha_eqh_enable&quot;:false}\">\n\t\t\t\t\t\t<div class=\"elementor-container elementor-column-gap-default\">\n\t\t\t\t\t<div class=\"elementor-column elementor-col-100 elementor-top-column elementor-element elementor-element-bf53848\" data-id=\"bf53848\" data-element_type=\"column\">\n\t\t\t<div class=\"elementor-widget-wrap elementor-element-populated\">\n\t\t\t\t\t\t\t\t<div class=\"elementor-element elementor-element-b9ab850 elementor-widget elementor-widget-html\" data-id=\"b9ab850\" data-element_type=\"widget\" data-widget_type=\"html.default\">\n\t\t\t\t<div class=\"elementor-widget-container\">\n\t\t\t<style>\n.note-box{\n    color: #144261;\n    background: rgba(123,202,207,0.5);\n    padding:  1em;\n}\n<\/style>\n<h4>VISI\u00d3N<\/h4>\n<p class=\"note-box\">Ser una instituci\u00f3n p\u00fablica modelo de gesti\u00f3n municipal democr\u00e1tica, participativa, transparente, eficiente, innovadora y tecnol\u00f3gica, que dinamiza la econom\u00eda, el desarrollo social y territorial, considerando una La Paz saludable, productiva, competitiva, biodiversa y resilente, cultural, ordenada e interconectada, con di\u00e1logo y reconciliaci\u00f3n por el Bien Com\u00fan.<\/p>\t\t<\/div>\n\t\t\t\t<\/div>\n\t\t\t\t\t<\/div>\n\t\t<\/div>\n\t\t\t\t\t\t\t<\/div>\n\t\t<\/section>\n\t\t\t\t<section class=\"elementor-section elementor-top-section elementor-element elementor-element-fb57b8c elementor-section-boxed elementor-section-height-default elementor-section-height-default\" data-id=\"fb57b8c\" data-element_type=\"section\" data-settings=\"{&quot;_ha_eqh_enable&quot;:false}\">\n\t\t\t\t\t\t<div class=\"elementor-container elementor-column-gap-default\">\n\t\t\t\t\t<div class=\"elementor-column elementor-col-100 elementor-top-column elementor-element elementor-element-70e5d55\" data-id=\"70e5d55\" data-element_type=\"column\">\n\t\t\t<div class=\"elementor-widget-wrap elementor-element-populated\">\n\t\t\t\t\t\t\t\t<div class=\"elementor-element elementor-element-bd1e4cf elementor-widget elementor-widget-text-editor\" data-id=\"bd1e4cf\" data-element_type=\"widget\" data-widget_type=\"text-editor.default\">\n\t\t\t\t<div class=\"elementor-widget-container\">\n\t\t\t\t\t\t\t<h3>El Blog de investigaci\u00f3n y datos municipales<\/h3><p>&#8220;Este blog es un sitio web institucional que se origin\u00f3 como una iniciativa de la Direcci\u00f3n de An\u00e1lisis y Pol\u00edticas de la Secretar\u00eda Municipal de Planificaci\u00f3n, su principal objetivo es poner a disposici\u00f3n de los funcionarios p\u00fablicos de los diversos niveles de gobierno, investigadores, estudiantes universitarios y p\u00fablico en general, documentos de investigaci\u00f3n e informaci\u00f3n relacionada con la gesti\u00f3n p\u00fablica municipal. Los contenidos son actualizados peri\u00f3dicamente.\u201d<\/p>\t\t\t\t\t\t<\/div>\n\t\t\t\t<\/div>\n\t\t\t\t\t<\/div>\n\t\t<\/div>\n\t\t\t\t\t\t\t<\/div>\n\t\t<\/section>\n\t\t\t\t\t\t\t<\/div>\n\t\t","protected":false},"excerpt":{"rendered":"<p>Secretar\u00eda Municipal de Planificaci\u00f3n &#8211; SMP La Secretar\u00eda Municipal de Planificaci\u00f3n (SMP) es la instancia que tiene como objetivo dirigir la planificaci\u00f3n municipal a fin de coadyuvar al desarrollo del municipio, mediante el ordenamiento, la administraci\u00f3n y la gesti\u00f3n del territorio; aplicando el monitoreo, seguimiento, evaluaci\u00f3n y ajuste de los planes de desarrollo, la planificaci\u00f3n &hellip;<\/p>\n<p class=\"read-more\"> <a class=\"\" href=\"https:\/\/lapaz.bo\/smp\/blog\/index.php\/secretaria-municipal-de-planificacion\/\"> <span class=\"screen-reader-text\">Secretar\u00eda Municipal de Planificaci\u00f3n<\/span> Read More &raquo;<\/a><\/p>\n","protected":false},"author":1,"featured_media":0,"parent":0,"menu_order":0,"comment_status":"closed","ping_status":"closed","template":"","meta":{"site-sidebar-layout":"no-sidebar","site-content-layout":"page-builder","ast-global-header-display":"","ast-main-header-display":"","ast-hfb-above-header-display":"","ast-hfb-below-header-display":"","ast-hfb-mobile-header-display":"","site-post-title":"disabled","ast-breadcrumbs-content":"","ast-featured-img":"disabled","footer-sml-layout":"","theme-transparent-header-meta":"","adv-header-id-meta":"","stick-header-meta":"","header-above-stick-meta":"","header-main-stick-meta":"","header-below-stick-meta":"","footnotes":""},"class_list":["post-203","page","type-page","status-publish","hentry"],"_links":{"self":[{"href":"https:\/\/lapaz.bo\/smp\/blog\/index.php\/wp-json\/wp\/v2\/pages\/203","targetHints":{"allow":["GET"]}}],"collection":[{"href":"https:\/\/lapaz.bo\/smp\/blog\/index.php\/wp-json\/wp\/v2\/pages"}],"about":[{"href":"https:\/\/lapaz.bo\/smp\/blog\/index.php\/wp-json\/wp\/v2\/types\/page"}],"author":[{"embeddable":true,"href":"https:\/\/lapaz.bo\/smp\/blog\/index.php\/wp-json\/wp\/v2\/users\/1"}],"replies":[{"embeddable":true,"href":"https:\/\/lapaz.bo\/smp\/blog\/index.php\/wp-json\/wp\/v2\/comments?post=203"}],"version-history":[{"count":13,"href":"https:\/\/lapaz.bo\/smp\/blog\/index.php\/wp-json\/wp\/v2\/pages\/203\/revisions"}],"predecessor-version":[{"id":1062,"href":"https:\/\/lapaz.bo\/smp\/blog\/index.php\/wp-json\/wp\/v2\/pages\/203\/revisions\/1062"}],"wp:attachment":[{"href":"https:\/\/lapaz.bo\/smp\/blog\/index.php\/wp-json\/wp\/v2\/media?parent=203"}],"curies":[{"name":"wp","href":"https:\/\/api.w.org\/{rel}","templated":true}]}}