{"id":1524,"date":"2024-12-06T22:38:13","date_gmt":"2024-12-07T02:38:13","guid":{"rendered":"https:\/\/pr2.javixd.com\/?page_id=1524"},"modified":"2024-12-26T10:18:04","modified_gmt":"2024-12-26T14:18:04","slug":"registro","status":"publish","type":"page","link":"https:\/\/lapaz.bo\/redcooperacion\/registro\/","title":{"rendered":"Registro"},"content":{"rendered":"\t\t<div data-elementor-type=\"wp-page\" data-elementor-id=\"1524\" class=\"elementor elementor-1524\" data-elementor-settings=\"{&quot;ha_cmc_init_switcher&quot;:&quot;no&quot;}\">\n\t\t\t\t<div class=\"elementor-element elementor-element-aeda9cd e-flex e-con-boxed wpr-particle-no wpr-jarallax-no wpr-parallax-no wpr-sticky-section-no e-con e-parent\" data-id=\"aeda9cd\" data-element_type=\"container\" data-settings=\"{&quot;_ha_eqh_enable&quot;:false}\">\n\t\t\t\t\t<div class=\"e-con-inner\">\n\t\t<div class=\"elementor-element elementor-element-523fb75 e-con-full e-flex wpr-particle-no wpr-jarallax-no wpr-parallax-no wpr-sticky-section-no e-con e-child\" data-id=\"523fb75\" data-element_type=\"container\" data-settings=\"{&quot;background_background&quot;:&quot;classic&quot;,&quot;_ha_eqh_enable&quot;:false}\">\n\t\t<div class=\"elementor-element elementor-element-489eb5e e-con-full e-flex wpr-particle-no wpr-jarallax-no wpr-parallax-no wpr-sticky-section-no e-con e-child\" data-id=\"489eb5e\" data-element_type=\"container\" data-settings=\"{&quot;background_background&quot;:&quot;classic&quot;,&quot;_ha_eqh_enable&quot;:false}\">\n\t\t\t\t<div class=\"elementor-element elementor-element-4fb5e50 elementor-widget elementor-widget-heading\" data-id=\"4fb5e50\" data-element_type=\"widget\" data-widget_type=\"heading.default\">\n\t\t\t\t<div class=\"elementor-widget-container\">\n\t\t\t\t\t<h2 class=\"elementor-heading-title elementor-size-default\">\u00a1\u00danete a la\u00a0Red de Cooperaci\u00f3n por La Paz!\u200b<\/h2>\t\t\t\t<\/div>\n\t\t\t\t<\/div>\n\t\t\t\t<div class=\"elementor-element elementor-element-f7a7b99 elementor-widget elementor-widget-heading\" data-id=\"f7a7b99\" data-element_type=\"widget\" data-widget_type=\"heading.default\">\n\t\t\t\t<div class=\"elementor-widget-container\">\n\t\t\t\t\t<div class=\"elementor-heading-title elementor-size-default\">Construyamos juntos una ciudad resiliente y sostenible sum\u00e1ndote a nuestra red y contribuyendo a proyectos que mejoran la calidad de vida de miles de personas.\n<\/div>\t\t\t\t<\/div>\n\t\t\t\t<\/div>\n\t\t\t\t<\/div>\n\t\t<div class=\"elementor-element elementor-element-4f48731 e-con-full e-flex wpr-particle-no wpr-jarallax-no wpr-parallax-no wpr-sticky-section-no e-con e-child\" data-id=\"4f48731\" data-element_type=\"container\" data-settings=\"{&quot;background_background&quot;:&quot;classic&quot;,&quot;_ha_eqh_enable&quot;:false}\">\n\t\t\t\t<div class=\"elementor-element elementor-element-3d144b1 elementor-widget elementor-widget-heading\" data-id=\"3d144b1\" data-element_type=\"widget\" data-widget_type=\"heading.default\">\n\t\t\t\t<div class=\"elementor-widget-container\">\n\t\t\t\t\t<h2 class=\"elementor-heading-title elementor-size-default\">Formulario de registro<\/h2>\t\t\t\t<\/div>\n\t\t\t\t<\/div>\n\t\t\t\t<div class=\"elementor-element elementor-element-2ec2b42 jr_form_registro elementor-widget elementor-widget-shortcode\" data-id=\"2ec2b42\" data-element_type=\"widget\" data-widget_type=\"shortcode.default\">\n\t\t\t\t<div class=\"elementor-widget-container\">\n\t\t\t\t\t\t\t<div class=\"elementor-shortcode\"><div class=\"tml tml-register\">\n<div class=\"tml-alerts\"><\/div><form name=\"register\" action=\"https:\/\/lapaz.bo\/redcooperacion\/registro\/\" method=\"post\" novalidate=\"novalidate\">\n<div class=\"tml-field-wrap tml-user_login-wrap\">\n<label class=\"tml-label\" for=\"user_login\">Nombre de usuario<\/label>\n<input name=\"user_login\" type=\"text\" value=\"\" id=\"user_login\" autocapitalize=\"off\" class=\"tml-field\">\n<\/div>\n\n<div class=\"tml-field-wrap tml-user_email-wrap\">\n<label class=\"tml-label\" for=\"user_email\">Correo electr\u00f3nico<\/label>\n<input name=\"user_email\" type=\"email\" value=\"\" id=\"user_email\" class=\"tml-field\">\n<\/div>\n\n    <div class=\"tml-field-wrap tml-user_login-wrap\">\n        <label for=\"first_name\">Nombre<br \/>\n        <input type=\"text\" name=\"first_name\" id=\"first_name\" class=\"input\" value=\"\" size=\"25\" \/><\/label>\n    <\/div>\n    <div class=\"tml-field-wrap tml-user_email-wrap\">\n        <label for=\"last_name\">Apellido<br \/>\n        <input type=\"text\" name=\"last_name\" id=\"last_name\" class=\"input\" value=\"\" size=\"25\" \/><\/label>\n    <\/div>\n    \t<div id=\"acf-form-data\" class=\"acf-hidden\">\n\t\t<input type=\"hidden\" id=\"_acf_screen\" name=\"_acf_screen\" value=\"user\"\/><input type=\"hidden\" id=\"_acf_post_id\" name=\"_acf_post_id\" value=\"user_0\"\/><input type=\"hidden\" id=\"_acf_validation\" name=\"_acf_validation\" value=\"0\"\/><input type=\"hidden\" id=\"_acf_nonce\" name=\"_acf_nonce\" value=\"2d59cd3341\"\/><input type=\"hidden\" id=\"_acf_changed\" name=\"_acf_changed\" value=\"0\"\/>\t<\/div>\n\t<h2>Campos complementarios<\/h2><div class=\"acf-user-register-fields acf-fields -clear\"><div class=\"acf-field acf-field-number acf-field-67317aaa54305 is-required\" data-name=\"documento_de_identidad\" data-type=\"number\" data-key=\"field_67317aaa54305\" data-required=\"1\">\n<div class=\"acf-label\">\n<label for=\"acf-field_67317aaa54305\">Documento de Identidad <span class=\"acf-required\">*<\/span><\/label><\/div>\n<div class=\"acf-input\">\n<div class=\"acf-input-wrap\"><input type=\"number\" id=\"acf-field_67317aaa54305\" name=\"acf[field_67317aaa54305]\" step=\"any\" required=\"required\"\/><\/div><\/div>\n<\/div>\n<div class=\"acf-field acf-field-text acf-field-67317fadc459a\" data-name=\"nombre_de_la_institucion\" data-type=\"text\" data-key=\"field_67317fadc459a\">\n<div class=\"acf-label\">\n<label for=\"acf-field_67317fadc459a\">Nombre de la Instituci\u00f3n<\/label><\/div>\n<div class=\"acf-input\">\n<div class=\"acf-input-wrap\"><input type=\"text\" id=\"acf-field_67317fadc459a\" name=\"acf[field_67317fadc459a]\"\/><\/div><\/div>\n<\/div>\n<div class=\"acf-field acf-field-text acf-field-67317fd4c459b\" data-name=\"puesto_de_trabajo\" data-type=\"text\" data-key=\"field_67317fd4c459b\">\n<div class=\"acf-label\">\n<label for=\"acf-field_67317fd4c459b\">Puesto de trabajo<\/label><\/div>\n<div class=\"acf-input\">\n<div class=\"acf-input-wrap\"><input type=\"text\" id=\"acf-field_67317fd4c459b\" name=\"acf[field_67317fd4c459b]\"\/><\/div><\/div>\n<\/div>\n<div class=\"acf-field acf-field-number acf-field-67317feac459c is-required\" data-name=\"telefono\" data-type=\"number\" data-key=\"field_67317feac459c\" data-required=\"1\">\n<div class=\"acf-label\">\n<label for=\"acf-field_67317feac459c\">Telefono <span class=\"acf-required\">*<\/span><\/label><\/div>\n<div class=\"acf-input\">\n<div class=\"acf-input-wrap\"><input type=\"number\" id=\"acf-field_67317feac459c\" name=\"acf[field_67317feac459c]\" step=\"any\" required=\"required\"\/><\/div><\/div>\n<\/div>\n<div class=\"acf-field acf-field-select acf-field-67318017c459d is-required\" data-name=\"coordinadorenlace_red\" data-type=\"select\" data-key=\"field_67318017c459d\" data-required=\"1\">\n<div class=\"acf-label\">\n<label for=\"acf-field_67318017c459d\">Coordinador\/Enlace Red <span class=\"acf-required\">*<\/span><\/label><\/div>\n<div class=\"acf-input\">\n<select id=\"acf-field_67318017c459d\" class=\"\" name=\"acf[field_67318017c459d]\" data-ui=\"0\" data-ajax=\"0\" data-multiple=\"0\" data-placeholder=\"Selecciona\" data-allow_null=\"0\"><option value=\"No soy cordinador\">No soy cordinador<\/option><option value=\"Soy coordinador\">Soy coordinador<\/option><\/select><\/div>\n<\/div>\n<div class=\"acf-field acf-field-taxonomy acf-field-67321dc8e0cd1 is-required\" data-name=\"intereses\" data-type=\"taxonomy\" data-key=\"field_67321dc8e0cd1\" data-required=\"1\">\n<div class=\"acf-label\">\n<label for=\"acf-field_67321dc8e0cd1\">Intereses <span class=\"acf-required\">*<\/span><\/label><\/div>\n<div class=\"acf-input\">\n<div class=\"acf-taxonomy-field\" data-save=\"0\" data-ftype=\"multi_select\" data-taxonomy=\"tipo_de_proyectos\" data-allow_null=\"0\" data-nonce=\"5a4d51bba5\">\n\t\t\t<input type=\"hidden\" id=\"acf-field_67321dc8e0cd1-input\" name=\"acf[field_67321dc8e0cd1]\"\/><select id=\"acf-field_67321dc8e0cd1\" class=\"\" name=\"acf[field_67321dc8e0cd1][]\" data-ui=\"1\" data-ajax=\"1\" data-multiple=\"1\" data-placeholder=\"Selecciona\" data-allow_null=\"0\" multiple=\"multiple\" size=\"1\" data-nonce=\"5a4d51bba5\"><\/select><\/div>\n\t\t\t<\/div>\n<\/div>\n<\/div><p class=\"registration-form-mailpoet\">\n      <label for=\"mailpoet_subscribe_on_register\">\n        <input\n          type=\"hidden\"\n          id=\"mailpoet_subscribe_on_register_active\"\n          value=\"1\"\n          name=\"mailpoet[subscribe_on_register_active]\"\n        \/>\n        <input\n          type=\"checkbox\"\n          id=\"mailpoet_subscribe_on_register\"\n          value=\"1\"\n          name=\"mailpoet[subscribe_on_register]\"\n        \/>&nbsp;Agregame tambien a la lista de Boletines\n      <\/label>\n    <\/p><div class=\"c4wp_captcha_field\" style=\"margin-bottom: 10px;\" data-nonce=\"eb34d5b5bb\" data-c4wp-use-ajax=\"true\" data-c4wp-v2-site-key=\"6LckJ5kqAAAAAN7WkjFQ8go4e-xIVRAE5qd_3naF\"><div id=\"c4wp_captcha_field_1\" class=\"c4wp_captcha_field_div\"><input type=\"hidden\" name=\"g-recaptcha-response\" class=\"c4wp_response\" aria-label=\"do not use\" aria-readonly=\"true\" value=\"\"\/><\/div><\/div>\n<div class=\"tml-field-wrap tml-reg_passmail-wrap\">\n<p id=\"reg_passmail\">Recibir\u00e1s confirmaci\u00f3n del registro por correo electr\u00f3nico.<\/p><\/div>\n\n<div class=\"tml-field-wrap tml-submit-wrap\">\n<button name=\"submit\" type=\"submit\" class=\"tml-button\">Registro<\/button>\n<\/div>\n\n<input name=\"redirect_to\" type=\"hidden\" value=\"http:\/\/website_url\">\n\n<\/form>\n<ul class=\"tml-links\"><li class=\"tml-login-link\"><a href=\"https:\/\/lapaz.bo\/redcooperacion\/acceder\/\">Acceder<\/a><\/li><li class=\"tml-lostpassword-link\"><a href=\"https:\/\/lapaz.bo\/redcooperacion\/lostpassword\/\">\u00bfHas olvidado tu contrase\u00f1a?<\/a><\/li><\/ul><\/div>\n<\/div>\n\t\t\t\t\t\t<\/div>\n\t\t\t\t<\/div>\n\t\t\t\t<\/div>\n\t\t\t\t<\/div>\n\t\t\t\t\t<\/div>\n\t\t\t\t<\/div>\n\t\t\t\t<\/div>\n\t\t","protected":false},"excerpt":{"rendered":"<p>\u00a1\u00danete a la\u00a0Red de Cooperaci\u00f3n por La Paz!\u200b Construyamos juntos una ciudad resiliente y sostenible sum\u00e1ndote a nuestra red y contribuyendo a proyectos que mejoran la calidad de vida de&#8230;<\/p>\n","protected":false},"author":1,"featured_media":0,"parent":0,"menu_order":0,"comment_status":"closed","ping_status":"closed","template":"","meta":{"_acf_changed":false,"_bbp_topic_count":0,"_bbp_reply_count":0,"_bbp_total_topic_count":0,"_bbp_total_reply_count":0,"_bbp_voice_count":0,"_bbp_anonymous_reply_count":0,"_bbp_topic_count_hidden":0,"_bbp_reply_count_hidden":0,"_bbp_forum_subforum_count":0,"site-sidebar-layout":"no-sidebar","site-content-layout":"","ast-site-content-layout":"full-width-container","site-content-style":"default","site-sidebar-style":"default","ast-global-header-display":"","ast-banner-title-visibility":"","ast-main-header-display":"","ast-hfb-above-header-display":"","ast-hfb-below-header-display":"","ast-hfb-mobile-header-display":"","site-post-title":"disabled","ast-breadcrumbs-content":"","ast-featured-img":"disabled","footer-sml-layout":"","theme-transparent-header-meta":"default","adv-header-id-meta":"","stick-header-meta":"","header-above-stick-meta":"","header-main-stick-meta":"","header-below-stick-meta":"","astra-migrate-meta-layouts":"set","ast-page-background-enabled":"default","ast-page-background-meta":{"desktop":{"background-color":"var(--ast-global-color-4)","background-image":"","background-repeat":"repeat","background-position":"center center","background-size":"auto","background-attachment":"scroll","background-type":"","background-media":"","overlay-type":"","overlay-color":"","overlay-opacity":"","overlay-gradient":""},"tablet":{"background-color":"","background-image":"","background-repeat":"repeat","background-position":"center center","background-size":"auto","background-attachment":"scroll","background-type":"","background-media":"","overlay-type":"","overlay-color":"","overlay-opacity":"","overlay-gradient":""},"mobile":{"background-color":"","background-image":"","background-repeat":"repeat","background-position":"center center","background-size":"auto","background-attachment":"scroll","background-type":"","background-media":"","overlay-type":"","overlay-color":"","overlay-opacity":"","overlay-gradient":""}},"ast-content-background-meta":{"desktop":{"background-color":"var(--ast-global-color-5)","background-image":"","background-repeat":"repeat","background-position":"center center","background-size":"auto","background-attachment":"scroll","background-type":"","background-media":"","overlay-type":"","overlay-color":"","overlay-opacity":"","overlay-gradient":""},"tablet":{"background-color":"var(--ast-global-color-5)","background-image":"","background-repeat":"repeat","background-position":"center center","background-size":"auto","background-attachment":"scroll","background-type":"","background-media":"","overlay-type":"","overlay-color":"","overlay-opacity":"","overlay-gradient":""},"mobile":{"background-color":"var(--ast-global-color-5)","background-image":"","background-repeat":"repeat","background-position":"center center","background-size":"auto","background-attachment":"scroll","background-type":"","background-media":"","overlay-type":"","overlay-color":"","overlay-opacity":"","overlay-gradient":""}},"footnotes":""},"class_list":["post-1524","page","type-page","status-publish","hentry"],"acf":[],"_links":{"self":[{"href":"https:\/\/lapaz.bo\/redcooperacion\/wp-json\/wp\/v2\/pages\/1524","targetHints":{"allow":["GET"]}}],"collection":[{"href":"https:\/\/lapaz.bo\/redcooperacion\/wp-json\/wp\/v2\/pages"}],"about":[{"href":"https:\/\/lapaz.bo\/redcooperacion\/wp-json\/wp\/v2\/types\/page"}],"author":[{"embeddable":true,"href":"https:\/\/lapaz.bo\/redcooperacion\/wp-json\/wp\/v2\/users\/1"}],"replies":[{"embeddable":true,"href":"https:\/\/lapaz.bo\/redcooperacion\/wp-json\/wp\/v2\/comments?post=1524"}],"version-history":[{"count":78,"href":"https:\/\/lapaz.bo\/redcooperacion\/wp-json\/wp\/v2\/pages\/1524\/revisions"}],"predecessor-version":[{"id":3542,"href":"https:\/\/lapaz.bo\/redcooperacion\/wp-json\/wp\/v2\/pages\/1524\/revisions\/3542"}],"wp:attachment":[{"href":"https:\/\/lapaz.bo\/redcooperacion\/wp-json\/wp\/v2\/media?parent=1524"}],"curies":[{"name":"wp","href":"https:\/\/api.w.org\/{rel}","templated":true}]}}