{"id":2510,"date":"2025-04-22T09:55:53","date_gmt":"2025-04-22T13:55:53","guid":{"rendered":"https:\/\/lapaz.bo\/movilidad-de-altura\/?page_id=2510"},"modified":"2025-04-22T12:11:16","modified_gmt":"2025-04-22T16:11:16","slug":"formularios-de-solicitud-de-transporte-2025","status":"publish","type":"page","link":"https:\/\/lapaz.bo\/movilidad-de-altura\/formularios-de-solicitud-de-transporte-2025\/","title":{"rendered":"Formularios de Solicitud de Transporte 2025"},"content":{"rendered":"\t\t<div data-elementor-type=\"wp-page\" data-elementor-id=\"2510\" class=\"elementor elementor-2510\" data-elementor-settings=\"{&quot;ha_cmc_init_switcher&quot;:&quot;no&quot;}\">\n\t\t\t\t<div class=\"elementor-element elementor-element-f66c341 e-flex e-con-boxed wpr-particle-no wpr-jarallax-no wpr-parallax-no wpr-sticky-section-no wpr-equal-height-no e-con e-parent\" data-id=\"f66c341\" data-element_type=\"container\" data-e-type=\"container\" data-settings=\"{&quot;_ha_eqh_enable&quot;:false}\">\n\t\t\t\t\t<div class=\"e-con-inner\">\n\t\t\t\t<div class=\"elementor-element elementor-element-03dbd97 elementor-widget elementor-widget-heading\" data-id=\"03dbd97\" data-element_type=\"widget\" data-e-type=\"widget\" data-widget_type=\"heading.default\">\n\t\t\t\t<div class=\"elementor-widget-container\">\n\t\t\t\t\t<h5 class=\"elementor-heading-title elementor-size-default\">Formularios de Solicitud de Transporte 2025<\/h5>\t\t\t\t<\/div>\n\t\t\t\t<\/div>\n\t\t\t\t\t<\/div>\n\t\t\t\t<\/div>\n\t\t<div class=\"elementor-element elementor-element-3258eab e-flex e-con-boxed wpr-particle-no wpr-jarallax-no wpr-parallax-no wpr-sticky-section-no wpr-equal-height-no e-con e-parent\" data-id=\"3258eab\" data-element_type=\"container\" data-e-type=\"container\" data-settings=\"{&quot;_ha_eqh_enable&quot;:false}\">\n\t\t\t\t\t<div class=\"e-con-inner\">\n\t\t\t\t<div class=\"elementor-element elementor-element-b2a7399 elementor-widget elementor-widget-text-editor\" data-id=\"b2a7399\" data-element_type=\"widget\" data-e-type=\"widget\" data-widget_type=\"text-editor.default\">\n\t\t\t\t<div class=\"elementor-widget-container\">\n\t\t\t\t\t\t\t\t\t<p class=\"ds-markdown-paragraph\">Este documento contiene los formularios necesarios para solicitar la creaci\u00f3n o modificaci\u00f3n de rutas, recorridos o datos operativos del sistema de transporte p\u00fablico.<\/p><p class=\"ds-markdown-paragraph\"><strong>Contenido del archivo:<\/strong><\/p><ul><li><p class=\"ds-markdown-paragraph\"><strong>Formulario F1:<\/strong>\u00a0Datos del solicitante, tipo de solicitud y documentaci\u00f3n requerida.<\/p><\/li><li><p class=\"ds-markdown-paragraph\"><strong>Formulario F2:<\/strong>\u00a0Creaci\u00f3n de nuevas rutas y recorridos.<\/p><\/li><li><p class=\"ds-markdown-paragraph\"><strong>Formulario F3:<\/strong>\u00a0Modificaci\u00f3n de recorridos existentes.<\/p><\/li><li><p class=\"ds-markdown-paragraph\"><strong>Formulario F4:<\/strong>\u00a0Modificaci\u00f3n de paradas (ampliaci\u00f3n o ajuste).<\/p><\/li><li><p class=\"ds-markdown-paragraph\"><strong>Formulario F5:<\/strong>\u00a0Modificaci\u00f3n de caracter\u00edsticas de rutas (horarios, frecuencia, flota, etc.).<\/p><\/li><\/ul>\t\t\t\t\t\t\t\t<\/div>\n\t\t\t\t<\/div>\n\t\t\t\t\t<\/div>\n\t\t\t\t<\/div>\n\t\t<div class=\"elementor-element elementor-element-1b4c5d7 e-flex e-con-boxed wpr-particle-no wpr-jarallax-no wpr-parallax-no wpr-sticky-section-no wpr-equal-height-no e-con e-parent\" data-id=\"1b4c5d7\" data-element_type=\"container\" data-e-type=\"container\" data-settings=\"{&quot;_ha_eqh_enable&quot;:false}\">\n\t\t\t\t\t<div class=\"e-con-inner\">\n\t\t\t\t<div class=\"elementor-element elementor-element-f9be730 elementor-widget elementor-widget-ha-creative-button happy-addon ha-creative-button\" data-id=\"f9be730\" data-element_type=\"widget\" data-e-type=\"widget\" data-widget_type=\"ha-creative-button.default\">\n\t\t\t\t<div class=\"elementor-widget-container\">\n\t\t\t\t\t\t\t<div data-magnetic=\"no\" class=\"ha-creative-btn-wrap\">\n\t\t\t<a class=\"ha-creative-btn ha-stl--hermosa ha-eft--exploit\" href=\"https:\/\/drive.google.com\/drive\/folders\/12WA652IsVOorinENAOTMha9asWv_zBLg?usp=sharing\" target=\"_blank\" rel=\"nofollow\"><span>Descarga Aqu\u00ed<\/span><\/a>\n\t\t<\/div>\t\t\t\t<\/div>\n\t\t\t\t<\/div>\n\t\t\t\t\t<\/div>\n\t\t\t\t<\/div>\n\t\t\t\t<\/div>\n\t\t","protected":false},"excerpt":{"rendered":"<p>Formularios de Solicitud de Transporte 2025 Este documento contiene los formularios necesarios para solicitar la creaci\u00f3n o modificaci\u00f3n de rutas, recorridos o datos operativos del sistema de transporte p\u00fablico. Contenido del archivo: Formulario F1:\u00a0Datos del solicitante, tipo de solicitud y documentaci\u00f3n requerida. Formulario F2:\u00a0Creaci\u00f3n de nuevas rutas y recorridos. Formulario F3:\u00a0Modificaci\u00f3n de recorridos existentes. Formulario F4:\u00a0Modificaci\u00f3n de paradas (ampliaci\u00f3n o ajuste). Formulario F5:\u00a0Modificaci\u00f3n de caracter\u00edsticas de rutas (horarios, frecuencia, flota, etc.). Descarga Aqu\u00ed<\/p>\n","protected":false},"author":2,"featured_media":0,"parent":0,"menu_order":0,"comment_status":"closed","ping_status":"closed","template":"","meta":{"_acf_changed":false,"site-sidebar-layout":"no-sidebar","site-content-layout":"","ast-site-content-layout":"full-width-container","site-content-style":"default","site-sidebar-style":"default","ast-global-header-display":"","ast-banner-title-visibility":"","ast-main-header-display":"","ast-hfb-above-header-display":"","ast-hfb-below-header-display":"","ast-hfb-mobile-header-display":"","site-post-title":"disabled","ast-breadcrumbs-content":"","ast-featured-img":"disabled","footer-sml-layout":"","theme-transparent-header-meta":"","adv-header-id-meta":"","stick-header-meta":"","header-above-stick-meta":"","header-main-stick-meta":"","header-below-stick-meta":"","astra-migrate-meta-layouts":"default","ast-page-background-enabled":"default","ast-page-background-meta":{"desktop":{"background-color":"var(--ast-global-color-4)","background-image":"","background-repeat":"repeat","background-position":"center center","background-size":"auto","background-attachment":"scroll","background-type":"","background-media":"","overlay-type":"","overlay-color":"","overlay-opacity":"","overlay-gradient":""},"tablet":{"background-color":"","background-image":"","background-repeat":"repeat","background-position":"center center","background-size":"auto","background-attachment":"scroll","background-type":"","background-media":"","overlay-type":"","overlay-color":"","overlay-opacity":"","overlay-gradient":""},"mobile":{"background-color":"","background-image":"","background-repeat":"repeat","background-position":"center center","background-size":"auto","background-attachment":"scroll","background-type":"","background-media":"","overlay-type":"","overlay-color":"","overlay-opacity":"","overlay-gradient":""}},"ast-content-background-meta":{"desktop":{"background-color":"var(--ast-global-color-5)","background-image":"","background-repeat":"repeat","background-position":"center center","background-size":"auto","background-attachment":"scroll","background-type":"","background-media":"","overlay-type":"","overlay-color":"","overlay-opacity":"","overlay-gradient":""},"tablet":{"background-color":"var(--ast-global-color-5)","background-image":"","background-repeat":"repeat","background-position":"center center","background-size":"auto","background-attachment":"scroll","background-type":"","background-media":"","overlay-type":"","overlay-color":"","overlay-opacity":"","overlay-gradient":""},"mobile":{"background-color":"var(--ast-global-color-5)","background-image":"","background-repeat":"repeat","background-position":"center center","background-size":"auto","background-attachment":"scroll","background-type":"","background-media":"","overlay-type":"","overlay-color":"","overlay-opacity":"","overlay-gradient":""}},"footnotes":""},"class_list":["post-2510","page","type-page","status-publish","hentry"],"acf":[],"_links":{"self":[{"href":"https:\/\/lapaz.bo\/movilidad-de-altura\/wp-json\/wp\/v2\/pages\/2510","targetHints":{"allow":["GET"]}}],"collection":[{"href":"https:\/\/lapaz.bo\/movilidad-de-altura\/wp-json\/wp\/v2\/pages"}],"about":[{"href":"https:\/\/lapaz.bo\/movilidad-de-altura\/wp-json\/wp\/v2\/types\/page"}],"author":[{"embeddable":true,"href":"https:\/\/lapaz.bo\/movilidad-de-altura\/wp-json\/wp\/v2\/users\/2"}],"replies":[{"embeddable":true,"href":"https:\/\/lapaz.bo\/movilidad-de-altura\/wp-json\/wp\/v2\/comments?post=2510"}],"version-history":[{"count":7,"href":"https:\/\/lapaz.bo\/movilidad-de-altura\/wp-json\/wp\/v2\/pages\/2510\/revisions"}],"predecessor-version":[{"id":2526,"href":"https:\/\/lapaz.bo\/movilidad-de-altura\/wp-json\/wp\/v2\/pages\/2510\/revisions\/2526"}],"wp:attachment":[{"href":"https:\/\/lapaz.bo\/movilidad-de-altura\/wp-json\/wp\/v2\/media?parent=2510"}],"curies":[{"name":"wp","href":"https:\/\/api.w.org\/{rel}","templated":true}]}}