{"id":1586,"date":"2025-02-18T15:06:36","date_gmt":"2025-02-18T19:06:36","guid":{"rendered":"https:\/\/lapaz.bo\/movilidad-de-altura\/?page_id=1586"},"modified":"2025-05-09T16:04:48","modified_gmt":"2025-05-09T20:04:48","slug":"transporte","status":"publish","type":"page","link":"https:\/\/lapaz.bo\/movilidad-de-altura\/transporte\/","title":{"rendered":"Transporte"},"content":{"rendered":"\t\t<div data-elementor-type=\"wp-page\" data-elementor-id=\"1586\" class=\"elementor elementor-1586\" data-elementor-settings=\"{&quot;ha_cmc_init_switcher&quot;:&quot;no&quot;}\">\n\t\t\t\t<div class=\"elementor-element elementor-element-b29ec13 e-flex e-con-boxed wpr-particle-no wpr-jarallax-no wpr-parallax-no wpr-sticky-section-no wpr-equal-height-no e-con e-parent\" data-id=\"b29ec13\" data-element_type=\"container\" data-e-type=\"container\" data-settings=\"{&quot;_ha_eqh_enable&quot;:false}\">\n\t\t\t\t\t<div class=\"e-con-inner\">\n\t\t\t\t<div class=\"elementor-element elementor-element-ae591a2 elementor-widget elementor-widget-heading\" data-id=\"ae591a2\" data-element_type=\"widget\" data-e-type=\"widget\" data-widget_type=\"heading.default\">\n\t\t\t\t<div class=\"elementor-widget-container\">\n\t\t\t\t\t<h2 class=\"elementor-heading-title elementor-size-default\">Transporte P\u00fablico<\/h2>\t\t\t\t<\/div>\n\t\t\t\t<\/div>\n\t\t\t\t\t<\/div>\n\t\t\t\t<\/div>\n\t\t<div class=\"elementor-element elementor-element-97699a7 e-flex e-con-boxed wpr-particle-no wpr-jarallax-no wpr-parallax-no wpr-sticky-section-no wpr-equal-height-no e-con e-parent\" data-id=\"97699a7\" data-element_type=\"container\" data-e-type=\"container\" data-settings=\"{&quot;_ha_eqh_enable&quot;:false}\">\n\t\t\t\t\t<div class=\"e-con-inner\">\n\t\t\t\t<div class=\"elementor-element elementor-element-b9f6bb3 elementor-widget elementor-widget-heading\" data-id=\"b9f6bb3\" data-element_type=\"widget\" data-e-type=\"widget\" data-widget_type=\"heading.default\">\n\t\t\t\t<div class=\"elementor-widget-container\">\n\t\t\t\t\t<h5 class=\"elementor-heading-title elementor-size-default\">Encuentra las rutas y recorridos oficiales del transporte p\u00fablico en La Paz<\/h5>\t\t\t\t<\/div>\n\t\t\t\t<\/div>\n\t\t\t\t\t<\/div>\n\t\t\t\t<\/div>\n\t\t<div class=\"elementor-element elementor-element-96f6dce e-flex e-con-boxed wpr-particle-no wpr-jarallax-no wpr-parallax-no wpr-sticky-section-no wpr-equal-height-no e-con e-parent\" data-id=\"96f6dce\" data-element_type=\"container\" data-e-type=\"container\" data-settings=\"{&quot;_ha_eqh_enable&quot;:false}\">\n\t\t\t\t\t<div class=\"e-con-inner\">\n\t\t\t\t<div class=\"elementor-element elementor-element-c32fb10 elementor-widget elementor-widget-spacer\" data-id=\"c32fb10\" data-element_type=\"widget\" data-e-type=\"widget\" data-widget_type=\"spacer.default\">\n\t\t\t\t<div class=\"elementor-widget-container\">\n\t\t\t\t\t\t\t<div class=\"elementor-spacer\">\n\t\t\t<div class=\"elementor-spacer-inner\"><\/div>\n\t\t<\/div>\n\t\t\t\t\t\t<\/div>\n\t\t\t\t<\/div>\n\t\t\t\t\t<\/div>\n\t\t\t\t<\/div>\n\t\t<div class=\"elementor-element elementor-element-03dde20 e-flex e-con-boxed wpr-particle-no wpr-jarallax-no wpr-parallax-no wpr-sticky-section-no wpr-equal-height-no e-con e-parent\" data-id=\"03dde20\" data-element_type=\"container\" data-e-type=\"container\" data-settings=\"{&quot;_ha_eqh_enable&quot;:false}\">\n\t\t\t\t\t<div class=\"e-con-inner\">\n\t\t\t\t<div class=\"elementor-element elementor-element-efbf84f elementor-widget elementor-widget-shortcode\" data-id=\"efbf84f\" data-element_type=\"widget\" data-e-type=\"widget\" data-widget_type=\"shortcode.default\">\n\t\t\t\t<div class=\"elementor-widget-container\">\n\t\t\t\t\t\t\t<div class=\"elementor-shortcode\"><\/div>\n\t\t\t\t\t\t<\/div>\n\t\t\t\t<\/div>\n\t\t\t\t\t<\/div>\n\t\t\t\t<\/div>\n\t\t<div class=\"elementor-element elementor-element-b8fcc23 e-flex e-con-boxed wpr-particle-no wpr-jarallax-no wpr-parallax-no wpr-sticky-section-no wpr-equal-height-no e-con e-parent\" data-id=\"b8fcc23\" data-element_type=\"container\" data-e-type=\"container\" data-settings=\"{&quot;_ha_eqh_enable&quot;:false}\">\n\t\t\t\t\t<div class=\"e-con-inner\">\n\t\t\t\t<div class=\"elementor-element elementor-element-016bb8c elementor-widget elementor-widget-spacer\" data-id=\"016bb8c\" data-element_type=\"widget\" data-e-type=\"widget\" data-widget_type=\"spacer.default\">\n\t\t\t\t<div class=\"elementor-widget-container\">\n\t\t\t\t\t\t\t<div class=\"elementor-spacer\">\n\t\t\t<div class=\"elementor-spacer-inner\"><\/div>\n\t\t<\/div>\n\t\t\t\t\t\t<\/div>\n\t\t\t\t<\/div>\n\t\t\t\t\t<\/div>\n\t\t\t\t<\/div>\n\t\t<div class=\"elementor-element elementor-element-05795a5 e-flex e-con-boxed wpr-particle-no wpr-jarallax-no wpr-parallax-no wpr-sticky-section-no wpr-equal-height-no e-con e-parent\" data-id=\"05795a5\" data-element_type=\"container\" data-e-type=\"container\" data-settings=\"{&quot;_ha_eqh_enable&quot;:false}\">\n\t\t\t\t\t<div class=\"e-con-inner\">\n\t\t\t\t<div class=\"elementor-element elementor-element-cc5df3c elementor-widget elementor-widget-text-editor\" data-id=\"cc5df3c\" data-element_type=\"widget\" data-e-type=\"widget\" data-widget_type=\"text-editor.default\">\n\t\t\t\t<div class=\"elementor-widget-container\">\n\t\t\t\t\t\t\t\t\t<p data-start=\"171\" data-end=\"556\">El servicio de transporte p\u00fablico en el municipio de La Paz opera bajo rutas y recorridos aprobados oficialmente por el Gobierno Aut\u00f3nomo Municipal de La Paz (GAMLP), conforme a la <strong data-start=\"352\" data-end=\"388\">Ley Municipal Auton\u00f3mica No. 457<\/strong>. Esta normativa establece 572 rutas para minibuses, trufis, micros y otros servicios de transporte colectivo, garantizando orden y accesibilidad para los ciudadanos.<\/p><p data-start=\"558\" data-end=\"766\">Con esta herramienta, puedes buscar l\u00edneas espec\u00edficas y conocer los trayectos autorizados de cada una. Esto te permitir\u00e1 planificar mejor tus desplazamientos y evitar inconvenientes con rutas no oficiales.<\/p><p data-start=\"768\" data-end=\"872\">Ingresa el n\u00famero de la l\u00ednea y encuentra su recorrido autorizado. \u00a1Viaja informado y seguro!<\/p>\t\t\t\t\t\t\t\t<\/div>\n\t\t\t\t<\/div>\n\t\t\t\t\t<\/div>\n\t\t\t\t<\/div>\n\t\t<div class=\"elementor-element elementor-element-43d2868 e-flex e-con-boxed wpr-particle-no wpr-jarallax-no wpr-parallax-no wpr-sticky-section-no wpr-equal-height-no e-con e-parent\" data-id=\"43d2868\" data-element_type=\"container\" data-e-type=\"container\" data-settings=\"{&quot;_ha_eqh_enable&quot;:false}\">\n\t\t\t\t\t<div class=\"e-con-inner\">\n\t\t\t\t<div class=\"elementor-element elementor-element-8ab802c elementor-widget elementor-widget-shortcode\" data-id=\"8ab802c\" data-element_type=\"widget\" data-e-type=\"widget\" data-widget_type=\"shortcode.default\">\n\t\t\t\t<div class=\"elementor-widget-container\">\n\t\t\t\t\t<style>\n        .pdf-container { max-width: 800px; margin: 20px auto; padding: 15px; background: linear-gradient(135deg, #0073aa, #005a87); border-radius: 10px; color: white; text-align: center; }\n        .pdf-title { font-size: 18px; font-weight: bold; margin-bottom: 10px; }\n        .pdf-frame { width: 100%; height: 600px; border-radius: 8px; border: 2px solid #ffffff; }\n        .pdf-button { display: inline-flex; align-items: center; background: #ffcc00; color: black; padding: 8px 12px; border-radius: 5px; text-decoration: none; font-weight: bold; font-size: 14px; }\n        .pdf-button img { width: 18px; height: 18px; margin-right: 5px; }\n        .pdf-button:hover { background: #ffaa00; }\n        .search-container { text-align: center; margin-bottom: 20px; }\n        .search-container input[type=\"text\"] { padding: 10px; width: 250px; border-radius: 5px; border: 1px solid #ccc; }\n        .search-container input[type=\"submit\"] { padding: 10px 15px; background: #0073aa; color: white; border: none; border-radius: 5px; cursor: pointer; }\n    <\/style><div class=\"search-container\">\n            <form id=\"form-buscar-pdf\">\n                <input type=\"text\" name=\"buscar_pdf\" id=\"buscar_pdf\" placeholder=\"Buscar Ruta...\" \/>\n                <input type=\"submit\" value=\"Buscar\" \/>\n            <\/form>\n          <\/div><div id=\"resultado-pdf\"><p style=\"text-align: center;\">\ud83d\udd0d Ingresa el n\u00famero de ruta. Ejemplo: 309<\/p><\/div><script>\n        jQuery(document).ready(function($) {\n            $(\"#form-buscar-pdf\").submit(function(e) {\n                e.preventDefault();\n                var buscar = $(\"#buscar_pdf\").val().trim();\n\n                \/\/ Validaciones en frontend\n                var palabrasProhibidas = [\"ruta\", \"documento\", \"files\", \"all\",\"pdf\"];\n                if (buscar.length > 10 || palabrasProhibidas.includes(buscar.toLowerCase())) {\n                    $(\"#resultado-pdf\").html(\"<p style='text-align: center; color: red;'>\ud83d\udeab B\u00fasqueda no permitida.<\/p>\");\n                    return;\n                }\n\n                $.ajax({\n                    type: \"POST\",\n                    url: \"https:\/\/lapaz.bo\/movilidad-de-altura\/wp-admin\/admin-ajax.php\",\n                    data: {\n                        action: \"buscar_pdfs\",\n                        buscar_pdf: buscar\n                    },\n                    beforeSend: function() {\n                        $(\"#resultado-pdf\").html(\"<p style='text-align: center;'>\u23f3 Buscando...<\/p>\");\n                    },\n                    success: function(response) {\n                        $(\"#resultado-pdf\").html(response);\n                    },\n                    error: function() {\n                        $(\"#resultado-pdf\").html(\"<p style='text-align: center; color: red;'>\u274c Error al buscar el PDF.<\/p>\");\n                    }\n                });\n            });\n        });\n    <\/script>\t\t<div class=\"elementor-shortcode\"><\/div>\n\t\t\t\t\t\t<\/div>\n\t\t\t\t<\/div>\n\t\t\t\t\t<\/div>\n\t\t\t\t<\/div>\n\t\t<div class=\"elementor-element elementor-element-f23b884 e-flex e-con-boxed wpr-particle-no wpr-jarallax-no wpr-parallax-no wpr-sticky-section-no wpr-equal-height-no e-con e-parent\" data-id=\"f23b884\" data-element_type=\"container\" data-e-type=\"container\" data-settings=\"{&quot;_ha_eqh_enable&quot;:false}\">\n\t\t\t\t\t<div class=\"e-con-inner\">\n\t\t\t\t<div class=\"elementor-element elementor-element-2697fb3 elementor-widget elementor-widget-html\" data-id=\"2697fb3\" data-element_type=\"widget\" data-e-type=\"widget\" data-widget_type=\"html.default\">\n\t\t\t\t<div class=\"elementor-widget-container\">\n\t\t\t\t\t<!-- PAGE VISITS COUNTER - DARK -->\r\n<div id=\"strcpv-page-counter\"> N\/A<\/div>\r\n<style>\r\n#strcpv-page-counter {\r\ntext-align: center;\r\n}\r\n#strcpv-page-counter p {\r\ndisplay: inline-block !important;\r\npadding-top: 0 !important;\r\npadding-bottom: 0 !important;\r\npadding-left: 5px !important;\r\npadding-right: 1px !important;\r\nletter-spacing: 5px !important;\r\nbackground-color: black !important;\r\ncolor: white !important;\r\nborder-radius: 4px !important;\r\nfont-weight: bold !important;\r\nfont-size: 12px !important;\r\n}\r\n<\/style>\t\t\t\t<\/div>\n\t\t\t\t<\/div>\n\t\t\t\t\t<\/div>\n\t\t\t\t<\/div>\n\t\t\t\t<\/div>\n\t\t","protected":false},"excerpt":{"rendered":"<p>Transporte P\u00fablico Encuentra las rutas y recorridos oficiales del transporte p\u00fablico en La Paz El servicio de transporte p\u00fablico en el municipio de La Paz opera bajo rutas y recorridos aprobados oficialmente por el Gobierno Aut\u00f3nomo Municipal de La Paz (GAMLP), conforme a la Ley Municipal Auton\u00f3mica No. 457. Esta normativa establece 572 rutas para minibuses, trufis, micros y otros servicios de transporte colectivo, garantizando orden y accesibilidad para los ciudadanos. Con esta herramienta, puedes buscar l\u00edneas espec\u00edficas y conocer los trayectos autorizados de cada una. Esto te permitir\u00e1 planificar mejor tus desplazamientos y evitar inconvenientes con rutas no oficiales. Ingresa el n\u00famero de la l\u00ednea y encuentra su recorrido autorizado. \u00a1Viaja informado y seguro! N\/A<\/p>\n","protected":false},"author":2,"featured_media":0,"parent":0,"menu_order":0,"comment_status":"closed","ping_status":"closed","template":"","meta":{"_acf_changed":false,"site-sidebar-layout":"no-sidebar","site-content-layout":"","ast-site-content-layout":"full-width-container","site-content-style":"default","site-sidebar-style":"default","ast-global-header-display":"","ast-banner-title-visibility":"","ast-main-header-display":"","ast-hfb-above-header-display":"","ast-hfb-below-header-display":"","ast-hfb-mobile-header-display":"","site-post-title":"disabled","ast-breadcrumbs-content":"","ast-featured-img":"disabled","footer-sml-layout":"","theme-transparent-header-meta":"","adv-header-id-meta":"","stick-header-meta":"","header-above-stick-meta":"","header-main-stick-meta":"","header-below-stick-meta":"","astra-migrate-meta-layouts":"default","ast-page-background-enabled":"default","ast-page-background-meta":{"desktop":{"background-color":"var(--ast-global-color-4)","background-image":"","background-repeat":"repeat","background-position":"center center","background-size":"auto","background-attachment":"scroll","background-type":"","background-media":"","overlay-type":"","overlay-color":"","overlay-opacity":"","overlay-gradient":""},"tablet":{"background-color":"","background-image":"","background-repeat":"repeat","background-position":"center center","background-size":"auto","background-attachment":"scroll","background-type":"","background-media":"","overlay-type":"","overlay-color":"","overlay-opacity":"","overlay-gradient":""},"mobile":{"background-color":"","background-image":"","background-repeat":"repeat","background-position":"center center","background-size":"auto","background-attachment":"scroll","background-type":"","background-media":"","overlay-type":"","overlay-color":"","overlay-opacity":"","overlay-gradient":""}},"ast-content-background-meta":{"desktop":{"background-color":"var(--ast-global-color-5)","background-image":"","background-repeat":"repeat","background-position":"center center","background-size":"auto","background-attachment":"scroll","background-type":"","background-media":"","overlay-type":"","overlay-color":"","overlay-opacity":"","overlay-gradient":""},"tablet":{"background-color":"var(--ast-global-color-5)","background-image":"","background-repeat":"repeat","background-position":"center center","background-size":"auto","background-attachment":"scroll","background-type":"","background-media":"","overlay-type":"","overlay-color":"","overlay-opacity":"","overlay-gradient":""},"mobile":{"background-color":"var(--ast-global-color-5)","background-image":"","background-repeat":"repeat","background-position":"center center","background-size":"auto","background-attachment":"scroll","background-type":"","background-media":"","overlay-type":"","overlay-color":"","overlay-opacity":"","overlay-gradient":""}},"footnotes":""},"class_list":["post-1586","page","type-page","status-publish","hentry"],"acf":[],"_links":{"self":[{"href":"https:\/\/lapaz.bo\/movilidad-de-altura\/wp-json\/wp\/v2\/pages\/1586","targetHints":{"allow":["GET"]}}],"collection":[{"href":"https:\/\/lapaz.bo\/movilidad-de-altura\/wp-json\/wp\/v2\/pages"}],"about":[{"href":"https:\/\/lapaz.bo\/movilidad-de-altura\/wp-json\/wp\/v2\/types\/page"}],"author":[{"embeddable":true,"href":"https:\/\/lapaz.bo\/movilidad-de-altura\/wp-json\/wp\/v2\/users\/2"}],"replies":[{"embeddable":true,"href":"https:\/\/lapaz.bo\/movilidad-de-altura\/wp-json\/wp\/v2\/comments?post=1586"}],"version-history":[{"count":9,"href":"https:\/\/lapaz.bo\/movilidad-de-altura\/wp-json\/wp\/v2\/pages\/1586\/revisions"}],"predecessor-version":[{"id":2589,"href":"https:\/\/lapaz.bo\/movilidad-de-altura\/wp-json\/wp\/v2\/pages\/1586\/revisions\/2589"}],"wp:attachment":[{"href":"https:\/\/lapaz.bo\/movilidad-de-altura\/wp-json\/wp\/v2\/media?parent=1586"}],"curies":[{"name":"wp","href":"https:\/\/api.w.org\/{rel}","templated":true}]}}