{"id":27862,"date":"2026-02-11T13:01:05","date_gmt":"2026-02-11T17:01:05","guid":{"rendered":"https:\/\/lapaz.bo\/agendajiwaki\/?page_id=27862"},"modified":"2026-03-10T14:13:28","modified_gmt":"2026-03-10T18:13:28","slug":"nosotros","status":"publish","type":"page","link":"https:\/\/lapaz.bo\/agendajiwaki\/nosotros\/","title":{"rendered":"Nosotros"},"content":{"rendered":"\t\t<div data-elementor-type=\"wp-page\" data-elementor-id=\"27862\" class=\"elementor elementor-27862\" data-elementor-settings=\"{&quot;ha_cmc_init_switcher&quot;:&quot;no&quot;}\">\n\t\t\t\t\t\t<section data-particle_enable=\"false\" data-particle-mobile-disabled=\"false\" class=\"elementor-section elementor-top-section elementor-element elementor-element-33cbd5d elementor-section-full_width elementor-section-height-default elementor-section-height-default\" data-id=\"33cbd5d\" data-element_type=\"section\" data-settings=\"{&quot;_ha_eqh_enable&quot;:false}\">\n\t\t\t\t\t\t<div class=\"elementor-container elementor-column-gap-default\">\n\t\t\t\t\t<div class=\"elementor-column elementor-col-66 elementor-top-column elementor-element elementor-element-5c81aff\" data-id=\"5c81aff\" data-element_type=\"column\">\n\t\t\t<div class=\"elementor-widget-wrap elementor-element-populated\">\n\t\t\t\t\t\t<section data-particle_enable=\"false\" data-particle-mobile-disabled=\"false\" class=\"elementor-section elementor-inner-section elementor-element elementor-element-feb6751 elementor-section-boxed elementor-section-height-default elementor-section-height-default\" data-id=\"feb6751\" data-element_type=\"section\" data-settings=\"{&quot;_ha_eqh_enable&quot;:false}\">\n\t\t\t\t\t\t<div class=\"elementor-container elementor-column-gap-default\">\n\t\t\t\t\t<div class=\"elementor-column elementor-col-50 elementor-inner-column elementor-element elementor-element-d32308e\" data-id=\"d32308e\" data-element_type=\"column\">\n\t\t\t<div class=\"elementor-widget-wrap elementor-element-populated\">\n\t\t\t\t\t\t<div class=\"elementor-element elementor-element-8014f21 elementor-widget elementor-widget-heading\" data-id=\"8014f21\" data-element_type=\"widget\" data-widget_type=\"heading.default\">\n\t\t\t\t<div class=\"elementor-widget-container\">\n\t\t\t<h2 class=\"elementor-heading-title elementor-size-default\">MISI\u00d3N<\/h2>\t\t<\/div>\n\t\t\t\t<\/div>\n\t\t\t\t<div class=\"elementor-element elementor-element-0430bbb elementor-widget elementor-widget-heading\" data-id=\"0430bbb\" data-element_type=\"widget\" data-widget_type=\"heading.default\">\n\t\t\t\t<div class=\"elementor-widget-container\">\n\t\t\t<p class=\"elementor-heading-title elementor-size-default\">Formular, articular y ejecutar pol\u00edticas integrales en el \u00e1mbito cultural, enfocadas a la reactivaci\u00f3n de las econom\u00edas culturales y creativas, la reconstrucci\u00f3n del tejido social y la democratizaci\u00f3n de las culturas y las artes.<\/p>\t\t<\/div>\n\t\t\t\t<\/div>\n\t\t\t\t\t<\/div>\n\t\t<\/div>\n\t\t\t\t<div class=\"elementor-column elementor-col-50 elementor-inner-column elementor-element elementor-element-86203a5\" data-id=\"86203a5\" data-element_type=\"column\">\n\t\t\t<div class=\"elementor-widget-wrap elementor-element-populated\">\n\t\t\t\t\t\t<div class=\"elementor-element elementor-element-8a7040c elementor-widget elementor-widget-heading\" data-id=\"8a7040c\" data-element_type=\"widget\" data-widget_type=\"heading.default\">\n\t\t\t\t<div class=\"elementor-widget-container\">\n\t\t\t<h2 class=\"elementor-heading-title elementor-size-default\">VISI\u00d3N<\/h2>\t\t<\/div>\n\t\t\t\t<\/div>\n\t\t\t\t<div class=\"elementor-element elementor-element-a84d91f elementor-widget elementor-widget-heading\" data-id=\"a84d91f\" data-element_type=\"widget\" data-widget_type=\"heading.default\">\n\t\t\t\t<div class=\"elementor-widget-container\">\n\t\t\t<p class=\"elementor-heading-title elementor-size-default\">Ser una instituci\u00f3n p\u00fablica modelo de gesti\u00f3n municipal, democr\u00e1tica, participativa, transparente, eficiente, innovadora y tecnol\u00f3gica; que dinamiza la econom\u00eda, el desarrollo social y territorial: consolidando una La Paz saludable, productiva, competitiva, diversa y resiliente, cultural, ordenada e interconectada, con di\u00e1logo y reconciliaci\u00f3n por el Bien Com\u00fan.<\/p>\t\t<\/div>\n\t\t\t\t<\/div>\n\t\t\t\t\t<\/div>\n\t\t<\/div>\n\t\t\t\t\t<\/div>\n\t\t<\/section>\n\t\t\t\t<div class=\"elementor-element elementor-element-b04ebf5 elementor-widget-divider--view-line elementor-widget elementor-widget-divider\" data-id=\"b04ebf5\" data-element_type=\"widget\" data-widget_type=\"divider.default\">\n\t\t\t\t<div class=\"elementor-widget-container\">\n\t\t\t\t\t<div class=\"elementor-divider\">\n\t\t\t<span class=\"elementor-divider-separator\">\n\t\t\t\t\t\t<\/span>\n\t\t<\/div>\n\t\t\t\t<\/div>\n\t\t\t\t<\/div>\n\t\t\t\t<div class=\"elementor-element elementor-element-20686d6 elementor-widget elementor-widget-heading\" data-id=\"20686d6\" data-element_type=\"widget\" data-widget_type=\"heading.default\">\n\t\t\t\t<div class=\"elementor-widget-container\">\n\t\t\t<h2 class=\"elementor-heading-title elementor-size-default\">M\u00c1XIMA AUTORIDAD EJECUTIVA<\/h2>\t\t<\/div>\n\t\t\t\t<\/div>\n\t\t\t\t<section data-particle_enable=\"false\" data-particle-mobile-disabled=\"false\" class=\"elementor-section elementor-inner-section elementor-element elementor-element-ca0d3bf elementor-section-boxed elementor-section-height-default elementor-section-height-default\" data-id=\"ca0d3bf\" data-element_type=\"section\" data-settings=\"{&quot;_ha_eqh_enable&quot;:false}\">\n\t\t\t\t\t\t<div class=\"elementor-container elementor-column-gap-default\">\n\t\t\t\t\t<div class=\"elementor-column elementor-col-50 elementor-inner-column elementor-element elementor-element-fe4d6eb\" data-id=\"fe4d6eb\" data-element_type=\"column\">\n\t\t\t<div class=\"elementor-widget-wrap elementor-element-populated\">\n\t\t\t\t\t\t<div class=\"elementor-element elementor-element-23a5452 elementor-widget elementor-widget-image\" data-id=\"23a5452\" data-element_type=\"widget\" data-widget_type=\"image.default\">\n\t\t\t\t<div class=\"elementor-widget-container\">\n\t\t\t\t\t\t\t\t\t\t\t\t\t<img fetchpriority=\"high\" decoding=\"async\" width=\"830\" height=\"1033\" src=\"https:\/\/lapaz.bo\/agendajiwaki\/wp-content\/uploads\/2026\/02\/Secretario.jpeg\" class=\"attachment-full size-full wp-image-28135\" alt=\"\" srcset=\"https:\/\/lapaz.bo\/agendajiwaki\/wp-content\/uploads\/2026\/02\/Secretario.jpeg 830w, https:\/\/lapaz.bo\/agendajiwaki\/wp-content\/uploads\/2026\/02\/Secretario-241x300.jpeg 241w, https:\/\/lapaz.bo\/agendajiwaki\/wp-content\/uploads\/2026\/02\/Secretario-823x1024.jpeg 823w, https:\/\/lapaz.bo\/agendajiwaki\/wp-content\/uploads\/2026\/02\/Secretario-768x956.jpeg 768w\" sizes=\"(max-width: 830px) 100vw, 830px\" \/>\t\t\t\t\t\t\t\t\t\t\t\t\t<\/div>\n\t\t\t\t<\/div>\n\t\t\t\t\t<\/div>\n\t\t<\/div>\n\t\t\t\t<div class=\"elementor-column elementor-col-50 elementor-inner-column elementor-element elementor-element-3d97dae\" data-id=\"3d97dae\" data-element_type=\"column\">\n\t\t\t<div class=\"elementor-widget-wrap elementor-element-populated\">\n\t\t\t\t\t\t<div class=\"elementor-element elementor-element-4898dab elementor-widget elementor-widget-text-editor\" data-id=\"4898dab\" data-element_type=\"widget\" data-widget_type=\"text-editor.default\">\n\t\t\t\t<div class=\"elementor-widget-container\">\n\t\t\t\t\t\t\t<p style=\"text-align: left;\"><span style=\"font-family: arial, helvetica, sans-serif;\"><strong><span style=\"font-size: 24pt;\"><span style=\"font-size: 18pt;\">Ing. Juan Am\u00e9rico Gemio<\/span><br \/><\/span><\/strong><\/span><span style=\"font-size: 12pt; font-family: arial, helvetica, sans-serif;\"><span class=\"s1\">Secretario Municipal de Culturas<br \/><\/span><span class=\"s1\">Gobierno Aut\u00f3nomo Municipal de La Paz<\/span><\/span><\/p>\t\t\t\t\t\t<\/div>\n\t\t\t\t<\/div>\n\t\t\t\t<div class=\"elementor-element elementor-element-9000c16 elementor-widget elementor-widget-text-editor\" data-id=\"9000c16\" data-element_type=\"widget\" data-widget_type=\"text-editor.default\">\n\t\t\t\t<div class=\"elementor-widget-container\">\n\t\t\t\t\t\t\t<p style=\"text-align: justify;\"><span style=\"color: #000000; font-family: arial, helvetica, sans-serif; font-size: 12pt;\">Nacido el 5 de abril de 1979 en Toca\u00f1a, Nor Yungas, representa con orgullo las ra\u00edces del pueblo afroboliviano. Hijo de Vicente Gemio, destacado compositor de saya, creci\u00f3 en un entorno donde la cultura y la identidad colectiva marcaron su vida.<br \/><\/span><span style=\"color: #000000; font-family: arial, helvetica, sans-serif; font-size: 12pt;\">Es Ingeniero en Redes y Telecomunicaciones (2013), con un M\u00e1ster en Direcci\u00f3n Estrat\u00e9gica en Telecomunicaciones (Universidad Europea del Atl\u00e1ntico) y un Diplomado en Educaci\u00f3n Superior (UMSA).<br \/><\/span><span style=\"color: #000000; font-family: arial, helvetica, sans-serif; font-size: 12pt;\">Cuenta con m\u00e1s de 18 a\u00f1os de experiencia profesional, principalmente en la Empresa Nacional de Telecomunicaciones (ENTEL) y la Administradora Boliviana de Carreteras (ABC). En 2021 asumi\u00f3 la Direcci\u00f3n Ejecutiva de la Terminal de Buses La Paz, impulsando su revitalizaci\u00f3n con enfoque en cultura y turismo.<br \/><\/span><span style=\"color: #000000; font-family: arial, helvetica, sans-serif; font-size: 12pt;\">Entre 2024 y 2025 fue Secretario Municipal de Culturas, gesti\u00f3n en la que prioriz\u00f3 la inclusi\u00f3n social, la preservaci\u00f3n del patrimonio y el fortalecimiento de la econom\u00eda naranja como motor de desarrollo creativo y tur\u00edstico.<br \/><\/span><span style=\"color: #000000; font-family: arial, helvetica, sans-serif; font-size: 12pt;\">Desde julio de 2025 dirige la Direcci\u00f3n de Actividades Econ\u00f3micas, Promoci\u00f3n de Inversiones y Turismo, promoviendo una gesti\u00f3n que integra desarrollo econ\u00f3mico, turismo y patrimonio cultural.<br \/><\/span><span style=\"color: #000000; font-family: arial, helvetica, sans-serif; font-size: 12pt;\">Particip\u00f3 en la reconocida pel\u00edcula Cuesti\u00f3n de fe y actualmente vive una etapa personal especial con la pr\u00f3xima llegada de su primera hija, s\u00edmbolo de renovaci\u00f3n y continuidad.<\/span><\/p>\t\t\t\t\t\t<\/div>\n\t\t\t\t<\/div>\n\t\t\t\t\t<\/div>\n\t\t<\/div>\n\t\t\t\t\t<\/div>\n\t\t<\/section>\n\t\t\t\t<div class=\"elementor-element elementor-element-931256a elementor-widget-divider--view-line elementor-widget elementor-widget-divider\" data-id=\"931256a\" data-element_type=\"widget\" data-widget_type=\"divider.default\">\n\t\t\t\t<div class=\"elementor-widget-container\">\n\t\t\t\t\t<div class=\"elementor-divider\">\n\t\t\t<span class=\"elementor-divider-separator\">\n\t\t\t\t\t\t<\/span>\n\t\t<\/div>\n\t\t\t\t<\/div>\n\t\t\t\t<\/div>\n\t\t\t\t<section data-particle_enable=\"false\" data-particle-mobile-disabled=\"false\" class=\"elementor-section elementor-inner-section elementor-element elementor-element-d3ade44 elementor-section-boxed elementor-section-height-default elementor-section-height-default\" data-id=\"d3ade44\" data-element_type=\"section\" data-settings=\"{&quot;_ha_eqh_enable&quot;:false}\">\n\t\t\t\t\t\t<div class=\"elementor-container elementor-column-gap-default\">\n\t\t\t\t\t<div class=\"elementor-column elementor-col-50 elementor-inner-column elementor-element elementor-element-0748568\" data-id=\"0748568\" data-element_type=\"column\">\n\t\t\t<div class=\"elementor-widget-wrap elementor-element-populated\">\n\t\t\t\t\t\t<div class=\"elementor-element elementor-element-ed157dd elementor-widget elementor-widget-image\" data-id=\"ed157dd\" data-element_type=\"widget\" data-widget_type=\"image.default\">\n\t\t\t\t<div class=\"elementor-widget-container\">\n\t\t\t\t\t\t\t\t\t\t\t\t\t<img decoding=\"async\" width=\"1921\" height=\"1338\" src=\"https:\/\/lapaz.bo\/agendajiwaki\/wp-content\/uploads\/2026\/02\/Organigrama_1.png\" class=\"attachment-full size-full wp-image-27871\" alt=\"\" srcset=\"https:\/\/lapaz.bo\/agendajiwaki\/wp-content\/uploads\/2026\/02\/Organigrama_1.png 1921w, https:\/\/lapaz.bo\/agendajiwaki\/wp-content\/uploads\/2026\/02\/Organigrama_1-300x209.png 300w, https:\/\/lapaz.bo\/agendajiwaki\/wp-content\/uploads\/2026\/02\/Organigrama_1-1024x713.png 1024w, https:\/\/lapaz.bo\/agendajiwaki\/wp-content\/uploads\/2026\/02\/Organigrama_1-768x535.png 768w, https:\/\/lapaz.bo\/agendajiwaki\/wp-content\/uploads\/2026\/02\/Organigrama_1-1536x1070.png 1536w\" sizes=\"(max-width: 1921px) 100vw, 1921px\" \/>\t\t\t\t\t\t\t\t\t\t\t\t\t<\/div>\n\t\t\t\t<\/div>\n\t\t\t\t\t<\/div>\n\t\t<\/div>\n\t\t\t\t<div class=\"elementor-column elementor-col-50 elementor-inner-column elementor-element elementor-element-5e3bbdf\" data-id=\"5e3bbdf\" data-element_type=\"column\">\n\t\t\t<div class=\"elementor-widget-wrap elementor-element-populated\">\n\t\t\t\t\t\t<div data-ha-element-link=\"{&quot;url&quot;:&quot;https:\\\/\\\/www.facebook.com\\\/teatrosmunicipaleslapaz\\\/photos?locale=es_LA&quot;,&quot;is_external&quot;:&quot;&quot;,&quot;nofollow&quot;:&quot;&quot;}\" style=\"cursor: pointer\" class=\"elementor-element elementor-element-ce6d2fd elementor-widget elementor-widget-image\" data-id=\"ce6d2fd\" data-element_type=\"widget\" data-widget_type=\"image.default\">\n\t\t\t\t<div class=\"elementor-widget-container\">\n\t\t\t\t\t\t\t\t\t\t\t\t\t<img decoding=\"async\" width=\"1921\" height=\"1338\" src=\"https:\/\/lapaz.bo\/agendajiwaki\/wp-content\/uploads\/2026\/02\/Organigrama_2.png\" class=\"attachment-full size-full wp-image-27870\" alt=\"\" srcset=\"https:\/\/lapaz.bo\/agendajiwaki\/wp-content\/uploads\/2026\/02\/Organigrama_2.png 1921w, https:\/\/lapaz.bo\/agendajiwaki\/wp-content\/uploads\/2026\/02\/Organigrama_2-300x209.png 300w, https:\/\/lapaz.bo\/agendajiwaki\/wp-content\/uploads\/2026\/02\/Organigrama_2-1024x713.png 1024w, https:\/\/lapaz.bo\/agendajiwaki\/wp-content\/uploads\/2026\/02\/Organigrama_2-768x535.png 768w, https:\/\/lapaz.bo\/agendajiwaki\/wp-content\/uploads\/2026\/02\/Organigrama_2-1536x1070.png 1536w\" sizes=\"(max-width: 1921px) 100vw, 1921px\" \/>\t\t\t\t\t\t\t\t\t\t\t\t\t<\/div>\n\t\t\t\t<\/div>\n\t\t\t\t\t<\/div>\n\t\t<\/div>\n\t\t\t\t\t<\/div>\n\t\t<\/section>\n\t\t\t\t\t<\/div>\n\t\t<\/div>\n\t\t\t\t<div class=\"elementor-column elementor-col-33 elementor-top-column elementor-element elementor-element-0d1a6bf\" data-id=\"0d1a6bf\" data-element_type=\"column\" data-settings=\"{&quot;background_background&quot;:&quot;slideshow&quot;,&quot;background_slideshow_gallery&quot;:[{&quot;id&quot;:28262,&quot;url&quot;:&quot;https:\\\/\\\/lapaz.bo\\\/agendajiwaki\\\/wp-content\\\/uploads\\\/2026\\\/03\\\/Lateral-Gestion.png&quot;}],&quot;background_slideshow_loop&quot;:&quot;yes&quot;,&quot;background_slideshow_slide_duration&quot;:5000,&quot;background_slideshow_slide_transition&quot;:&quot;fade&quot;,&quot;background_slideshow_transition_duration&quot;:500}\">\n\t\t\t<div class=\"elementor-widget-wrap\">\n\t\t\t\t\t\t\t<\/div>\n\t\t<\/div>\n\t\t\t\t\t<\/div>\n\t\t<\/section>\n\t\t\t\t<section data-particle_enable=\"false\" data-particle-mobile-disabled=\"false\" class=\"elementor-section elementor-top-section elementor-element elementor-element-cbca063 elementor-section-boxed elementor-section-height-default elementor-section-height-default\" data-id=\"cbca063\" data-element_type=\"section\" data-settings=\"{&quot;_ha_eqh_enable&quot;:false}\">\n\t\t\t\t\t\t<div class=\"elementor-container elementor-column-gap-default\">\n\t\t\t\t\t<div class=\"elementor-column elementor-col-100 elementor-top-column elementor-element elementor-element-776cd43\" data-id=\"776cd43\" data-element_type=\"column\">\n\t\t\t<div class=\"elementor-widget-wrap\">\n\t\t\t\t\t\t\t<\/div>\n\t\t<\/div>\n\t\t\t\t\t<\/div>\n\t\t<\/section>\n\t\t\t\t<\/div>\n\t\t","protected":false},"excerpt":{"rendered":"<p>MISI&Oacute;N Formular, articular y ejecutar pol&iacute;ticas integrales en el &aacute;mbito cultural, enfocadas a la reactivaci&oacute;n de las econom&iacute;as culturales y creativas, la reconstrucci&oacute;n del tejido social y la democratizaci&oacute;n de las culturas y las artes. VISI&Oacute;N Ser una instituci&oacute;n p&uacute;blica modelo de gesti&oacute;n municipal, democr&aacute;tica, participativa, transparente, eficiente, innovadora y tecnol&oacute;gica; que dinamiza la econom&iacute;a, [&hellip;]<\/p>\n","protected":false},"author":49,"featured_media":0,"parent":0,"menu_order":0,"comment_status":"closed","ping_status":"closed","template":"","meta":{"_eb_attr":"","site-sidebar-layout":"no-sidebar","site-content-layout":"page-builder","ast-site-content-layout":"full-width-container","site-content-style":"default","site-sidebar-style":"default","ast-global-header-display":"","ast-banner-title-visibility":"","ast-main-header-display":"","ast-hfb-above-header-display":"","ast-hfb-below-header-display":"","ast-hfb-mobile-header-display":"","site-post-title":"disabled","ast-breadcrumbs-content":"","ast-featured-img":"disabled","footer-sml-layout":"","theme-transparent-header-meta":"","adv-header-id-meta":"","stick-header-meta":"","header-above-stick-meta":"","header-main-stick-meta":"","header-below-stick-meta":"","astra-migrate-meta-layouts":"set","ast-page-background-enabled":"default","ast-page-background-meta":{"desktop":{"background-color":"var(--ast-global-color-4)","background-image":"","background-repeat":"repeat","background-position":"center center","background-size":"auto","background-attachment":"scroll","background-type":"","background-media":"","overlay-type":"","overlay-color":"","overlay-opacity":"","overlay-gradient":""},"tablet":{"background-color":"","background-image":"","background-repeat":"repeat","background-position":"center center","background-size":"auto","background-attachment":"scroll","background-type":"","background-media":"","overlay-type":"","overlay-color":"","overlay-opacity":"","overlay-gradient":""},"mobile":{"background-color":"","background-image":"","background-repeat":"repeat","background-position":"center center","background-size":"auto","background-attachment":"scroll","background-type":"","background-media":"","overlay-type":"","overlay-color":"","overlay-opacity":"","overlay-gradient":""}},"ast-content-background-meta":{"desktop":{"background-color":"var(--ast-global-color-5)","background-image":"","background-repeat":"repeat","background-position":"center center","background-size":"auto","background-attachment":"scroll","background-type":"","background-media":"","overlay-type":"","overlay-color":"","overlay-opacity":"","overlay-gradient":""},"tablet":{"background-color":"var(--ast-global-color-5)","background-image":"","background-repeat":"repeat","background-position":"center center","background-size":"auto","background-attachment":"scroll","background-type":"","background-media":"","overlay-type":"","overlay-color":"","overlay-opacity":"","overlay-gradient":""},"mobile":{"background-color":"var(--ast-global-color-5)","background-image":"","background-repeat":"repeat","background-position":"center center","background-size":"auto","background-attachment":"scroll","background-type":"","background-media":"","overlay-type":"","overlay-color":"","overlay-opacity":"","overlay-gradient":""}},"footnotes":""},"class_list":["post-27862","page","type-page","status-publish","hentry"],"_links":{"self":[{"href":"https:\/\/lapaz.bo\/agendajiwaki\/wp-json\/wp\/v2\/pages\/27862","targetHints":{"allow":["GET"]}}],"collection":[{"href":"https:\/\/lapaz.bo\/agendajiwaki\/wp-json\/wp\/v2\/pages"}],"about":[{"href":"https:\/\/lapaz.bo\/agendajiwaki\/wp-json\/wp\/v2\/types\/page"}],"author":[{"embeddable":true,"href":"https:\/\/lapaz.bo\/agendajiwaki\/wp-json\/wp\/v2\/users\/49"}],"replies":[{"embeddable":true,"href":"https:\/\/lapaz.bo\/agendajiwaki\/wp-json\/wp\/v2\/comments?post=27862"}],"version-history":[{"count":43,"href":"https:\/\/lapaz.bo\/agendajiwaki\/wp-json\/wp\/v2\/pages\/27862\/revisions"}],"predecessor-version":[{"id":29437,"href":"https:\/\/lapaz.bo\/agendajiwaki\/wp-json\/wp\/v2\/pages\/27862\/revisions\/29437"}],"wp:attachment":[{"href":"https:\/\/lapaz.bo\/agendajiwaki\/wp-json\/wp\/v2\/media?parent=27862"}],"curies":[{"name":"wp","href":"https:\/\/api.w.org\/{rel}","templated":true}]}}