{"id":16378,"date":"2025-03-10T12:12:01","date_gmt":"2025-03-10T16:12:01","guid":{"rendered":"http:\/\/agendajiwaki.lapaz.bo\/?page_id=16378"},"modified":"2026-03-17T17:02:26","modified_gmt":"2026-03-17T21:02:26","slug":"bibliotecas-municipales","status":"publish","type":"page","link":"https:\/\/lapaz.bo\/agendajiwaki\/bibliotecas-municipales\/","title":{"rendered":"Bibliotecas municipales"},"content":{"rendered":"\t\t<div data-elementor-type=\"wp-page\" data-elementor-id=\"16378\" class=\"elementor elementor-16378\" data-elementor-settings=\"{&quot;ha_cmc_init_switcher&quot;:&quot;no&quot;}\">\n\t\t\t\t\t\t<section data-ha-element-link=\"{&quot;url&quot;:&quot;https:\\\/\\\/biblioteca.lapaz.bo\\\/&quot;,&quot;is_external&quot;:&quot;on&quot;,&quot;nofollow&quot;:&quot;&quot;}\" style=\"cursor: pointer\" data-particle_enable=\"false\" data-particle-mobile-disabled=\"false\" class=\"elementor-section elementor-top-section elementor-element elementor-element-8054158 elementor-section-full_width elementor-section-content-middle elementor-section-height-default elementor-section-height-default\" data-id=\"8054158\" data-element_type=\"section\" data-settings=\"{&quot;background_background&quot;:&quot;slideshow&quot;,&quot;background_slideshow_gallery&quot;:[],&quot;background_slideshow_loop&quot;:&quot;yes&quot;,&quot;background_slideshow_slide_duration&quot;:5000,&quot;background_slideshow_slide_transition&quot;:&quot;fade&quot;,&quot;background_slideshow_transition_duration&quot;:500,&quot;_ha_eqh_enable&quot;:false}\">\n\t\t\t\t\t\t<div class=\"elementor-container elementor-column-gap-extended\">\n\t\t\t\t\t<div class=\"elementor-column elementor-col-100 elementor-top-column elementor-element elementor-element-308c852\" data-id=\"308c852\" data-element_type=\"column\">\n\t\t\t<div class=\"elementor-widget-wrap elementor-element-populated\">\n\t\t\t\t\t\t<div class=\"elementor-element elementor-element-0a5df9c elementor-widget elementor-widget-image\" data-id=\"0a5df9c\" data-element_type=\"widget\" data-widget_type=\"image.default\">\n\t\t\t\t<div class=\"elementor-widget-container\">\n\t\t\t\t\t\t\t\t\t\t\t\t\t<img fetchpriority=\"high\" decoding=\"async\" width=\"2400\" height=\"588\" src=\"https:\/\/lapaz.bo\/agendajiwaki\/wp-content\/uploads\/2026\/03\/1_Principal-Biblioteca.png\" class=\"attachment-full size-full wp-image-28232\" alt=\"\" srcset=\"https:\/\/lapaz.bo\/agendajiwaki\/wp-content\/uploads\/2026\/03\/1_Principal-Biblioteca.png 2400w, https:\/\/lapaz.bo\/agendajiwaki\/wp-content\/uploads\/2026\/03\/1_Principal-Biblioteca-300x74.png 300w, https:\/\/lapaz.bo\/agendajiwaki\/wp-content\/uploads\/2026\/03\/1_Principal-Biblioteca-1024x251.png 1024w, https:\/\/lapaz.bo\/agendajiwaki\/wp-content\/uploads\/2026\/03\/1_Principal-Biblioteca-768x188.png 768w, https:\/\/lapaz.bo\/agendajiwaki\/wp-content\/uploads\/2026\/03\/1_Principal-Biblioteca-1536x376.png 1536w, https:\/\/lapaz.bo\/agendajiwaki\/wp-content\/uploads\/2026\/03\/1_Principal-Biblioteca-2048x502.png 2048w\" sizes=\"(max-width: 2400px) 100vw, 2400px\" \/>\t\t\t\t\t\t\t\t\t\t\t\t\t<\/div>\n\t\t\t\t<\/div>\n\t\t\t\t\t<\/div>\n\t\t<\/div>\n\t\t\t\t\t<\/div>\n\t\t<\/section>\n\t\t\t\t<section data-particle_enable=\"false\" data-particle-mobile-disabled=\"false\" class=\"elementor-section elementor-top-section elementor-element elementor-element-2698ac7 elementor-section-full_width elementor-section-height-default elementor-section-height-default\" data-id=\"2698ac7\" data-element_type=\"section\" data-settings=\"{&quot;_ha_eqh_enable&quot;:false}\">\n\t\t\t\t\t\t<div class=\"elementor-container elementor-column-gap-default\">\n\t\t\t\t\t<div class=\"elementor-column elementor-col-33 elementor-top-column elementor-element elementor-element-56ebcd9\" data-id=\"56ebcd9\" data-element_type=\"column\">\n\t\t\t<div class=\"elementor-widget-wrap elementor-element-populated\">\n\t\t\t\t\t\t<div class=\"elementor-element elementor-element-6f1db28 elementor-widget elementor-widget-image\" data-id=\"6f1db28\" data-element_type=\"widget\" data-widget_type=\"image.default\">\n\t\t\t\t<div class=\"elementor-widget-container\">\n\t\t\t\t\t\t\t\t\t\t\t\t\t<img decoding=\"async\" width=\"749\" height=\"788\" src=\"https:\/\/lapaz.bo\/agendajiwaki\/wp-content\/uploads\/2025\/10\/Texto-Bibliotecas.png\" class=\"attachment-full size-full wp-image-20813\" alt=\"\" srcset=\"https:\/\/lapaz.bo\/agendajiwaki\/wp-content\/uploads\/2025\/10\/Texto-Bibliotecas.png 749w, https:\/\/lapaz.bo\/agendajiwaki\/wp-content\/uploads\/2025\/10\/Texto-Bibliotecas-285x300.png 285w\" sizes=\"(max-width: 749px) 100vw, 749px\" \/>\t\t\t\t\t\t\t\t\t\t\t\t\t<\/div>\n\t\t\t\t<\/div>\n\t\t\t\t\t<\/div>\n\t\t<\/div>\n\t\t\t\t<div class=\"elementor-column elementor-col-66 elementor-top-column elementor-element elementor-element-d9254a4\" data-id=\"d9254a4\" data-element_type=\"column\">\n\t\t\t<div class=\"elementor-widget-wrap elementor-element-populated\">\n\t\t\t\t\t\t<div class=\"elementor-element elementor-element-d111b9c elementor-widget__width-initial elementor-widget elementor-widget-heading\" data-id=\"d111b9c\" data-element_type=\"widget\" data-widget_type=\"heading.default\">\n\t\t\t\t<div class=\"elementor-widget-container\">\n\t\t\t<p class=\"elementor-heading-title elementor-size-default\">Descubre un mundo de conocimiento, cultura y aprendizaje en nuestra Red de Bibliotecas Municipales del Gobierno Aut\u00f3nomo Municipal de La Paz.<BR><br>\n\nSomos un espacio abierto para todos, donde podr\u00e1s acceder a una amplia colecci\u00f3n de libros, revistas, documentos, peri\u00f3dicos y recursos digitales.<br><br>\n\nAdem\u00e1s, ofrecemos actividades culturales, talleres y programas de fomento a la lectura para todas las edades.\n\nExplora, aprende y comparte en nuestras bibliotecas, tu puerta de entrada al conocimiento.<\/p>\t\t<\/div>\n\t\t\t\t<\/div>\n\t\t\t\t\t<\/div>\n\t\t<\/div>\n\t\t\t\t\t<\/div>\n\t\t<\/section>\n\t\t\t\t<section data-particle_enable=\"false\" data-particle-mobile-disabled=\"false\" class=\"elementor-section elementor-top-section elementor-element elementor-element-46ca8a6 elementor-section-full_width elementor-section-height-min-height elementor-section-height-default elementor-section-items-middle\" data-id=\"46ca8a6\" data-element_type=\"section\" data-settings=\"{&quot;background_background&quot;:&quot;slideshow&quot;,&quot;background_slideshow_gallery&quot;:[],&quot;background_slideshow_loop&quot;:&quot;yes&quot;,&quot;background_slideshow_slide_duration&quot;:5000,&quot;background_slideshow_slide_transition&quot;:&quot;fade&quot;,&quot;background_slideshow_transition_duration&quot;:500,&quot;_ha_eqh_enable&quot;:false}\">\n\t\t\t\t\t\t<div class=\"elementor-container elementor-column-gap-default\">\n\t\t\t\t\t<div class=\"elementor-column elementor-col-100 elementor-top-column elementor-element elementor-element-18c27ba\" data-id=\"18c27ba\" data-element_type=\"column\">\n\t\t\t<div class=\"elementor-widget-wrap elementor-element-populated\">\n\t\t\t\t\t\t<div data-ha-element-link=\"{&quot;url&quot;:&quot;https:\\\/\\\/archivohistorico.lapaz.bo\\\/&quot;,&quot;is_external&quot;:&quot;&quot;,&quot;nofollow&quot;:&quot;&quot;}\" style=\"cursor: pointer\" class=\"elementor-element elementor-element-cec2d1a elementor-widget elementor-widget-image\" data-id=\"cec2d1a\" data-element_type=\"widget\" data-widget_type=\"image.default\">\n\t\t\t\t<div class=\"elementor-widget-container\">\n\t\t\t\t\t\t\t\t\t\t\t\t\t<img decoding=\"async\" width=\"2400\" height=\"244\" src=\"https:\/\/lapaz.bo\/agendajiwaki\/wp-content\/uploads\/2026\/03\/2_Principal-Archivo-Historico.png\" class=\"attachment-full size-full wp-image-28231\" alt=\"\" srcset=\"https:\/\/lapaz.bo\/agendajiwaki\/wp-content\/uploads\/2026\/03\/2_Principal-Archivo-Historico.png 2400w, https:\/\/lapaz.bo\/agendajiwaki\/wp-content\/uploads\/2026\/03\/2_Principal-Archivo-Historico-300x31.png 300w, https:\/\/lapaz.bo\/agendajiwaki\/wp-content\/uploads\/2026\/03\/2_Principal-Archivo-Historico-1024x104.png 1024w, https:\/\/lapaz.bo\/agendajiwaki\/wp-content\/uploads\/2026\/03\/2_Principal-Archivo-Historico-768x78.png 768w, https:\/\/lapaz.bo\/agendajiwaki\/wp-content\/uploads\/2026\/03\/2_Principal-Archivo-Historico-1536x156.png 1536w, https:\/\/lapaz.bo\/agendajiwaki\/wp-content\/uploads\/2026\/03\/2_Principal-Archivo-Historico-2048x208.png 2048w\" sizes=\"(max-width: 2400px) 100vw, 2400px\" \/>\t\t\t\t\t\t\t\t\t\t\t\t\t<\/div>\n\t\t\t\t<\/div>\n\t\t\t\t\t<\/div>\n\t\t<\/div>\n\t\t\t\t\t<\/div>\n\t\t<\/section>\n\t\t\t\t<section data-particle_enable=\"false\" data-particle-mobile-disabled=\"false\" class=\"elementor-section elementor-top-section elementor-element elementor-element-bc0f9cc elementor-section-full_width elementor-section-height-default elementor-section-height-default\" data-id=\"bc0f9cc\" data-element_type=\"section\" data-settings=\"{&quot;_ha_eqh_enable&quot;:false}\">\n\t\t\t\t\t\t<div class=\"elementor-container elementor-column-gap-default\">\n\t\t\t\t\t<div class=\"elementor-column elementor-col-33 elementor-top-column elementor-element elementor-element-ef74dbd elementor-hidden-tablet elementor-hidden-mobile\" data-id=\"ef74dbd\" data-element_type=\"column\" data-settings=\"{&quot;background_background&quot;:&quot;slideshow&quot;,&quot;background_slideshow_gallery&quot;:[{&quot;id&quot;:28794,&quot;url&quot;:&quot;https:\\\/\\\/lapaz.bo\\\/agendajiwaki\\\/wp-content\\\/uploads\\\/2026\\\/03\\\/Bibliotecas.png&quot;}],&quot;background_slideshow_loop&quot;:&quot;yes&quot;,&quot;background_slideshow_slide_duration&quot;:5000,&quot;background_slideshow_slide_transition&quot;:&quot;fade&quot;,&quot;background_slideshow_transition_duration&quot;:500}\">\n\t\t\t<div class=\"elementor-widget-wrap\">\n\t\t\t\t\t\t\t<\/div>\n\t\t<\/div>\n\t\t\t\t<div class=\"elementor-column elementor-col-33 elementor-top-column elementor-element elementor-element-b2efa7c\" data-id=\"b2efa7c\" data-element_type=\"column\">\n\t\t\t<div class=\"elementor-widget-wrap elementor-element-populated\">\n\t\t\t\t\t\t<div class=\"elementor-element elementor-element-5e28b40 elementor-widget elementor-widget-video\" data-id=\"5e28b40\" data-element_type=\"widget\" data-settings=\"{&quot;youtube_url&quot;:&quot;https:\\\/\\\/youtu.be\\\/FLN5bOFU4-o?si=Pdhq7-T9CZKsU2Jq&quot;,&quot;autoplay&quot;:&quot;yes&quot;,&quot;play_on_mobile&quot;:&quot;yes&quot;,&quot;loop&quot;:&quot;yes&quot;,&quot;video_type&quot;:&quot;youtube&quot;,&quot;controls&quot;:&quot;yes&quot;}\" data-widget_type=\"video.default\">\n\t\t\t\t<div class=\"elementor-widget-container\">\n\t\t\t\t\t<div class=\"elementor-wrapper elementor-open-inline\">\n\t\t\t<div class=\"elementor-video\"><\/div>\t\t<\/div>\n\t\t\t\t<\/div>\n\t\t\t\t<\/div>\n\t\t\t\t\t<\/div>\n\t\t<\/div>\n\t\t\t\t<div class=\"elementor-column elementor-col-33 elementor-top-column elementor-element elementor-element-ae56708\" data-id=\"ae56708\" data-element_type=\"column\" data-settings=\"{&quot;background_background&quot;:&quot;slideshow&quot;,&quot;background_slideshow_gallery&quot;:[],&quot;background_slideshow_loop&quot;:&quot;yes&quot;,&quot;background_slideshow_slide_duration&quot;:5000,&quot;background_slideshow_slide_transition&quot;:&quot;fade&quot;,&quot;background_slideshow_transition_duration&quot;:500}\">\n\t\t\t<div class=\"elementor-widget-wrap elementor-element-populated\">\n\t\t\t\t\t\t<div data-ha-element-link=\"{&quot;url&quot;:&quot;https:\\\/\\\/lapaz.bo\\\/agendajiwaki\\\/bibliotecas\\\/&quot;,&quot;is_external&quot;:&quot;&quot;,&quot;nofollow&quot;:&quot;&quot;}\" style=\"cursor: pointer\" class=\"elementor-element elementor-element-837f64e elementor-widget elementor-widget-image\" data-id=\"837f64e\" data-element_type=\"widget\" data-widget_type=\"image.default\">\n\t\t\t\t<div class=\"elementor-widget-container\">\n\t\t\t\t\t\t\t\t\t\t\t\t\t<img loading=\"lazy\" decoding=\"async\" width=\"1066\" height=\"1600\" src=\"https:\/\/lapaz.bo\/agendajiwaki\/wp-content\/uploads\/2026\/03\/WhatsApp-Image-2026-03-05-at-12.27.15-PM-1.jpeg\" class=\"attachment-full size-full wp-image-28968\" alt=\"\" srcset=\"https:\/\/lapaz.bo\/agendajiwaki\/wp-content\/uploads\/2026\/03\/WhatsApp-Image-2026-03-05-at-12.27.15-PM-1.jpeg 1066w, https:\/\/lapaz.bo\/agendajiwaki\/wp-content\/uploads\/2026\/03\/WhatsApp-Image-2026-03-05-at-12.27.15-PM-1-200x300.jpeg 200w, https:\/\/lapaz.bo\/agendajiwaki\/wp-content\/uploads\/2026\/03\/WhatsApp-Image-2026-03-05-at-12.27.15-PM-1-682x1024.jpeg 682w, https:\/\/lapaz.bo\/agendajiwaki\/wp-content\/uploads\/2026\/03\/WhatsApp-Image-2026-03-05-at-12.27.15-PM-1-768x1153.jpeg 768w, https:\/\/lapaz.bo\/agendajiwaki\/wp-content\/uploads\/2026\/03\/WhatsApp-Image-2026-03-05-at-12.27.15-PM-1-1023x1536.jpeg 1023w\" sizes=\"(max-width: 1066px) 100vw, 1066px\" \/>\t\t\t\t\t\t\t\t\t\t\t\t\t<\/div>\n\t\t\t\t<\/div>\n\t\t\t\t\t<\/div>\n\t\t<\/div>\n\t\t\t\t\t<\/div>\n\t\t<\/section>\n\t\t\t\t<section data-particle_enable=\"false\" data-particle-mobile-disabled=\"false\" class=\"elementor-section elementor-top-section elementor-element elementor-element-8820dda elementor-section-full_width elementor-section-height-default elementor-section-height-default\" data-id=\"8820dda\" data-element_type=\"section\" data-settings=\"{&quot;_ha_eqh_enable&quot;:false}\">\n\t\t\t\t\t\t<div class=\"elementor-container elementor-column-gap-default\">\n\t\t\t\t\t<div class=\"elementor-column elementor-col-20 elementor-top-column elementor-element elementor-element-93ec185\" data-id=\"93ec185\" data-element_type=\"column\">\n\t\t\t<div class=\"elementor-widget-wrap elementor-element-populated\">\n\t\t\t\t\t\t<div class=\"elementor-element elementor-element-581ddbf elementor-widget-widescreen__width-inherit elementor-widget elementor-widget-image\" data-id=\"581ddbf\" data-element_type=\"widget\" data-widget_type=\"image.default\">\n\t\t\t\t<div class=\"elementor-widget-container\">\n\t\t\t\t\t\t\t\t\t\t\t\t\t\t<a href=\"https:\/\/lapaz.bo\/agendajiwaki\/biblioteca-mcal-andres-de-santa-cruz-y-calahumana\/\">\n\t\t\t\t\t\t\t<img loading=\"lazy\" decoding=\"async\" width=\"1500\" height=\"787\" src=\"https:\/\/lapaz.bo\/agendajiwaki\/wp-content\/uploads\/2026\/03\/Botones-bibliotecas_1-1.png\" class=\"elementor-animation-shrink attachment-full size-full wp-image-29034\" alt=\"\" srcset=\"https:\/\/lapaz.bo\/agendajiwaki\/wp-content\/uploads\/2026\/03\/Botones-bibliotecas_1-1.png 1500w, https:\/\/lapaz.bo\/agendajiwaki\/wp-content\/uploads\/2026\/03\/Botones-bibliotecas_1-1-300x157.png 300w, https:\/\/lapaz.bo\/agendajiwaki\/wp-content\/uploads\/2026\/03\/Botones-bibliotecas_1-1-1024x537.png 1024w, https:\/\/lapaz.bo\/agendajiwaki\/wp-content\/uploads\/2026\/03\/Botones-bibliotecas_1-1-768x403.png 768w\" sizes=\"(max-width: 1500px) 100vw, 1500px\" \/>\t\t\t\t\t\t\t\t<\/a>\n\t\t\t\t\t\t\t\t\t\t\t\t\t<\/div>\n\t\t\t\t<\/div>\n\t\t\t\t\t<\/div>\n\t\t<\/div>\n\t\t\t\t<div class=\"elementor-column elementor-col-20 elementor-top-column elementor-element elementor-element-73ea3bc\" data-id=\"73ea3bc\" data-element_type=\"column\">\n\t\t\t<div class=\"elementor-widget-wrap elementor-element-populated\">\n\t\t\t\t\t\t<div class=\"elementor-element elementor-element-0b0e569 elementor-widget elementor-widget-image\" data-id=\"0b0e569\" data-element_type=\"widget\" data-widget_type=\"image.default\">\n\t\t\t\t<div class=\"elementor-widget-container\">\n\t\t\t\t\t\t\t\t\t\t\t\t\t\t<a href=\"https:\/\/lapaz.bo\/agendajiwaki\/biblioteca-zonales\/\">\n\t\t\t\t\t\t\t<img loading=\"lazy\" decoding=\"async\" width=\"1200\" height=\"630\" src=\"https:\/\/lapaz.bo\/agendajiwaki\/wp-content\/uploads\/2025\/10\/Bonton2_zonales.png\" class=\"elementor-animation-shrink attachment-full size-full wp-image-20815\" alt=\"\" srcset=\"https:\/\/lapaz.bo\/agendajiwaki\/wp-content\/uploads\/2025\/10\/Bonton2_zonales.png 1200w, https:\/\/lapaz.bo\/agendajiwaki\/wp-content\/uploads\/2025\/10\/Bonton2_zonales-300x158.png 300w, https:\/\/lapaz.bo\/agendajiwaki\/wp-content\/uploads\/2025\/10\/Bonton2_zonales-1024x538.png 1024w, https:\/\/lapaz.bo\/agendajiwaki\/wp-content\/uploads\/2025\/10\/Bonton2_zonales-768x403.png 768w\" sizes=\"(max-width: 1200px) 100vw, 1200px\" \/>\t\t\t\t\t\t\t\t<\/a>\n\t\t\t\t\t\t\t\t\t\t\t\t\t<\/div>\n\t\t\t\t<\/div>\n\t\t\t\t\t<\/div>\n\t\t<\/div>\n\t\t\t\t<div class=\"elementor-column elementor-col-20 elementor-top-column elementor-element elementor-element-79663a3\" data-id=\"79663a3\" data-element_type=\"column\">\n\t\t\t<div class=\"elementor-widget-wrap elementor-element-populated\">\n\t\t\t\t\t\t<div class=\"elementor-element elementor-element-55ab870 elementor-widget elementor-widget-image\" data-id=\"55ab870\" data-element_type=\"widget\" data-widget_type=\"image.default\">\n\t\t\t\t<div class=\"elementor-widget-container\">\n\t\t\t\t\t\t\t\t\t\t\t\t\t\t<a href=\"https:\/\/lapaz.bo\/agendajiwaki\/bibliotecas-especializadas\">\n\t\t\t\t\t\t\t<img loading=\"lazy\" decoding=\"async\" width=\"1000\" height=\"525\" src=\"https:\/\/lapaz.bo\/agendajiwaki\/wp-content\/uploads\/2025\/10\/Bonton-3_especializadas.png\" class=\"elementor-animation-shrink attachment-full size-full wp-image-20816\" alt=\"\" srcset=\"https:\/\/lapaz.bo\/agendajiwaki\/wp-content\/uploads\/2025\/10\/Bonton-3_especializadas.png 1000w, https:\/\/lapaz.bo\/agendajiwaki\/wp-content\/uploads\/2025\/10\/Bonton-3_especializadas-300x158.png 300w, https:\/\/lapaz.bo\/agendajiwaki\/wp-content\/uploads\/2025\/10\/Bonton-3_especializadas-768x403.png 768w\" sizes=\"(max-width: 1000px) 100vw, 1000px\" \/>\t\t\t\t\t\t\t\t<\/a>\n\t\t\t\t\t\t\t\t\t\t\t\t\t<\/div>\n\t\t\t\t<\/div>\n\t\t\t\t\t<\/div>\n\t\t<\/div>\n\t\t\t\t<div class=\"elementor-column elementor-col-20 elementor-top-column elementor-element elementor-element-6054d21\" data-id=\"6054d21\" data-element_type=\"column\">\n\t\t\t<div class=\"elementor-widget-wrap elementor-element-populated\">\n\t\t\t\t\t\t<div class=\"elementor-element elementor-element-146f2b1 elementor-widget elementor-widget-image\" data-id=\"146f2b1\" data-element_type=\"widget\" data-widget_type=\"image.default\">\n\t\t\t\t<div class=\"elementor-widget-container\">\n\t\t\t\t\t\t\t\t\t\t\t\t\t\t<a href=\"https:\/\/lapaz.bo\/agendajiwaki\/centros-de-documentacion\">\n\t\t\t\t\t\t\t<img loading=\"lazy\" decoding=\"async\" width=\"1000\" height=\"525\" src=\"https:\/\/lapaz.bo\/agendajiwaki\/wp-content\/uploads\/2025\/10\/Bonton-4_documentacion.png\" class=\"elementor-animation-shrink attachment-full size-full wp-image-20817\" alt=\"\" srcset=\"https:\/\/lapaz.bo\/agendajiwaki\/wp-content\/uploads\/2025\/10\/Bonton-4_documentacion.png 1000w, https:\/\/lapaz.bo\/agendajiwaki\/wp-content\/uploads\/2025\/10\/Bonton-4_documentacion-300x158.png 300w, https:\/\/lapaz.bo\/agendajiwaki\/wp-content\/uploads\/2025\/10\/Bonton-4_documentacion-768x403.png 768w\" sizes=\"(max-width: 1000px) 100vw, 1000px\" \/>\t\t\t\t\t\t\t\t<\/a>\n\t\t\t\t\t\t\t\t\t\t\t\t\t<\/div>\n\t\t\t\t<\/div>\n\t\t\t\t\t<\/div>\n\t\t<\/div>\n\t\t\t\t<div class=\"elementor-column elementor-col-20 elementor-top-column elementor-element elementor-element-8cec6ec\" data-id=\"8cec6ec\" data-element_type=\"column\">\n\t\t\t<div class=\"elementor-widget-wrap elementor-element-populated\">\n\t\t\t\t\t\t<div class=\"elementor-element elementor-element-ab5e67e elementor-widget-widescreen__width-inherit elementor-widget elementor-widget-image\" data-id=\"ab5e67e\" data-element_type=\"widget\" data-widget_type=\"image.default\">\n\t\t\t\t<div class=\"elementor-widget-container\">\n\t\t\t\t\t\t\t\t\t\t\t\t\t\t<a href=\"https:\/\/lapaz.bo\/agendajiwaki\/centros-cultural-literario-casa-del-poeta\">\n\t\t\t\t\t\t\t<img loading=\"lazy\" decoding=\"async\" width=\"1000\" height=\"525\" src=\"https:\/\/lapaz.bo\/agendajiwaki\/wp-content\/uploads\/2025\/10\/Bonton-5_casa-del-poeta.png\" class=\"elementor-animation-shrink attachment-full size-full wp-image-20818\" alt=\"\" srcset=\"https:\/\/lapaz.bo\/agendajiwaki\/wp-content\/uploads\/2025\/10\/Bonton-5_casa-del-poeta.png 1000w, https:\/\/lapaz.bo\/agendajiwaki\/wp-content\/uploads\/2025\/10\/Bonton-5_casa-del-poeta-300x158.png 300w, https:\/\/lapaz.bo\/agendajiwaki\/wp-content\/uploads\/2025\/10\/Bonton-5_casa-del-poeta-768x403.png 768w\" sizes=\"(max-width: 1000px) 100vw, 1000px\" \/>\t\t\t\t\t\t\t\t<\/a>\n\t\t\t\t\t\t\t\t\t\t\t\t\t<\/div>\n\t\t\t\t<\/div>\n\t\t\t\t\t<\/div>\n\t\t<\/div>\n\t\t\t\t\t<\/div>\n\t\t<\/section>\n\t\t\t\t<section data-particle_enable=\"false\" data-particle-mobile-disabled=\"false\" class=\"elementor-section elementor-top-section elementor-element elementor-element-ea883e6 elementor-section-boxed elementor-section-height-default elementor-section-height-default\" data-id=\"ea883e6\" data-element_type=\"section\" data-settings=\"{&quot;_ha_eqh_enable&quot;:false}\">\n\t\t\t\t\t\t<div class=\"elementor-container elementor-column-gap-default\">\n\t\t\t\t\t<div class=\"elementor-column elementor-col-100 elementor-top-column elementor-element elementor-element-df49e81\" data-id=\"df49e81\" data-element_type=\"column\">\n\t\t\t<div class=\"elementor-widget-wrap\">\n\t\t\t\t\t\t\t<\/div>\n\t\t<\/div>\n\t\t\t\t\t<\/div>\n\t\t<\/section>\n\t\t\t\t<\/div>\n\t\t","protected":false},"excerpt":{"rendered":"<p>Descubre un mundo de conocimiento, cultura y aprendizaje en nuestra Red de Bibliotecas Municipales del Gobierno Aut&oacute;nomo Municipal de La Paz. Somos un espacio abierto para todos, donde podr&aacute;s acceder a una amplia colecci&oacute;n de libros, revistas, documentos, peri&oacute;dicos y recursos digitales. Adem&aacute;s, ofrecemos actividades culturales, talleres y programas de fomento a la lectura para [&hellip;]<\/p>\n","protected":false},"author":1,"featured_media":0,"parent":0,"menu_order":0,"comment_status":"closed","ping_status":"closed","template":"","meta":{"_eb_attr":"","site-sidebar-layout":"no-sidebar","site-content-layout":"page-builder","ast-site-content-layout":"","site-content-style":"default","site-sidebar-style":"default","ast-global-header-display":"","ast-banner-title-visibility":"","ast-main-header-display":"","ast-hfb-above-header-display":"","ast-hfb-below-header-display":"","ast-hfb-mobile-header-display":"","site-post-title":"disabled","ast-breadcrumbs-content":"","ast-featured-img":"disabled","footer-sml-layout":"","theme-transparent-header-meta":"","adv-header-id-meta":"","stick-header-meta":"","header-above-stick-meta":"","header-main-stick-meta":"","header-below-stick-meta":"","astra-migrate-meta-layouts":"default","ast-page-background-enabled":"default","ast-page-background-meta":{"desktop":{"background-color":"var(--ast-global-color-4)","background-image":"","background-repeat":"repeat","background-position":"center center","background-size":"auto","background-attachment":"scroll","background-type":"","background-media":"","overlay-type":"","overlay-color":"","overlay-opacity":"","overlay-gradient":""},"tablet":{"background-color":"","background-image":"","background-repeat":"repeat","background-position":"center center","background-size":"auto","background-attachment":"scroll","background-type":"","background-media":"","overlay-type":"","overlay-color":"","overlay-opacity":"","overlay-gradient":""},"mobile":{"background-color":"","background-image":"","background-repeat":"repeat","background-position":"center center","background-size":"auto","background-attachment":"scroll","background-type":"","background-media":"","overlay-type":"","overlay-color":"","overlay-opacity":"","overlay-gradient":""}},"ast-content-background-meta":{"desktop":{"background-color":"var(--ast-global-color-5)","background-image":"","background-repeat":"repeat","background-position":"center center","background-size":"auto","background-attachment":"scroll","background-type":"","background-media":"","overlay-type":"","overlay-color":"","overlay-opacity":"","overlay-gradient":""},"tablet":{"background-color":"var(--ast-global-color-5)","background-image":"","background-repeat":"repeat","background-position":"center center","background-size":"auto","background-attachment":"scroll","background-type":"","background-media":"","overlay-type":"","overlay-color":"","overlay-opacity":"","overlay-gradient":""},"mobile":{"background-color":"var(--ast-global-color-5)","background-image":"","background-repeat":"repeat","background-position":"center center","background-size":"auto","background-attachment":"scroll","background-type":"","background-media":"","overlay-type":"","overlay-color":"","overlay-opacity":"","overlay-gradient":""}},"footnotes":""},"class_list":["post-16378","page","type-page","status-publish","hentry"],"_links":{"self":[{"href":"https:\/\/lapaz.bo\/agendajiwaki\/wp-json\/wp\/v2\/pages\/16378","targetHints":{"allow":["GET"]}}],"collection":[{"href":"https:\/\/lapaz.bo\/agendajiwaki\/wp-json\/wp\/v2\/pages"}],"about":[{"href":"https:\/\/lapaz.bo\/agendajiwaki\/wp-json\/wp\/v2\/types\/page"}],"author":[{"embeddable":true,"href":"https:\/\/lapaz.bo\/agendajiwaki\/wp-json\/wp\/v2\/users\/1"}],"replies":[{"embeddable":true,"href":"https:\/\/lapaz.bo\/agendajiwaki\/wp-json\/wp\/v2\/comments?post=16378"}],"version-history":[{"count":328,"href":"https:\/\/lapaz.bo\/agendajiwaki\/wp-json\/wp\/v2\/pages\/16378\/revisions"}],"predecessor-version":[{"id":29700,"href":"https:\/\/lapaz.bo\/agendajiwaki\/wp-json\/wp\/v2\/pages\/16378\/revisions\/29700"}],"wp:attachment":[{"href":"https:\/\/lapaz.bo\/agendajiwaki\/wp-json\/wp\/v2\/media?parent=16378"}],"curies":[{"name":"wp","href":"https:\/\/api.w.org\/{rel}","templated":true}]}}